{"id":1682,"date":"2021-02-25T18:38:29","date_gmt":"2021-02-25T17:38:29","guid":{"rendered":"http:\/\/www.comfor-sudoe.eu\/comfor-sudoe-activities-and-deliverables\/"},"modified":"2021-04-09T12:03:44","modified_gmt":"2021-04-09T10:03:44","slug":"comfor-sudoe-activities-and-deliverables","status":"publish","type":"page","link":"https:\/\/comfor.iefc.net\/pt-pt\/comfor-sudoe-activities-and-deliverables\/","title":{"rendered":""},"content":{"rendered":"\t\t<div data-elementor-type=\"wp-page\" data-elementor-id=\"1682\" class=\"elementor elementor-1682\">\n\t\t\t\t\t\t<section class=\"elementor-section elementor-top-section elementor-element elementor-element-51819f6 elementor-section-boxed elementor-section-height-default elementor-section-height-default\" data-id=\"51819f6\" data-element_type=\"section\" data-e-type=\"section\">\n\t\t\t\t\t\t<div class=\"elementor-container elementor-column-gap-default\">\n\t\t\t\t\t<div class=\"elementor-column elementor-col-100 elementor-top-column elementor-element elementor-element-dd1c8c5\" data-id=\"dd1c8c5\" data-element_type=\"column\" data-e-type=\"column\">\n\t\t\t<div class=\"elementor-widget-wrap elementor-element-populated\">\n\t\t\t\t\t\t<div class=\"elementor-element elementor-element-1d4b73e elementor-widget elementor-widget-heading\" data-id=\"1d4b73e\" data-element_type=\"widget\" data-e-type=\"widget\" data-widget_type=\"heading.default\">\n\t\t\t\t<div class=\"elementor-widget-container\">\n\t\t\t\t\t<h2 class=\"elementor-heading-title elementor-size-large\">Atividades e produtos<\/h2>\t\t\t\t<\/div>\n\t\t\t\t<\/div>\n\t\t\t\t\t<\/div>\n\t\t<\/div>\n\t\t\t\t\t<\/div>\n\t\t<\/section>\n\t\t\t\t<section class=\"elementor-section elementor-top-section elementor-element elementor-element-ef1521b elementor-section-boxed elementor-section-height-default elementor-section-height-default\" data-id=\"ef1521b\" data-element_type=\"section\" data-e-type=\"section\">\n\t\t\t\t\t\t<div class=\"elementor-container elementor-column-gap-default\">\n\t\t\t\t\t<div class=\"elementor-column elementor-col-50 elementor-top-column elementor-element elementor-element-45a4924\" data-id=\"45a4924\" data-element_type=\"column\" data-e-type=\"column\">\n\t\t\t<div class=\"elementor-widget-wrap elementor-element-populated\">\n\t\t\t\t\t\t<div class=\"elementor-element elementor-element-a4eda5a elementor-widget elementor-widget-image\" data-id=\"a4eda5a\" data-element_type=\"widget\" data-e-type=\"widget\" data-widget_type=\"image.default\">\n\t\t\t\t<div class=\"elementor-widget-container\">\n\t\t\t\t\t\t\t\t\t\t\t\t\t\t\t<img fetchpriority=\"high\" decoding=\"async\" width=\"1024\" height=\"683\" src=\"https:\/\/comfor.iefc.net\/wp-content\/uploads\/2021\/03\/Green-Leaf-from-Rawpixel-1024x683.jpg\" class=\"attachment-large size-large wp-image-570\" alt=\"\" srcset=\"https:\/\/comfor.iefc.net\/wp-content\/uploads\/2021\/03\/Green-Leaf-from-Rawpixel-1024x683.jpg 1024w, https:\/\/comfor.iefc.net\/wp-content\/uploads\/2021\/03\/Green-Leaf-from-Rawpixel-300x200.jpg 300w, https:\/\/comfor.iefc.net\/wp-content\/uploads\/2021\/03\/Green-Leaf-from-Rawpixel-768x512.jpg 768w, https:\/\/comfor.iefc.net\/wp-content\/uploads\/2021\/03\/Green-Leaf-from-Rawpixel-1536x1024.jpg 1536w, https:\/\/comfor.iefc.net\/wp-content\/uploads\/2021\/03\/Green-Leaf-from-Rawpixel-2048x1365.jpg 2048w, https:\/\/comfor.iefc.net\/wp-content\/uploads\/2021\/03\/Green-Leaf-from-Rawpixel-770x513.jpg 770w, https:\/\/comfor.iefc.net\/wp-content\/uploads\/2021\/03\/Green-Leaf-from-Rawpixel-370x247.jpg 370w\" sizes=\"(max-width: 1024px) 100vw, 1024px\" \/>\t\t\t\t\t\t\t\t\t\t\t\t\t\t\t<\/div>\n\t\t\t\t<\/div>\n\t\t\t\t\t<\/div>\n\t\t<\/div>\n\t\t\t\t<div class=\"elementor-column elementor-col-50 elementor-top-column elementor-element elementor-element-054ee10\" data-id=\"054ee10\" data-element_type=\"column\" data-e-type=\"column\">\n\t\t\t<div class=\"elementor-widget-wrap elementor-element-populated\">\n\t\t\t\t\t\t<div class=\"elementor-element elementor-element-22e85a2 elementor-widget elementor-widget-image\" data-id=\"22e85a2\" data-element_type=\"widget\" data-e-type=\"widget\" data-widget_type=\"image.default\">\n\t\t\t\t<div class=\"elementor-widget-container\">\n\t\t\t\t\t\t\t\t\t\t\t\t\t\t\t<img decoding=\"async\" width=\"1024\" height=\"683\" src=\"https:\/\/comfor.iefc.net\/wp-content\/uploads\/2021\/03\/Biologist-from-Pixabay-1024x683.jpg\" class=\"attachment-large size-large wp-image-592\" alt=\"Forest Analysis and Classification\" srcset=\"https:\/\/comfor.iefc.net\/wp-content\/uploads\/2021\/03\/Biologist-from-Pixabay-1024x683.jpg 1024w, https:\/\/comfor.iefc.net\/wp-content\/uploads\/2021\/03\/Biologist-from-Pixabay-300x200.jpg 300w, https:\/\/comfor.iefc.net\/wp-content\/uploads\/2021\/03\/Biologist-from-Pixabay-768x513.jpg 768w, https:\/\/comfor.iefc.net\/wp-content\/uploads\/2021\/03\/Biologist-from-Pixabay-1536x1025.jpg 1536w, https:\/\/comfor.iefc.net\/wp-content\/uploads\/2021\/03\/Biologist-from-Pixabay-2048x1367.jpg 2048w, https:\/\/comfor.iefc.net\/wp-content\/uploads\/2021\/03\/Biologist-from-Pixabay-770x514.jpg 770w, https:\/\/comfor.iefc.net\/wp-content\/uploads\/2021\/03\/Biologist-from-Pixabay-370x247.jpg 370w\" sizes=\"(max-width: 1024px) 100vw, 1024px\" \/>\t\t\t\t\t\t\t\t\t\t\t\t\t\t\t<\/div>\n\t\t\t\t<\/div>\n\t\t\t\t\t<\/div>\n\t\t<\/div>\n\t\t\t\t\t<\/div>\n\t\t<\/section>\n\t\t\t\t<section class=\"elementor-section elementor-top-section elementor-element elementor-element-739b132 elementor-section-boxed elementor-section-height-default elementor-section-height-default\" data-id=\"739b132\" data-element_type=\"section\" data-e-type=\"section\">\n\t\t\t\t\t\t<div class=\"elementor-container elementor-column-gap-default\">\n\t\t\t\t\t<div class=\"elementor-column elementor-col-100 elementor-top-column elementor-element elementor-element-84c9859\" data-id=\"84c9859\" data-element_type=\"column\" data-e-type=\"column\">\n\t\t\t<div class=\"elementor-widget-wrap elementor-element-populated\">\n\t\t\t\t\t\t<div class=\"elementor-element elementor-element-86d155e elementor-widget elementor-widget-spacer\" data-id=\"86d155e\" data-element_type=\"widget\" data-e-type=\"widget\" data-widget_type=\"spacer.default\">\n\t\t\t\t<div class=\"elementor-widget-container\">\n\t\t\t\t\t\t\t<div class=\"elementor-spacer\">\n\t\t\t<div class=\"elementor-spacer-inner\"><\/div>\n\t\t<\/div>\n\t\t\t\t\t\t<\/div>\n\t\t\t\t<\/div>\n\t\t\t\t\t<\/div>\n\t\t<\/div>\n\t\t\t\t\t<\/div>\n\t\t<\/section>\n\t\t\t\t<section class=\"elementor-section elementor-top-section elementor-element elementor-element-5cb612c elementor-section-boxed elementor-section-height-default elementor-section-height-default\" data-id=\"5cb612c\" data-element_type=\"section\" data-e-type=\"section\">\n\t\t\t\t\t\t<div class=\"elementor-container elementor-column-gap-default\">\n\t\t\t\t\t<div class=\"elementor-column elementor-col-100 elementor-top-column elementor-element elementor-element-634ff8f\" data-id=\"634ff8f\" data-element_type=\"column\" data-e-type=\"column\">\n\t\t\t<div class=\"elementor-widget-wrap elementor-element-populated\">\n\t\t\t\t\t\t<div class=\"elementor-element elementor-element-a737acd elementor-widget elementor-widget-text-editor\" data-id=\"a737acd\" data-element_type=\"widget\" data-e-type=\"widget\" data-widget_type=\"text-editor.default\">\n\t\t\t\t<div class=\"elementor-widget-container\">\n\t\t\t\t\t\t\t\t\t<h2><span style=\"color: #fcd606;\"><strong>Atividades do GT1<\/strong><\/span><\/h2><ul><li>Caracteriza\u00e7\u00e3o das florestas complexas do SUDOE atrav\u00e9s da an\u00e1lise do invent\u00e1rio florestal nacional.<\/li><li>Caracteriza\u00e7\u00e3o dos efeitos da mistura de esp\u00e9cies em florestas mistas supra-mediterr\u00e2nicas.<\/li><li>Caracteriza\u00e7\u00e3o multi-taxon de florestas complexas na \u00e1rea piloto do SUDOE Atl\u00e2ntico.<\/li><li>S\u00edntese de metodologias para a caracteriza\u00e7\u00e3o de florestas complexas a diferentes escalas.<\/li><li>Processamento de dados LIDAR.<\/li><li>Revis\u00e3o bibliogr\u00e1fica de metodologias para a caracteriza\u00e7\u00e3o da diversidade estrutural e composicional com recurso a tecnologia LiDAR.<\/li><li>Desenvolvimento de algoritmos para a utiliza\u00e7\u00e3o de LiDAR para a classifica\u00e7\u00e3o de florestas complexas.<\/li><li>Revis\u00e3o bibliogr\u00e1fica de metodologias para a integra\u00e7\u00e3o de TLS e nuvens de pontos de UAV.<\/li><li>Localiza\u00e7\u00e3o e levantamento de \u00e1reas piloto (martelosc\u00f3pios) usando t\u00e9cnicas de TLS e UAV.<\/li><li>Processamento e integra\u00e7\u00e3o de TLS e de nuvens de pontos de UAV.<\/li><li>Defini\u00e7\u00e3o da tipologia de acordo com a estrutura e diversidade das florestas complexas.<\/li><li>An\u00e1lise da rela\u00e7\u00e3o entre a estrutura e os riscos para a presta\u00e7\u00e3o de servi\u00e7os ambientais em florestas complexas.<\/li><li>An\u00e1lise de diferentes tentativas na gest\u00e3o florestal para integrar o risco de inc\u00eandio em florestas complexas.<\/li><li>Identifica\u00e7\u00e3o de par\u00e2metros de comportamento do fogo \u00fateis para o planeamento florestal em florestas complexas.<\/li><li>Justifica\u00e7\u00e3o de pr\u00e1ticas silv\u00edcolas para reduzir o risco de inc\u00eandio florestal em florestas complexas.<\/li><li>Resist\u00eancia das florestas complexas a pragas e agentes patog\u00e9nicos ex\u00f3ticos.<\/li><li>Avalia\u00e7\u00e3o da capacidade dos modelos de crescimento existentes para predizer o crescimento em florestas complexas.<\/li><li>Adapta\u00e7\u00e3o e melhoria de modelos de crescimento e simuladores florestais para simular a din\u00e2mica de misturas complexas.<\/li><li>Integra\u00e7\u00e3o dos modelos de crescimento florestal desenvolvidos e\/ou melhorados em ferramentas de simula\u00e7\u00e3o.<\/li><li>Desenvolvimento e integra\u00e7\u00e3o de um algoritmo de risco nas ferramentas de simula\u00e7\u00e3o.<\/li><\/ul>\t\t\t\t\t\t\t\t<\/div>\n\t\t\t\t<\/div>\n\t\t\t\t\t<\/div>\n\t\t<\/div>\n\t\t\t\t\t<\/div>\n\t\t<\/section>\n\t\t\t\t<section class=\"elementor-section elementor-top-section elementor-element elementor-element-5b2f8e7 elementor-section-boxed elementor-section-height-default elementor-section-height-default\" data-id=\"5b2f8e7\" data-element_type=\"section\" data-e-type=\"section\">\n\t\t\t\t\t\t<div class=\"elementor-container elementor-column-gap-default\">\n\t\t\t\t\t<div class=\"elementor-column elementor-col-100 elementor-top-column elementor-element elementor-element-ab5a5be\" data-id=\"ab5a5be\" data-element_type=\"column\" data-e-type=\"column\">\n\t\t\t<div class=\"elementor-widget-wrap elementor-element-populated\">\n\t\t\t\t\t\t<div class=\"elementor-element elementor-element-6849a84 elementor-widget elementor-widget-text-editor\" data-id=\"6849a84\" data-element_type=\"widget\" data-e-type=\"widget\" data-widget_type=\"text-editor.default\">\n\t\t\t\t<div class=\"elementor-widget-container\">\n\t\t\t\t\t\t\t\t\t<h2><span style=\"color: #fcd606;\"><strong>Atividades do GT2<\/strong><\/span><\/h2><ul><li>An\u00e1lise de base para a valoriza\u00e7\u00e3o de florestas complexas e n\u00e3o complexas e para a contabiliza\u00e7\u00e3o dos seus servi\u00e7os de ecossistema no SUDOE.<\/li><li>Identifica\u00e7\u00e3o de t\u00e9cnicas de avalia\u00e7\u00e3o do capital natural em florestas complexas e n\u00e3o-complexas no SUDOE.<\/li><li>Revis\u00e3o bibliogr\u00e1fica de metodologias para avaliar o significado e a perce\u00e7\u00e3o da sociedade relativamente \u00e0s florestas complexas.<\/li><li>Laborat\u00f3rios de aprendizagem nas \u00e1reas piloto do SUDOE. Liga\u00e7\u00e3o de grupos sociais a florestas complexas.<\/li><li>Triangula\u00e7\u00e3o e evento de s\u00edntese sobre o significado social das florestas complexas no SUDOE.<\/li><li>Integra\u00e7\u00e3o da informa\u00e7\u00e3o num sistema de contabilidade do capital natural (SNA).<\/li><li><span style=\"color: #fcd606;\"><span style=\"color: #1d1d1b;\">A\u00e7\u00f5es de forma\u00e7\u00e3o em contabiliza\u00e7\u00e3o do capital natural para agentes p\u00fablicos e privados. Transfer\u00eancia de conhecimentos.<\/span><strong><br \/><\/strong><\/span><\/li><\/ul>\t\t\t\t\t\t\t\t<\/div>\n\t\t\t\t<\/div>\n\t\t\t\t\t<\/div>\n\t\t<\/div>\n\t\t\t\t\t<\/div>\n\t\t<\/section>\n\t\t\t\t<section class=\"elementor-section elementor-top-section elementor-element elementor-element-e0b091b elementor-section-boxed elementor-section-height-default elementor-section-height-default\" data-id=\"e0b091b\" data-element_type=\"section\" data-e-type=\"section\">\n\t\t\t\t\t\t<div class=\"elementor-container elementor-column-gap-default\">\n\t\t\t\t\t<div class=\"elementor-column elementor-col-100 elementor-top-column elementor-element elementor-element-81be744\" data-id=\"81be744\" data-element_type=\"column\" data-e-type=\"column\">\n\t\t\t<div class=\"elementor-widget-wrap elementor-element-populated\">\n\t\t\t\t\t\t<div class=\"elementor-element elementor-element-cb6d29d elementor-widget elementor-widget-text-editor\" data-id=\"cb6d29d\" data-element_type=\"widget\" data-e-type=\"widget\" data-widget_type=\"text-editor.default\">\n\t\t\t\t<div class=\"elementor-widget-container\">\n\t\t\t\t\t\t\t\t\t<h2><span style=\"color: #fcd606;\"><strong>Actividaes do GT3<\/strong><\/span><\/h2><ul><li>Cria\u00e7\u00e3o da base de dados de florestas complexas e planta\u00e7\u00f5es mistas do SUDOE.<\/li><li>Conce\u00e7\u00e3o e desenvolvimento web da rede experimental COMFOR-SUDOE.<\/li><li>An\u00e1lise e descri\u00e7\u00e3o dos efeitos da gest\u00e3o na presta\u00e7\u00e3o de servi\u00e7os do ecossistema nas florestas complexas do SUDOE.<\/li><li>Caracteriza\u00e7\u00e3o das propriedades f\u00edsico-qu\u00edmicas dos solos de florestas complexas sob diferentes tratamentos de gest\u00e3o.<\/li><li>Integra\u00e7\u00e3o da experi\u00eancia dos gestores e propriet\u00e1rios de planta\u00e7\u00f5es mistas.<\/li><li>Cria\u00e7\u00e3o de um manual para o estabelecimento de planta\u00e7\u00f5es de esp\u00e9cies mistas no SUDOE.<\/li><li>Cria\u00e7\u00e3o de s\u00edtios-piloto para a diversifica\u00e7\u00e3o da estrutura e composi\u00e7\u00e3o para fins de conserva\u00e7\u00e3o e produ\u00e7\u00e3o.<\/li><li>Evento de s\u00edntese dos resultados dos s\u00edtios-piloto para a diversifica\u00e7\u00e3o da estrutura e composi\u00e7\u00e3o das florestas no SUDOE.<\/li><li>Instala\u00e7\u00e3o de dois martelosc\u00f3pios em floretas complexas.<\/li><li>Desenvolvimento de uma aplica\u00e7\u00e3o m\u00f3vel para apoiar a tomada de decis\u00f5es em florestas complexas.<\/li><\/ul>\t\t\t\t\t\t\t\t<\/div>\n\t\t\t\t<\/div>\n\t\t\t\t\t<\/div>\n\t\t<\/div>\n\t\t\t\t\t<\/div>\n\t\t<\/section>\n\t\t\t\t<section class=\"elementor-section elementor-top-section elementor-element elementor-element-7f88fbf elementor-section-boxed elementor-section-height-default elementor-section-height-default\" data-id=\"7f88fbf\" data-element_type=\"section\" data-e-type=\"section\">\n\t\t\t\t\t\t<div class=\"elementor-container elementor-column-gap-default\">\n\t\t\t\t\t<div class=\"elementor-column elementor-col-100 elementor-top-column elementor-element elementor-element-1e805c1\" data-id=\"1e805c1\" data-element_type=\"column\" data-e-type=\"column\">\n\t\t\t<div class=\"elementor-widget-wrap elementor-element-populated\">\n\t\t\t\t\t\t<div class=\"elementor-element elementor-element-a8dd5d9 elementor-widget elementor-widget-text-editor\" data-id=\"a8dd5d9\" data-element_type=\"widget\" data-e-type=\"widget\" data-widget_type=\"text-editor.default\">\n\t\t\t\t<div class=\"elementor-widget-container\">\n\t\t\t\t\t\t\t\t\t<h2><span style=\"color: #fcd606;\"><strong>Actividades do GT4<\/strong><\/span><\/h2><ul><li>Evento de debate para criar a plataforma de especializa\u00e7\u00e3o inteligente nas florestas complexas do SUDOE.<\/li><li>Cria\u00e7\u00e3o do grupo de trabalho das organiza\u00e7\u00f5es envolvidas na avalia\u00e7\u00e3o do capital natural dos ecossistemas florestais.<\/li><li>Evento de transfer\u00eancia de conhecimentos sobre a avalia\u00e7\u00e3o dos servi\u00e7os ambientais nos ecossistemas florestais complexos.<\/li><li>Interdepend\u00eancia social, ecol\u00f3gica e econ\u00f3mica dos servi\u00e7os ambientais em florestas complexas.<\/li><li>S\u00edntese de uma estrat\u00e9gia inteligente de especializa\u00e7\u00e3o para a gest\u00e3o e conserva\u00e7\u00e3o das florestas complexas do SUDOE.<\/li><\/ul><h2><span style=\"color: #fcd606;\"><strong>\u00a0<\/strong><\/span><\/h2>\t\t\t\t\t\t\t\t<\/div>\n\t\t\t\t<\/div>\n\t\t\t\t\t<\/div>\n\t\t<\/div>\n\t\t\t\t\t<\/div>\n\t\t<\/section>\n\t\t\t\t<section class=\"elementor-section elementor-top-section elementor-element elementor-element-bb6d500 elementor-section-boxed elementor-section-height-default elementor-section-height-default\" data-id=\"bb6d500\" data-element_type=\"section\" data-e-type=\"section\">\n\t\t\t\t\t\t<div class=\"elementor-container elementor-column-gap-default\">\n\t\t\t\t\t<div class=\"elementor-column elementor-col-100 elementor-top-column elementor-element elementor-element-d167a53\" data-id=\"d167a53\" data-element_type=\"column\" data-e-type=\"column\">\n\t\t\t<div class=\"elementor-widget-wrap elementor-element-populated\">\n\t\t\t\t\t\t<div class=\"elementor-element elementor-element-1d37d84 elementor-widget-divider--separator-type-pattern elementor-widget-divider--no-spacing elementor-widget-divider--view-line elementor-widget elementor-widget-divider\" data-id=\"1d37d84\" data-element_type=\"widget\" data-e-type=\"widget\" data-widget_type=\"divider.default\">\n\t\t\t\t<div class=\"elementor-widget-container\">\n\t\t\t\t\t\t\t<div class=\"elementor-divider\" style=\"--divider-pattern-url: url(&quot;data:image\/svg+xml,%3Csvg xmlns=&#039;http:\/\/www.w3.org\/2000\/svg&#039; preserveAspectRatio=&#039;xMidYMid meet&#039; overflow=&#039;visible&#039; height=&#039;100%&#039; viewBox=&#039;0 0 117 26&#039; fill=&#039;black&#039; stroke=&#039;none&#039;%3E%3Cpath d=&#039;M3,1.5C5,4.9,6,8.8,6,13s-1.7,8.1-5,11.5C0.3,21.1,0,17.2,0,13S1,4.9,3,1.5z M16,1.5c2,3.4,3,7.3,3,11.5s-1,8.1-3,11.5c-2-4.1-3-8.3-3-12.5S14,4.3,16,1.5z M29,1.5c2,4.8,3,9.3,3,13.5s-1,7.4-3,9.5c-2-3.4-3-7.3-3-11.5S27,4.9,29,1.5z M41.1,1.5C43.7,4.9,45,8.8,45,13s-1,8.1-3,11.5c-2-3.4-3-7.3-3-11.5S39.7,4.9,41.1,1.5zM55,1.5c2,2.8,3,6.3,3,10.5s-1.3,8.4-4,12.5c-1.3-3.4-2-7.3-2-11.5S53,4.9,55,1.5z M68,1.5c2,3.4,3,7.3,3,11.5s-0.7,8.1-2,11.5c-2.7-4.8-4-9.3-4-13.5S66,3.6,68,1.5z M82,1.5c1.3,4.8,2,9.3,2,13.5s-1,7.4-3,9.5c-2-3.4-3-7.3-3-11.5S79.3,4.9,82,1.5z M94,1.5c2,3.4,3,7.3,3,11.5s-1.3,8.1-4,11.5c-1.3-1.4-2-4.3-2-8.5S92,6.9,94,1.5z M107,1.5c2,2.1,3,5.3,3,9.5s-0.7,8.7-2,13.5c-2.7-3.4-4-7.3-4-11.5S105,4.9,107,1.5z&#039;\/%3E%3C\/svg%3E&quot;);\">\n\t\t\t<span class=\"elementor-divider-separator\">\n\t\t\t\t\t\t<\/span>\n\t\t<\/div>\n\t\t\t\t\t\t<\/div>\n\t\t\t\t<\/div>\n\t\t\t\t\t<\/div>\n\t\t<\/div>\n\t\t\t\t\t<\/div>\n\t\t<\/section>\n\t\t\t\t<section class=\"elementor-section elementor-top-section elementor-element elementor-element-3d6e775 elementor-section-boxed elementor-section-height-default elementor-section-height-default\" data-id=\"3d6e775\" data-element_type=\"section\" data-e-type=\"section\">\n\t\t\t\t\t\t<div class=\"elementor-container elementor-column-gap-default\">\n\t\t\t\t\t<div class=\"elementor-column elementor-col-100 elementor-top-column elementor-element elementor-element-94ec782\" data-id=\"94ec782\" data-element_type=\"column\" data-e-type=\"column\">\n\t\t\t<div class=\"elementor-widget-wrap elementor-element-populated\">\n\t\t\t\t\t\t<div class=\"elementor-element elementor-element-d3c00d0 elementor-widget elementor-widget-text-editor\" data-id=\"d3c00d0\" data-element_type=\"widget\" data-e-type=\"widget\" data-widget_type=\"text-editor.default\">\n\t\t\t\t<div class=\"elementor-widget-container\">\n\t\t\t\t\t\t\t\t\t<p>Cr\u00e9ditos: imagens de Raxpixel.<\/p>\t\t\t\t\t\t\t\t<\/div>\n\t\t\t\t<\/div>\n\t\t\t\t\t<\/div>\n\t\t<\/div>\n\t\t\t\t\t<\/div>\n\t\t<\/section>\n\t\t\t\t<\/div>\n\t\t","protected":false},"excerpt":{"rendered":"<p>Atividades e produtos Atividades do GT1 Caracteriza\u00e7\u00e3o das florestas complexas do SUDOE atrav\u00e9s da an\u00e1lise do invent\u00e1rio florestal nacional. Caracteriza\u00e7\u00e3o dos efeitos da mistura de esp\u00e9cies em florestas mistas supra-mediterr\u00e2nicas. [&hellip;]<\/p>\n","protected":false},"author":3,"featured_media":0,"parent":0,"menu_order":0,"comment_status":"closed","ping_status":"closed","template":"","meta":{"site-sidebar-layout":"default","site-content-layout":"default","ast-site-content-layout":"","site-content-style":"default","site-sidebar-style":"default","ast-global-header-display":"","ast-banner-title-visibility":"","ast-main-header-display":"","ast-hfb-above-header-display":"","ast-hfb-below-header-display":"","ast-hfb-mobile-header-display":"","site-post-title":"","ast-breadcrumbs-content":"","ast-featured-img":"","footer-sml-layout":"","theme-transparent-header-meta":"default","adv-header-id-meta":"","stick-header-meta":"","header-above-stick-meta":"","header-main-stick-meta":"","header-below-stick-meta":"","astra-migrate-meta-layouts":"default","ast-page-background-enabled":"default","ast-page-background-meta":{"desktop":{"background-color":"var(--ast-global-color-4)","background-image":"","background-repeat":"repeat","background-position":"center center","background-size":"auto","background-attachment":"scroll","background-type":"","background-media":"","overlay-type":"","overlay-color":"","overlay-gradient":""},"tablet":{"background-color":"","background-image":"","background-repeat":"repeat","background-position":"center center","background-size":"auto","background-attachment":"scroll","background-type":"","background-media":"","overlay-type":"","overlay-color":"","overlay-gradient":""},"mobile":{"background-color":"","background-image":"","background-repeat":"repeat","background-position":"center center","background-size":"auto","background-attachment":"scroll","background-type":"","background-media":"","overlay-type":"","overlay-color":"","overlay-gradient":""}},"ast-content-background-meta":{"desktop":{"background-color":"var(--ast-global-color-5)","background-image":"","background-repeat":"repeat","background-position":"center center","background-size":"auto","background-attachment":"scroll","background-type":"","background-media":"","overlay-type":"","overlay-color":"","overlay-gradient":""},"tablet":{"background-color":"var(--ast-global-color-5)","background-image":"","background-repeat":"repeat","background-position":"center center","background-size":"auto","background-attachment":"scroll","background-type":"","background-media":"","overlay-type":"","overlay-color":"","overlay-gradient":""},"mobile":{"background-color":"var(--ast-global-color-5)","background-image":"","background-repeat":"repeat","background-position":"center center","background-size":"auto","background-attachment":"scroll","background-type":"","background-media":"","overlay-type":"","overlay-color":"","overlay-gradient":""}},"footnotes":""},"class_list":["post-1682","page","type-page","status-publish","hentry"],"_links":{"self":[{"href":"https:\/\/comfor.iefc.net\/pt-pt\/wp-json\/wp\/v2\/pages\/1682","targetHints":{"allow":["GET"]}}],"collection":[{"href":"https:\/\/comfor.iefc.net\/pt-pt\/wp-json\/wp\/v2\/pages"}],"about":[{"href":"https:\/\/comfor.iefc.net\/pt-pt\/wp-json\/wp\/v2\/types\/page"}],"author":[{"embeddable":true,"href":"https:\/\/comfor.iefc.net\/pt-pt\/wp-json\/wp\/v2\/users\/3"}],"replies":[{"embeddable":true,"href":"https:\/\/comfor.iefc.net\/pt-pt\/wp-json\/wp\/v2\/comments?post=1682"}],"version-history":[{"count":20,"href":"https:\/\/comfor.iefc.net\/pt-pt\/wp-json\/wp\/v2\/pages\/1682\/revisions"}],"predecessor-version":[{"id":1702,"href":"https:\/\/comfor.iefc.net\/pt-pt\/wp-json\/wp\/v2\/pages\/1682\/revisions\/1702"}],"wp:attachment":[{"href":"https:\/\/comfor.iefc.net\/pt-pt\/wp-json\/wp\/v2\/media?parent=1682"}],"curies":[{"name":"wp","href":"https:\/\/api.w.org\/{rel}","templated":true}]}}