{"id":1222,"date":"2021-03-04T14:22:05","date_gmt":"2021-03-04T13:22:05","guid":{"rendered":"http:\/\/www.comfor-sudoe.eu\/scientific-publications\/"},"modified":"2023-03-10T10:05:17","modified_gmt":"2023-03-10T09:05:17","slug":"relevant-publications","status":"publish","type":"page","link":"https:\/\/comfor.iefc.net\/pt-pt\/relevant-publications\/","title":{"rendered":""},"content":{"rendered":"\t\t<div data-elementor-type=\"wp-page\" data-elementor-id=\"1222\" class=\"elementor elementor-1222\">\n\t\t\t\t\t\t<section class=\"elementor-section elementor-top-section elementor-element elementor-element-74df4e8 elementor-section-boxed elementor-section-height-default elementor-section-height-default\" data-id=\"74df4e8\" data-element_type=\"section\" data-e-type=\"section\">\n\t\t\t\t\t\t<div class=\"elementor-container elementor-column-gap-default\">\n\t\t\t\t\t<div class=\"elementor-column elementor-col-100 elementor-top-column elementor-element elementor-element-b90fac4\" data-id=\"b90fac4\" data-element_type=\"column\" data-e-type=\"column\">\n\t\t\t<div class=\"elementor-widget-wrap elementor-element-populated\">\n\t\t\t\t\t\t<div class=\"elementor-element elementor-element-8ea3dbe elementor-widget elementor-widget-heading\" data-id=\"8ea3dbe\" data-element_type=\"widget\" data-e-type=\"widget\" data-widget_type=\"heading.default\">\n\t\t\t\t<div class=\"elementor-widget-container\">\n\t\t\t\t\t<h2 class=\"elementor-heading-title elementor-size-xxl\">Publica\u00e7\u00f5es Relevantes<\/h2>\t\t\t\t<\/div>\n\t\t\t\t<\/div>\n\t\t\t\t\t<\/div>\n\t\t<\/div>\n\t\t\t\t\t<\/div>\n\t\t<\/section>\n\t\t\t\t<section class=\"elementor-section elementor-top-section elementor-element elementor-element-c2cafe0 elementor-section-boxed elementor-section-height-default elementor-section-height-default\" data-id=\"c2cafe0\" data-element_type=\"section\" data-e-type=\"section\">\n\t\t\t\t\t\t<div class=\"elementor-container elementor-column-gap-default\">\n\t\t\t\t\t<div class=\"elementor-column elementor-col-100 elementor-top-column elementor-element elementor-element-edcea6f\" data-id=\"edcea6f\" data-element_type=\"column\" data-e-type=\"column\">\n\t\t\t<div class=\"elementor-widget-wrap elementor-element-populated\">\n\t\t\t\t\t\t<div class=\"elementor-element elementor-element-2b5c0bf elementor-widget elementor-widget-spacer\" data-id=\"2b5c0bf\" data-element_type=\"widget\" data-e-type=\"widget\" data-widget_type=\"spacer.default\">\n\t\t\t\t<div class=\"elementor-widget-container\">\n\t\t\t\t\t\t\t<div class=\"elementor-spacer\">\n\t\t\t<div class=\"elementor-spacer-inner\"><\/div>\n\t\t<\/div>\n\t\t\t\t\t\t<\/div>\n\t\t\t\t<\/div>\n\t\t\t\t\t<\/div>\n\t\t<\/div>\n\t\t\t\t\t<\/div>\n\t\t<\/section>\n\t\t\t\t<section class=\"elementor-section elementor-top-section elementor-element elementor-element-0c02fe7 elementor-section-boxed elementor-section-height-default elementor-section-height-default\" data-id=\"0c02fe7\" data-element_type=\"section\" data-e-type=\"section\">\n\t\t\t\t\t\t<div class=\"elementor-container elementor-column-gap-default\">\n\t\t\t\t\t<div class=\"elementor-column elementor-col-100 elementor-top-column elementor-element elementor-element-5c1d720\" data-id=\"5c1d720\" data-element_type=\"column\" data-e-type=\"column\">\n\t\t\t<div class=\"elementor-widget-wrap elementor-element-populated\">\n\t\t\t\t\t\t<div class=\"elementor-element elementor-element-11fbc23 elementor-widget elementor-widget-text-editor\" data-id=\"11fbc23\" data-element_type=\"widget\" data-e-type=\"widget\" data-widget_type=\"text-editor.default\">\n\t\t\t\t<div class=\"elementor-widget-container\">\n\t\t\t\t\t\t\t\t\t<h2 class=\"has-text-color has-huge-font-size\"><span style=\"color: #fcd606;\"><strong>2023 <\/strong><\/span><\/h2>\n<h6><a href=\"https:\/\/www.mdpi.com\/2072-4292\/15\/5\/1169\">Assessing the performance of a handheld laser scanning system for individual tree mapping. A mixed forests showcase in Spain<\/a><br \/>Manuscript ID: remotesensing-2201551 Type of manuscript: Article<br \/>Authors: Frederico Tupinamb\u00e1-Sim\u00f5es, Adri\u00e1n Pascual, Juan Guerra-Hern\u00e1ndez, Crist\u00f3bal Alonso, Tiago de Conto, Felipe Bravo<br \/>Received: 19 January 2023<br \/>Journal: Remote Sensing<br \/>Submitted to section: Forest Remote Sensing<br \/>Received: 19 January 2023<\/h6>\n<h2 class=\"has-text-color has-huge-font-size\"><span style=\"color: #fcd606;\"><strong>2022<br \/><\/strong><\/span><\/h2>\n<p>Diego Rodriguez de Prado, Aitor V\u00e1zquez Veloso, Yun Fan Quian, Irene Ruano, Felipe Bravo &amp; Celia Herrero de Aza. <a href=\"https:\/\/www.researchgate.net\/publication\/364342324_Can_mixed_forests_sequester_more_CO2_than_pure_forests_in_future_climate_scenarios_A_case_study_of_Pinus_sylvestris_combinations_in_Spain\" target=\"_blank\" rel=\"noopener\">Can mixed forests sequester more CO2 than pure forests in future climate scenarios? A case study of Pinus sylvestris combinations in Spain.<\/a><\/p>\n<p><span id=\"page17R_mcid0\" class=\"markedContent\"><span dir=\"ltr\" role=\"presentation\">Autor Principal:<\/span><\/span> M.\u00aa Sof\u00eda Koehn. <span id=\"page17R_mcid1\" class=\"markedContent\"><span dir=\"ltr\" role=\"presentation\">Outro Autor: <\/span><\/span>Sofia Zerbarini (Ecoacsa); Julen Gonz\u00e1lez Red\u00edn (Ecoacsa); David \u00c1lvarez<br \/>(Ecoacsa); Ricardo Fern\u00e1ndez Redondo (Ecoacsa); M.\u00aa Paz Ferrer Calvo (Ecoacsa). <a href=\"http:\/\/www.conama11.vsf.es\/conama10\/download\/files\/conama2022\/CT%202022\/10008095.pdf\" target=\"_blank\" rel=\"noopener\">Valoraci\u00f3n econ\u00f3mica de servicios ecosist\u00e9micos en bosques complejos del Sudoe<\/a><\/p>\n<p>Disentangling the relationship between tree biomass yield and tree diversity in mediterranean mixed forests<br \/>Felipe Bravo; Ana Mart\u00edn-Ariza; Narangarav Dugarsuren; Crist\u00f3bal Ord\u00f3\u00f1ez<br \/>Forests, Volume 12, Issue 7July 2021, Article number 848<br \/>ISSN 19994907<br \/>DOI 10.3390\/f12070848<\/p>\n<p>Effect of density on Mediterranean pine seedlings using the Nelder wheel design: analysis of biomass production<br \/>Irene Ruano, Celia Herrero de Aza, Felipe Bravo<br \/>Forestry: An International Journal of Forest Research, Volume 95, Issue 5, December 2022, Pages 711\u2013726, <a class=\"moz-txt-link-freetext\" href=\"https:\/\/doi.org\/10.1093\/forestry\/cpac024\">https:\/\/doi.org\/10.1093\/forestry\/cpac024<\/a><br \/>Published: 25 July 2022<\/p>\n<p>Effect of density on Mediterranean pine seedlings using the Nelder wheel design: analysis of survival and early growth<br \/>Irene Ruano, Valent\u00edn Pando, Felipe Bravo<br \/>Forestry: An International Journal of Forest Research, Volume 95, Issue 5, December 2022, Pages 727\u2013739, <a class=\"moz-txt-link-freetext\" href=\"https:\/\/doi.org\/10.1093\/forestry\/cpac025\">https:\/\/doi.org\/10.1093\/forestry\/cpac025<\/a><br \/>Published: 23 July 2022<\/p>\n<h2 class=\"has-text-color has-huge-font-size\"><span style=\"color: #fcd606;\"><strong>2021<br \/><\/strong><\/span><\/h2>\n<p>Maude Toigo, Bastien Castagneyrol, Herve Jactel, Xavier Morin, Celine Meredieu. Effects of tree mixture on forest productivity: tree species addition versus substitution. European Journal of Forest Research (2021) https:\/\/doi.org\/10.1007\/s10342-021-01432-6<\/p>\n<p><br \/>M. Pardos, M. del R\u00edo, H. Pretzsch, H. Jactel, K. Bielak, F. Bravo, G. Brazaitis, E. Defossez, M. Engel, K. Godvod, K. Jacobs, L. Jansone, A. Jansons, X. Morin, A. Nothdurft, L. Oreti, Q. Ponette, M. Pach, J. Riofr\u00edo, R. Ru\u00edz-Peinado, A. Tomao, E. Uhl, R. Calama, The greater resilience of mixed .forests to drought mainly depends on their composition: Analysis along a climate gradient across Europe, Forest Ecology and Management, Volume 481, 2021, 118687, ISSN 0378-1127, <a href=\"https:\/\/doi.org\/10.1016\/j.foreco.2020.118687\">https:\/\/doi.org\/10.1016\/j.foreco.2020.118687<\/a>. (also available on <a href=\"https:\/\/www.sciencedirect.com\/science\/article\/pii\/S0378112720314560\">https:\/\/www.sciencedirect.com\/science\/article\/pii\/S0378112720314560<\/a>).<\/p>\t\t\t\t\t\t\t\t<\/div>\n\t\t\t\t<\/div>\n\t\t\t\t\t<\/div>\n\t\t<\/div>\n\t\t\t\t\t<\/div>\n\t\t<\/section>\n\t\t\t\t<section class=\"elementor-section elementor-top-section elementor-element elementor-element-7d7cd96 elementor-section-boxed elementor-section-height-default elementor-section-height-default\" data-id=\"7d7cd96\" data-element_type=\"section\" data-e-type=\"section\">\n\t\t\t\t\t\t<div class=\"elementor-container elementor-column-gap-default\">\n\t\t\t\t\t<div class=\"elementor-column elementor-col-100 elementor-top-column elementor-element elementor-element-ec5ba6a\" data-id=\"ec5ba6a\" data-element_type=\"column\" data-e-type=\"column\">\n\t\t\t<div class=\"elementor-widget-wrap elementor-element-populated\">\n\t\t\t\t\t\t<div class=\"elementor-element elementor-element-133f43b elementor-widget elementor-widget-text-editor\" data-id=\"133f43b\" data-element_type=\"widget\" data-e-type=\"widget\" data-widget_type=\"text-editor.default\">\n\t\t\t\t<div class=\"elementor-widget-container\">\n\t\t\t\t\t\t\t\t\t<h2 class=\"has-text-color has-huge-font-size\"><span style=\"color: #fcd606;\"><strong>2018<\/strong><\/span><\/h2>\n<p>Llu\u00eds Coll, Aitor Ameztegui, Catherine Collet, Magnus L\u00f6f, Bill Mason, Maciej Pach, Kris Verheyen, Ioan Abrudan, Anna Barbati, Susana Barreiro, Kamil Bielak, Andr\u00e9s Bravo-Oviedo, Barbara Ferrari, Zoran Govedar, Jiri Kulhavy, Dagnija Lazdina, Marek Metslaid, Frits Mohren, M\u00e1rio Pereira, Sanja Peric, Ervin Rasztovits, Ian Short, Peter Spathelf, Hubert Sterba, Dejan Stojanovic, Lauri Valsta, Tzvetan Zlatanov, Quentin Ponette. Knowledge gaps about mixed forests: What do European forest managers want to know and what answers can science provide? Forest Ecology and Management, Volume 407, 2018, Pages 106-115, ISSN 0378-1127, <a href=\"https:\/\/doi.org\/10.1016\/j.foreco.2017.10.055\">https:\/\/doi.org\/10.1016\/j.foreco.2017.10.055<\/a>. (also available on <a href=\"https:\/\/www.sciencedirect.com\/science\/article\/pii\/S0378112717309866\">https:\/\/www.sciencedirect.com\/science\/article\/pii\/S0378112717309866<\/a>).<\/p>\n<p>A. Bravo-Oviedo et al. (eds.), Dynamics, Silviculture and Management of MixedForests. Managing Forest Ecosystems 31, <a href=\"https:\/\/doi.org\/10.1007\/978-3-319-91953-9\">https:\/\/doi.org\/10.1007\/978-3-319-91953-9<\/a><\/p>\t\t\t\t\t\t\t\t<\/div>\n\t\t\t\t<\/div>\n\t\t\t\t\t<\/div>\n\t\t<\/div>\n\t\t\t\t\t<\/div>\n\t\t<\/section>\n\t\t\t\t<section class=\"elementor-section elementor-top-section elementor-element elementor-element-2d283a7 elementor-section-boxed elementor-section-height-default elementor-section-height-default\" data-id=\"2d283a7\" data-element_type=\"section\" data-e-type=\"section\">\n\t\t\t\t\t\t<div class=\"elementor-container elementor-column-gap-default\">\n\t\t\t\t\t<div class=\"elementor-column elementor-col-100 elementor-top-column elementor-element elementor-element-6605235\" data-id=\"6605235\" data-element_type=\"column\" data-e-type=\"column\">\n\t\t\t<div class=\"elementor-widget-wrap elementor-element-populated\">\n\t\t\t\t\t\t<div class=\"elementor-element elementor-element-6ef35ed elementor-widget elementor-widget-text-editor\" data-id=\"6ef35ed\" data-element_type=\"widget\" data-e-type=\"widget\" data-widget_type=\"text-editor.default\">\n\t\t\t\t<div class=\"elementor-widget-container\">\n\t\t\t\t\t\t\t\t\t<h2 class=\"has-text-color has-huge-font-size\"><span style=\"color: #fcd606;\"><strong>2014<\/strong><\/span><\/h2>\n<p>Bravo-Oviedo, Andres et al. European Mixed Forests: definition and research perspectives. Forest Systems, [S.l.], v. 23, n. 3, p. 518-533, dec. 2014. ISSN 2171-9845, <a href=\"http:\/\/dx.doi.org\/10.5424\/fs\/2014233-06256.\">http:\/\/dx.doi.org\/10.5424\/fs\/2014233-06256.<\/a><\/p>\n<p><!-- \/wp:paragraph --><\/p>\n<p><!-- wp:paragraph --><\/p>\t\t\t\t\t\t\t\t<\/div>\n\t\t\t\t<\/div>\n\t\t\t\t\t<\/div>\n\t\t<\/div>\n\t\t\t\t\t<\/div>\n\t\t<\/section>\n\t\t\t\t<section class=\"elementor-section elementor-top-section elementor-element elementor-element-eabbd00 elementor-section-boxed elementor-section-height-default elementor-section-height-default\" data-id=\"eabbd00\" data-element_type=\"section\" data-e-type=\"section\">\n\t\t\t\t\t\t<div class=\"elementor-container elementor-column-gap-default\">\n\t\t\t\t\t<div class=\"elementor-column elementor-col-100 elementor-top-column elementor-element elementor-element-74d62db\" data-id=\"74d62db\" data-element_type=\"column\" data-e-type=\"column\">\n\t\t\t<div class=\"elementor-widget-wrap elementor-element-populated\">\n\t\t\t\t\t\t<div class=\"elementor-element elementor-element-8d687b4 elementor-widget-divider--separator-type-pattern elementor-widget-divider--no-spacing elementor-widget-divider--view-line elementor-widget elementor-widget-divider\" data-id=\"8d687b4\" data-element_type=\"widget\" data-e-type=\"widget\" data-widget_type=\"divider.default\">\n\t\t\t\t<div class=\"elementor-widget-container\">\n\t\t\t\t\t\t\t<div class=\"elementor-divider\" style=\"--divider-pattern-url: url(&quot;data:image\/svg+xml,%3Csvg xmlns=&#039;http:\/\/www.w3.org\/2000\/svg&#039; preserveAspectRatio=&#039;xMidYMid meet&#039; overflow=&#039;visible&#039; height=&#039;100%&#039; viewBox=&#039;0 0 117 26&#039; fill=&#039;black&#039; stroke=&#039;none&#039;%3E%3Cpath d=&#039;M3,1.5C5,4.9,6,8.8,6,13s-1.7,8.1-5,11.5C0.3,21.1,0,17.2,0,13S1,4.9,3,1.5z M16,1.5c2,3.4,3,7.3,3,11.5s-1,8.1-3,11.5c-2-4.1-3-8.3-3-12.5S14,4.3,16,1.5z M29,1.5c2,4.8,3,9.3,3,13.5s-1,7.4-3,9.5c-2-3.4-3-7.3-3-11.5S27,4.9,29,1.5z M41.1,1.5C43.7,4.9,45,8.8,45,13s-1,8.1-3,11.5c-2-3.4-3-7.3-3-11.5S39.7,4.9,41.1,1.5zM55,1.5c2,2.8,3,6.3,3,10.5s-1.3,8.4-4,12.5c-1.3-3.4-2-7.3-2-11.5S53,4.9,55,1.5z M68,1.5c2,3.4,3,7.3,3,11.5s-0.7,8.1-2,11.5c-2.7-4.8-4-9.3-4-13.5S66,3.6,68,1.5z M82,1.5c1.3,4.8,2,9.3,2,13.5s-1,7.4-3,9.5c-2-3.4-3-7.3-3-11.5S79.3,4.9,82,1.5z M94,1.5c2,3.4,3,7.3,3,11.5s-1.3,8.1-4,11.5c-1.3-1.4-2-4.3-2-8.5S92,6.9,94,1.5z M107,1.5c2,2.1,3,5.3,3,9.5s-0.7,8.7-2,13.5c-2.7-3.4-4-7.3-4-11.5S105,4.9,107,1.5z&#039;\/%3E%3C\/svg%3E&quot;);\">\n\t\t\t<span class=\"elementor-divider-separator\">\n\t\t\t\t\t\t<\/span>\n\t\t<\/div>\n\t\t\t\t\t\t<\/div>\n\t\t\t\t<\/div>\n\t\t\t\t\t<\/div>\n\t\t<\/div>\n\t\t\t\t\t<\/div>\n\t\t<\/section>\n\t\t\t\t<section class=\"elementor-section elementor-top-section elementor-element elementor-element-c225f91 elementor-section-boxed elementor-section-height-default elementor-section-height-default\" data-id=\"c225f91\" data-element_type=\"section\" data-e-type=\"section\">\n\t\t\t\t\t\t<div class=\"elementor-container elementor-column-gap-default\">\n\t\t\t\t\t<div class=\"elementor-column elementor-col-100 elementor-top-column elementor-element elementor-element-e5e421c\" data-id=\"e5e421c\" data-element_type=\"column\" data-e-type=\"column\">\n\t\t\t<div class=\"elementor-widget-wrap elementor-element-populated\">\n\t\t\t\t\t\t<div class=\"elementor-element elementor-element-920c214 elementor-widget elementor-widget-text-editor\" data-id=\"920c214\" data-element_type=\"widget\" data-e-type=\"widget\" data-widget_type=\"text-editor.default\">\n\t\t\t\t<div class=\"elementor-widget-container\">\n\t\t\t\t\t\t\t\t\t<p>Cr\u00e9ditos: imagens por Tomasz Proszek de Pixabay<\/p>\n<p>\u00a0<\/p>\t\t\t\t\t\t\t\t<\/div>\n\t\t\t\t<\/div>\n\t\t\t\t\t<\/div>\n\t\t<\/div>\n\t\t\t\t\t<\/div>\n\t\t<\/section>\n\t\t\t\t<\/div>\n\t\t","protected":false},"excerpt":{"rendered":"<p>Publica\u00e7\u00f5es Relevantes 2023 Assessing the performance of a handheld laser scanning system for individual tree mapping. A mixed forests showcase in SpainManuscript ID: remotesensing-2201551 Type of manuscript: ArticleAuthors: Frederico Tupinamb\u00e1-Sim\u00f5es, [&hellip;]<\/p>\n","protected":false},"author":3,"featured_media":0,"parent":0,"menu_order":0,"comment_status":"closed","ping_status":"closed","template":"","meta":{"site-sidebar-layout":"default","site-content-layout":"default","ast-site-content-layout":"","site-content-style":"default","site-sidebar-style":"default","ast-global-header-display":"","ast-banner-title-visibility":"","ast-main-header-display":"","ast-hfb-above-header-display":"","ast-hfb-below-header-display":"","ast-hfb-mobile-header-display":"","site-post-title":"","ast-breadcrumbs-content":"","ast-featured-img":"","footer-sml-layout":"","theme-transparent-header-meta":"default","adv-header-id-meta":"","stick-header-meta":"","header-above-stick-meta":"","header-main-stick-meta":"","header-below-stick-meta":"","astra-migrate-meta-layouts":"default","ast-page-background-enabled":"default","ast-page-background-meta":{"desktop":{"background-color":"var(--ast-global-color-4)","background-image":"","background-repeat":"repeat","background-position":"center center","background-size":"auto","background-attachment":"scroll","background-type":"","background-media":"","overlay-type":"","overlay-color":"","overlay-gradient":""},"tablet":{"background-color":"","background-image":"","background-repeat":"repeat","background-position":"center center","background-size":"auto","background-attachment":"scroll","background-type":"","background-media":"","overlay-type":"","overlay-color":"","overlay-gradient":""},"mobile":{"background-color":"","background-image":"","background-repeat":"repeat","background-position":"center center","background-size":"auto","background-attachment":"scroll","background-type":"","background-media":"","overlay-type":"","overlay-color":"","overlay-gradient":""}},"ast-content-background-meta":{"desktop":{"background-color":"var(--ast-global-color-5)","background-image":"","background-repeat":"repeat","background-position":"center center","background-size":"auto","background-attachment":"scroll","background-type":"","background-media":"","overlay-type":"","overlay-color":"","overlay-gradient":""},"tablet":{"background-color":"var(--ast-global-color-5)","background-image":"","background-repeat":"repeat","background-position":"center center","background-size":"auto","background-attachment":"scroll","background-type":"","background-media":"","overlay-type":"","overlay-color":"","overlay-gradient":""},"mobile":{"background-color":"var(--ast-global-color-5)","background-image":"","background-repeat":"repeat","background-position":"center center","background-size":"auto","background-attachment":"scroll","background-type":"","background-media":"","overlay-type":"","overlay-color":"","overlay-gradient":""}},"footnotes":""},"class_list":["post-1222","page","type-page","status-publish","hentry"],"_links":{"self":[{"href":"https:\/\/comfor.iefc.net\/pt-pt\/wp-json\/wp\/v2\/pages\/1222","targetHints":{"allow":["GET"]}}],"collection":[{"href":"https:\/\/comfor.iefc.net\/pt-pt\/wp-json\/wp\/v2\/pages"}],"about":[{"href":"https:\/\/comfor.iefc.net\/pt-pt\/wp-json\/wp\/v2\/types\/page"}],"author":[{"embeddable":true,"href":"https:\/\/comfor.iefc.net\/pt-pt\/wp-json\/wp\/v2\/users\/3"}],"replies":[{"embeddable":true,"href":"https:\/\/comfor.iefc.net\/pt-pt\/wp-json\/wp\/v2\/comments?post=1222"}],"version-history":[{"count":27,"href":"https:\/\/comfor.iefc.net\/pt-pt\/wp-json\/wp\/v2\/pages\/1222\/revisions"}],"predecessor-version":[{"id":2687,"href":"https:\/\/comfor.iefc.net\/pt-pt\/wp-json\/wp\/v2\/pages\/1222\/revisions\/2687"}],"wp:attachment":[{"href":"https:\/\/comfor.iefc.net\/pt-pt\/wp-json\/wp\/v2\/media?parent=1222"}],"curies":[{"name":"wp","href":"https:\/\/api.w.org\/{rel}","templated":true}]}}