{"id":2141,"date":"2021-09-02T14:28:58","date_gmt":"2021-09-02T12:28:58","guid":{"rendered":"https:\/\/www.comfor-sudoe.eu\/?page_id=2141"},"modified":"2023-07-17T11:45:30","modified_gmt":"2023-07-17T09:45:30","slug":"rapports-et-presentations","status":"publish","type":"page","link":"https:\/\/comfor.iefc.net\/fr\/rapports-et-presentations\/","title":{"rendered":""},"content":{"rendered":"\t\t<div data-elementor-type=\"wp-page\" data-elementor-id=\"2141\" class=\"elementor elementor-2141\">\n\t\t\t\t\t\t<section class=\"elementor-section elementor-top-section elementor-element elementor-element-74df4e8 elementor-section-boxed elementor-section-height-default elementor-section-height-default\" data-id=\"74df4e8\" data-element_type=\"section\" data-e-type=\"section\">\n\t\t\t\t\t\t<div class=\"elementor-container elementor-column-gap-default\">\n\t\t\t\t\t<div class=\"elementor-column elementor-col-100 elementor-top-column elementor-element elementor-element-b90fac4\" data-id=\"b90fac4\" data-element_type=\"column\" data-e-type=\"column\">\n\t\t\t<div class=\"elementor-widget-wrap elementor-element-populated\">\n\t\t\t\t\t\t<div class=\"elementor-element elementor-element-8ea3dbe elementor-widget elementor-widget-heading\" data-id=\"8ea3dbe\" data-element_type=\"widget\" data-e-type=\"widget\" data-widget_type=\"heading.default\">\n\t\t\t\t<div class=\"elementor-widget-container\">\n\t\t\t\t\t<h2 class=\"elementor-heading-title elementor-size-xxl\">Rapports et Pr\u00e9sentations<\/h2>\t\t\t\t<\/div>\n\t\t\t\t<\/div>\n\t\t\t\t\t<\/div>\n\t\t<\/div>\n\t\t\t\t\t<\/div>\n\t\t<\/section>\n\t\t\t\t<section class=\"elementor-section elementor-top-section elementor-element elementor-element-d3a7d74 elementor-section-content-middle elementor-section-stretched elementor-section-full_width elementor-section-height-default elementor-section-height-default\" data-id=\"d3a7d74\" data-element_type=\"section\" data-e-type=\"section\" data-settings=\"{&quot;background_background&quot;:&quot;classic&quot;,&quot;stretch_section&quot;:&quot;section-stretched&quot;}\">\n\t\t\t\t\t\t<div class=\"elementor-container elementor-column-gap-no\">\n\t\t\t\t\t<div class=\"elementor-column elementor-col-100 elementor-top-column elementor-element elementor-element-49662d69\" data-id=\"49662d69\" data-element_type=\"column\" data-e-type=\"column\" data-settings=\"{&quot;background_background&quot;:&quot;classic&quot;}\">\n\t\t\t<div class=\"elementor-widget-wrap elementor-element-populated\">\n\t\t\t\t\t\t<div class=\"elementor-element elementor-element-5003590 elementor-widget elementor-widget-image\" data-id=\"5003590\" data-element_type=\"widget\" data-e-type=\"widget\" data-widget_type=\"image.default\">\n\t\t\t\t<div class=\"elementor-widget-container\">\n\t\t\t\t\t\t\t\t\t\t\t\t\t\t\t<img decoding=\"async\" src=\"https:\/\/comfor.iefc.net\/wp-content\/uploads\/2021\/03\/Autumn-Forest-by-Tomasz-Proszek.jpg\" title=\"\" alt=\"\" loading=\"lazy\" \/>\t\t\t\t\t\t\t\t\t\t\t\t\t\t\t<\/div>\n\t\t\t\t<\/div>\n\t\t\t\t\t<\/div>\n\t\t<\/div>\n\t\t\t\t\t<\/div>\n\t\t<\/section>\n\t\t\t\t<section class=\"elementor-section elementor-top-section elementor-element elementor-element-c2cafe0 elementor-section-boxed elementor-section-height-default elementor-section-height-default\" data-id=\"c2cafe0\" data-element_type=\"section\" data-e-type=\"section\">\n\t\t\t\t\t\t<div class=\"elementor-container elementor-column-gap-default\">\n\t\t\t\t\t<div class=\"elementor-column elementor-col-100 elementor-top-column elementor-element elementor-element-edcea6f\" data-id=\"edcea6f\" data-element_type=\"column\" data-e-type=\"column\">\n\t\t\t<div class=\"elementor-widget-wrap elementor-element-populated\">\n\t\t\t\t\t\t<div class=\"elementor-element elementor-element-2b5c0bf elementor-widget elementor-widget-spacer\" data-id=\"2b5c0bf\" data-element_type=\"widget\" data-e-type=\"widget\" data-widget_type=\"spacer.default\">\n\t\t\t\t<div class=\"elementor-widget-container\">\n\t\t\t\t\t\t\t<div class=\"elementor-spacer\">\n\t\t\t<div class=\"elementor-spacer-inner\"><\/div>\n\t\t<\/div>\n\t\t\t\t\t\t<\/div>\n\t\t\t\t<\/div>\n\t\t\t\t\t<\/div>\n\t\t<\/div>\n\t\t\t\t\t<\/div>\n\t\t<\/section>\n\t\t\t\t<section class=\"elementor-section elementor-top-section elementor-element elementor-element-881dfb0 elementor-section-boxed elementor-section-height-default elementor-section-height-default\" data-id=\"881dfb0\" data-element_type=\"section\" data-e-type=\"section\">\n\t\t\t\t\t\t<div class=\"elementor-container elementor-column-gap-default\">\n\t\t\t\t\t<div class=\"elementor-column elementor-col-100 elementor-top-column elementor-element elementor-element-9d5b75a\" data-id=\"9d5b75a\" data-element_type=\"column\" data-e-type=\"column\">\n\t\t\t<div class=\"elementor-widget-wrap elementor-element-populated\">\n\t\t\t\t\t\t<div class=\"elementor-element elementor-element-72c5daa elementor-widget elementor-widget-text-editor\" data-id=\"72c5daa\" data-element_type=\"widget\" data-e-type=\"widget\" data-widget_type=\"text-editor.default\">\n\t\t\t\t<div class=\"elementor-widget-container\">\n\t\t\t\t\t\t\t\t\t<h2><span style=\"color: #fcd606;\">2023<br \/><\/span><\/h2><p><strong>13 &amp; 14 Avril 2023<\/strong> &#8211; Symposium sur les for\u00eats mixtes &amp; Assembl\u00e9e G\u00e9n\u00e9rale <br \/><a href=\"https:\/\/nextcloud.iefc.net\/index.php\/s\/XT7WZPG2zoX7Hcz\" target=\"_blank\" rel=\"noopener\">Acc\u00e9der aux pr\u00e9sentations<\/a><\/p><p><strong>23\/03\/2023<\/strong> &#8211; S\u00e9minaire sur &#8220;L&#8217;int\u00e9r\u00eat et les bonnes pratiques des plantations mixtes&#8221; (Projet COMFOR). Ev\u00e9nement organis\u00e9 par l\u2019USSE en collaboration avec l\u2019IEFC et le Conseil Provincial de Bizkaia.<\/p><ul><li><a href=\"https:\/\/www.usse-eu.org\/en\/noticias\/seminar-on-interest-and-good-practices-of-mixed-plantations-comfor-project\">Acc\u00e9der aux pr\u00e9sentations<\/a><\/li><li>Acc\u00e9der aux vid\u00e9os ci-dessous:<ul><li><h5><a href=\"https:\/\/www.youtube.com\/watch?v=Tz77Wo7im_4\">Carlos Uriagereka, Servicio de Montes Diputaci\u00f3n Foral de Bizkaia <\/a><\/h5><\/li><li><h5><a href=\"https:\/\/www.youtube.com\/watch?v=h3Hpkm-taxQ\">Opini\u00f3n de Josu Azpitarte, del Departamento T\u00e9cnico de Baskegur<\/a><\/h5><\/li><li><h5><a href=\"https:\/\/www.youtube.com\/watch?v=8uwLnRQ6XZg\"> Christophe Orazio, del Institute Europ\u00e9en de la F\u00f4ret Cultiv\u00e9e<\/a><\/h5><\/li><\/ul><\/li><\/ul><h2><span style=\"color: #fcd606;\">2022<br \/><\/span><\/h2><p><b><span style=\"text-decoration: underline;\"><span style=\"color: #000000;\">Atelier sur l&#8217;int\u00e9r\u00eat et les bonnes pratiques de la plantation en m\u00e9lange &#8211; 21\/04\/2022 &#8211; INRAE PIERROTON<br \/><\/span><\/span><\/b><\/p><p><b>Organis\u00e9 par l&#8217;IEFC dans le cadre du Projet COMFOR et MixForChange<\/b><\/p><p><span style=\"color: #000000;\"><em><a href=\"http:\/\/www.comfor-sudoe.eu\/wp-content\/uploads\/2022\/04\/Melange-essence-resistance-secheresse.pdf\" target=\"_blank\" rel=\"noopener\">Effet du m\u00e9lange sur la r\u00e9sistance \u00e0 la s\u00e9cheresse et l&#8217;utilisation de l&#8217;eau<\/a> &#8211; Joannes Guillemot (CIRAD) &amp; Nicolas Martin<\/em><\/span><span style=\"color: #000000;\"><em> (INRAE)<\/em><\/span><\/p><p><i><a href=\"http:\/\/www.comfor-sudoe.eu\/wp-content\/uploads\/2022\/04\/Melange-essences-sante-des-forets.pdf\" target=\"_blank\" rel=\"noopener\">Effets du m\u00e9lange sur les populations d&#8217;insectes et la sant\u00e9 des for\u00eats<\/a> &#8211; Herv\u00e9 Jactel (INRAE)<\/i><\/p><p><i><a href=\"http:\/\/www.comfor-sudoe.eu\/wp-content\/uploads\/2022\/04\/2022_IEFC_SOC_carbone-organique-sol.pdf\" target=\"_blank\" rel=\"noopener\">Effets du m\u00e9lange sur la teneur en carbone organique dans le sol<\/a> &#8211; Laurent Augusto (INRAE)<\/i><\/p><p><i><a href=\"http:\/\/www.comfor-sudoe.eu\/wp-content\/uploads\/2022\/04\/Melange-essences-productivite-des-forets.pdf\" target=\"_blank\" rel=\"noopener\">Effets du m\u00e9lange sur la productivit\u00e9<\/a> &#8211; Herv\u00e9 Jactel (INRAE)<\/i><\/p><p><i><a href=\"https:\/\/nextcloud.iefc.net\/index.php\/s\/L86R3PpWWtEfqdf\" target=\"_blank\" rel=\"noopener\">R\u00e9sultats de l&#8217;enqu\u00eate sur les retours d&#8217;exp\u00e9riences de plantations en m\u00e9lange<\/a> &#8211; IEFC<\/i><\/p><p><i><a href=\"http:\/\/www.comfor-sudoe.eu\/wp-content\/uploads\/2022\/04\/Protocole-FORMIX.pdf\" target=\"_blank\" rel=\"noopener\">Pr\u00e9sentation du protocole de plantation ForMix<\/a> &#8211; Herv\u00e9 Jactel (INRAE)<\/i><i><\/i><\/p>\t\t\t\t\t\t\t\t<\/div>\n\t\t\t\t<\/div>\n\t\t\t\t<div class=\"elementor-element elementor-element-00018dc elementor-widget elementor-widget-image\" data-id=\"00018dc\" data-element_type=\"widget\" data-e-type=\"widget\" data-widget_type=\"image.default\">\n\t\t\t\t<div class=\"elementor-widget-container\">\n\t\t\t\t\t\t\t\t\t\t\t\t\t\t\t<img decoding=\"async\" width=\"300\" height=\"92\" src=\"https:\/\/comfor.iefc.net\/wp-content\/uploads\/2022\/05\/logo-300x92.png\" class=\"attachment-medium size-medium wp-image-2464\" alt=\"\" srcset=\"https:\/\/comfor.iefc.net\/wp-content\/uploads\/2022\/05\/logo-300x92.png 300w, https:\/\/comfor.iefc.net\/wp-content\/uploads\/2022\/05\/logo-768x236.png 768w, https:\/\/comfor.iefc.net\/wp-content\/uploads\/2022\/05\/logo-770x236.png 770w, https:\/\/comfor.iefc.net\/wp-content\/uploads\/2022\/05\/logo-370x114.png 370w, https:\/\/comfor.iefc.net\/wp-content\/uploads\/2022\/05\/logo.png 850w\" sizes=\"(max-width: 300px) 100vw, 300px\" \/>\t\t\t\t\t\t\t\t\t\t\t\t\t\t\t<\/div>\n\t\t\t\t<\/div>\n\t\t\t\t\t<\/div>\n\t\t<\/div>\n\t\t\t\t\t<\/div>\n\t\t<\/section>\n\t\t\t\t<section class=\"elementor-section elementor-top-section elementor-element elementor-element-0c02fe7 elementor-section-boxed elementor-section-height-default elementor-section-height-default\" data-id=\"0c02fe7\" data-element_type=\"section\" data-e-type=\"section\">\n\t\t\t\t\t\t<div class=\"elementor-container elementor-column-gap-default\">\n\t\t\t\t\t<div class=\"elementor-column elementor-col-100 elementor-top-column elementor-element elementor-element-5c1d720\" data-id=\"5c1d720\" data-element_type=\"column\" data-e-type=\"column\">\n\t\t\t<div class=\"elementor-widget-wrap elementor-element-populated\">\n\t\t\t\t\t\t<div class=\"elementor-element elementor-element-11fbc23 elementor-widget elementor-widget-text-editor\" data-id=\"11fbc23\" data-element_type=\"widget\" data-e-type=\"widget\" data-widget_type=\"text-editor.default\">\n\t\t\t\t<div class=\"elementor-widget-container\">\n\t\t\t\t\t\t\t\t\t<h2 class=\"has-text-color has-huge-font-size\"><span style=\"color: #fcd606;\"><strong>2021<\/strong><\/span><\/h2><p><a href=\"http:\/\/www.comfor-sudoe.eu\/wp-content\/uploads\/2021\/09\/COMFOR-deliverable-2.2.1_v1.0-3.pdf\" target=\"_blank\" rel=\"noopener\"><strong><span style=\"text-decoration: underline;\">Informe para gestores y responsables de pol\u00edticas sobre m\u00e9todos de valoraci\u00f3n monetaria y no monetaria de servicios ambientales de los bosques complejos del Sudoe.<\/span><\/strong> <\/a> <strong>Contabilidad del Capital Natural. ECOACSA.<\/strong> July 2021.<\/p><p><span style=\"text-decoration: underline;\"><a href=\"http:\/\/www.comfor-sudoe.eu\/wp-content\/uploads\/2021\/09\/COMFOR-deliverable-2.2.2_v1.0-1.pdf\" target=\"_blank\" rel=\"noopener\"><strong>\u00c1rbol de decisi\u00f3n de metodolog\u00edas apropiadas para la valoraci\u00f3n de servicios ambientales en los bosques complejos del Sudoe.<\/strong><\/a> <strong>Contabilidad del Capital Natural.<\/strong> <strong>ECOACSA<\/strong>.<\/span> July 2021.<\/p>\t\t\t\t\t\t\t\t<\/div>\n\t\t\t\t<\/div>\n\t\t\t\t\t<\/div>\n\t\t<\/div>\n\t\t\t\t\t<\/div>\n\t\t<\/section>\n\t\t\t\t<section class=\"elementor-section elementor-top-section elementor-element elementor-element-eabbd00 elementor-section-boxed elementor-section-height-default elementor-section-height-default\" data-id=\"eabbd00\" data-element_type=\"section\" data-e-type=\"section\">\n\t\t\t\t\t\t<div class=\"elementor-container elementor-column-gap-default\">\n\t\t\t\t\t<div class=\"elementor-column elementor-col-100 elementor-top-column elementor-element elementor-element-74d62db\" data-id=\"74d62db\" data-element_type=\"column\" data-e-type=\"column\">\n\t\t\t<div class=\"elementor-widget-wrap elementor-element-populated\">\n\t\t\t\t\t\t<div class=\"elementor-element elementor-element-8d687b4 elementor-widget-divider--separator-type-pattern elementor-widget-divider--no-spacing elementor-widget-divider--view-line elementor-widget elementor-widget-divider\" data-id=\"8d687b4\" data-element_type=\"widget\" data-e-type=\"widget\" data-widget_type=\"divider.default\">\n\t\t\t\t<div class=\"elementor-widget-container\">\n\t\t\t\t\t\t\t<div class=\"elementor-divider\" style=\"--divider-pattern-url: url(&quot;data:image\/svg+xml,%3Csvg xmlns=&#039;http:\/\/www.w3.org\/2000\/svg&#039; preserveAspectRatio=&#039;xMidYMid meet&#039; overflow=&#039;visible&#039; height=&#039;100%&#039; viewBox=&#039;0 0 117 26&#039; fill=&#039;black&#039; stroke=&#039;none&#039;%3E%3Cpath d=&#039;M3,1.5C5,4.9,6,8.8,6,13s-1.7,8.1-5,11.5C0.3,21.1,0,17.2,0,13S1,4.9,3,1.5z M16,1.5c2,3.4,3,7.3,3,11.5s-1,8.1-3,11.5c-2-4.1-3-8.3-3-12.5S14,4.3,16,1.5z M29,1.5c2,4.8,3,9.3,3,13.5s-1,7.4-3,9.5c-2-3.4-3-7.3-3-11.5S27,4.9,29,1.5z M41.1,1.5C43.7,4.9,45,8.8,45,13s-1,8.1-3,11.5c-2-3.4-3-7.3-3-11.5S39.7,4.9,41.1,1.5zM55,1.5c2,2.8,3,6.3,3,10.5s-1.3,8.4-4,12.5c-1.3-3.4-2-7.3-2-11.5S53,4.9,55,1.5z M68,1.5c2,3.4,3,7.3,3,11.5s-0.7,8.1-2,11.5c-2.7-4.8-4-9.3-4-13.5S66,3.6,68,1.5z M82,1.5c1.3,4.8,2,9.3,2,13.5s-1,7.4-3,9.5c-2-3.4-3-7.3-3-11.5S79.3,4.9,82,1.5z M94,1.5c2,3.4,3,7.3,3,11.5s-1.3,8.1-4,11.5c-1.3-1.4-2-4.3-2-8.5S92,6.9,94,1.5z M107,1.5c2,2.1,3,5.3,3,9.5s-0.7,8.7-2,13.5c-2.7-3.4-4-7.3-4-11.5S105,4.9,107,1.5z&#039;\/%3E%3C\/svg%3E&quot;);\">\n\t\t\t<span class=\"elementor-divider-separator\">\n\t\t\t\t\t\t<\/span>\n\t\t<\/div>\n\t\t\t\t\t\t<\/div>\n\t\t\t\t<\/div>\n\t\t\t\t\t<\/div>\n\t\t<\/div>\n\t\t\t\t\t<\/div>\n\t\t<\/section>\n\t\t\t\t<section class=\"elementor-section elementor-top-section elementor-element elementor-element-c225f91 elementor-section-boxed elementor-section-height-default elementor-section-height-default\" data-id=\"c225f91\" data-element_type=\"section\" data-e-type=\"section\">\n\t\t\t\t\t\t<div class=\"elementor-container elementor-column-gap-default\">\n\t\t\t\t\t<div class=\"elementor-column elementor-col-100 elementor-top-column elementor-element elementor-element-e5e421c\" data-id=\"e5e421c\" data-element_type=\"column\" data-e-type=\"column\">\n\t\t\t<div class=\"elementor-widget-wrap elementor-element-populated\">\n\t\t\t\t\t\t<div class=\"elementor-element elementor-element-920c214 elementor-widget elementor-widget-text-editor\" data-id=\"920c214\" data-element_type=\"widget\" data-e-type=\"widget\" data-widget_type=\"text-editor.default\">\n\t\t\t\t<div class=\"elementor-widget-container\">\n\t\t\t\t\t\t\t\t\t<p>Credits: images par Tomasz Proszek de Pixabay<\/p>\t\t\t\t\t\t\t\t<\/div>\n\t\t\t\t<\/div>\n\t\t\t\t\t<\/div>\n\t\t<\/div>\n\t\t\t\t\t<\/div>\n\t\t<\/section>\n\t\t\t\t<\/div>\n\t\t","protected":false},"excerpt":{"rendered":"<p>Rapports et Pr\u00e9sentations 2023 13 &amp; 14 Avril 2023 &#8211; Symposium sur les for\u00eats mixtes &amp; Assembl\u00e9e G\u00e9n\u00e9rale Acc\u00e9der aux pr\u00e9sentations 23\/03\/2023 &#8211; S\u00e9minaire sur &#8220;L&#8217;int\u00e9r\u00eat et les bonnes pratiques [&hellip;]<\/p>\n","protected":false},"author":3,"featured_media":0,"parent":0,"menu_order":0,"comment_status":"closed","ping_status":"closed","template":"","meta":{"site-sidebar-layout":"default","site-content-layout":"default","ast-site-content-layout":"","site-content-style":"default","site-sidebar-style":"default","ast-global-header-display":"","ast-banner-title-visibility":"","ast-main-header-display":"","ast-hfb-above-header-display":"","ast-hfb-below-header-display":"","ast-hfb-mobile-header-display":"","site-post-title":"","ast-breadcrumbs-content":"","ast-featured-img":"","footer-sml-layout":"","theme-transparent-header-meta":"default","adv-header-id-meta":"","stick-header-meta":"","header-above-stick-meta":"","header-main-stick-meta":"","header-below-stick-meta":"","astra-migrate-meta-layouts":"default","ast-page-background-enabled":"default","ast-page-background-meta":{"desktop":{"background-color":"var(--ast-global-color-4)","background-image":"","background-repeat":"repeat","background-position":"center center","background-size":"auto","background-attachment":"scroll","background-type":"","background-media":"","overlay-type":"","overlay-color":"","overlay-gradient":""},"tablet":{"background-color":"","background-image":"","background-repeat":"repeat","background-position":"center center","background-size":"auto","background-attachment":"scroll","background-type":"","background-media":"","overlay-type":"","overlay-color":"","overlay-gradient":""},"mobile":{"background-color":"","background-image":"","background-repeat":"repeat","background-position":"center center","background-size":"auto","background-attachment":"scroll","background-type":"","background-media":"","overlay-type":"","overlay-color":"","overlay-gradient":""}},"ast-content-background-meta":{"desktop":{"background-color":"var(--ast-global-color-5)","background-image":"","background-repeat":"repeat","background-position":"center center","background-size":"auto","background-attachment":"scroll","background-type":"","background-media":"","overlay-type":"","overlay-color":"","overlay-gradient":""},"tablet":{"background-color":"var(--ast-global-color-5)","background-image":"","background-repeat":"repeat","background-position":"center center","background-size":"auto","background-attachment":"scroll","background-type":"","background-media":"","overlay-type":"","overlay-color":"","overlay-gradient":""},"mobile":{"background-color":"var(--ast-global-color-5)","background-image":"","background-repeat":"repeat","background-position":"center center","background-size":"auto","background-attachment":"scroll","background-type":"","background-media":"","overlay-type":"","overlay-color":"","overlay-gradient":""}},"footnotes":""},"class_list":["post-2141","page","type-page","status-publish","hentry"],"_links":{"self":[{"href":"https:\/\/comfor.iefc.net\/fr\/wp-json\/wp\/v2\/pages\/2141","targetHints":{"allow":["GET"]}}],"collection":[{"href":"https:\/\/comfor.iefc.net\/fr\/wp-json\/wp\/v2\/pages"}],"about":[{"href":"https:\/\/comfor.iefc.net\/fr\/wp-json\/wp\/v2\/types\/page"}],"author":[{"embeddable":true,"href":"https:\/\/comfor.iefc.net\/fr\/wp-json\/wp\/v2\/users\/3"}],"replies":[{"embeddable":true,"href":"https:\/\/comfor.iefc.net\/fr\/wp-json\/wp\/v2\/comments?post=2141"}],"version-history":[{"count":42,"href":"https:\/\/comfor.iefc.net\/fr\/wp-json\/wp\/v2\/pages\/2141\/revisions"}],"predecessor-version":[{"id":2912,"href":"https:\/\/comfor.iefc.net\/fr\/wp-json\/wp\/v2\/pages\/2141\/revisions\/2912"}],"wp:attachment":[{"href":"https:\/\/comfor.iefc.net\/fr\/wp-json\/wp\/v2\/media?parent=2141"}],"curies":[{"name":"wp","href":"https:\/\/api.w.org\/{rel}","templated":true}]}}