{"id":1525,"date":"2021-02-25T18:38:29","date_gmt":"2021-02-25T17:38:29","guid":{"rendered":"http:\/\/www.comfor-sudoe.eu\/comfor-sudoe-activities-and-deliverables\/"},"modified":"2021-04-07T12:52:50","modified_gmt":"2021-04-07T10:52:50","slug":"comfor-sudoe-activities-and-deliverables","status":"publish","type":"page","link":"https:\/\/comfor.iefc.net\/fr\/comfor-sudoe-activities-and-deliverables\/","title":{"rendered":""},"content":{"rendered":"\t\t<div data-elementor-type=\"wp-page\" data-elementor-id=\"1525\" class=\"elementor elementor-1525\">\n\t\t\t\t\t\t<section class=\"elementor-section elementor-top-section elementor-element elementor-element-51819f6 elementor-section-boxed elementor-section-height-default elementor-section-height-default\" data-id=\"51819f6\" data-element_type=\"section\" data-e-type=\"section\">\n\t\t\t\t\t\t<div class=\"elementor-container elementor-column-gap-default\">\n\t\t\t\t\t<div class=\"elementor-column elementor-col-100 elementor-top-column elementor-element elementor-element-dd1c8c5\" data-id=\"dd1c8c5\" data-element_type=\"column\" data-e-type=\"column\">\n\t\t\t<div class=\"elementor-widget-wrap elementor-element-populated\">\n\t\t\t\t\t\t<div class=\"elementor-element elementor-element-1d4b73e elementor-widget elementor-widget-heading\" data-id=\"1d4b73e\" data-element_type=\"widget\" data-e-type=\"widget\" data-widget_type=\"heading.default\">\n\t\t\t\t<div class=\"elementor-widget-container\">\n\t\t\t\t\t<h2 class=\"elementor-heading-title elementor-size-large\">Activit\u00e9s  et livrables <\/h2>\t\t\t\t<\/div>\n\t\t\t\t<\/div>\n\t\t\t\t\t<\/div>\n\t\t<\/div>\n\t\t\t\t\t<\/div>\n\t\t<\/section>\n\t\t\t\t<section class=\"elementor-section elementor-top-section elementor-element elementor-element-ef1521b elementor-section-boxed elementor-section-height-default elementor-section-height-default\" data-id=\"ef1521b\" data-element_type=\"section\" data-e-type=\"section\">\n\t\t\t\t\t\t<div class=\"elementor-container elementor-column-gap-default\">\n\t\t\t\t\t<div class=\"elementor-column elementor-col-50 elementor-top-column elementor-element elementor-element-45a4924\" data-id=\"45a4924\" data-element_type=\"column\" data-e-type=\"column\">\n\t\t\t<div class=\"elementor-widget-wrap elementor-element-populated\">\n\t\t\t\t\t\t<div class=\"elementor-element elementor-element-a4eda5a elementor-widget elementor-widget-image\" data-id=\"a4eda5a\" data-element_type=\"widget\" data-e-type=\"widget\" data-widget_type=\"image.default\">\n\t\t\t\t<div class=\"elementor-widget-container\">\n\t\t\t\t\t\t\t\t\t\t\t\t\t\t\t<img fetchpriority=\"high\" decoding=\"async\" width=\"1024\" height=\"683\" src=\"https:\/\/comfor.iefc.net\/wp-content\/uploads\/2021\/03\/Green-Leaf-from-Rawpixel-1024x683.jpg\" class=\"attachment-large size-large wp-image-570\" alt=\"\" srcset=\"https:\/\/comfor.iefc.net\/wp-content\/uploads\/2021\/03\/Green-Leaf-from-Rawpixel-1024x683.jpg 1024w, https:\/\/comfor.iefc.net\/wp-content\/uploads\/2021\/03\/Green-Leaf-from-Rawpixel-300x200.jpg 300w, https:\/\/comfor.iefc.net\/wp-content\/uploads\/2021\/03\/Green-Leaf-from-Rawpixel-768x512.jpg 768w, https:\/\/comfor.iefc.net\/wp-content\/uploads\/2021\/03\/Green-Leaf-from-Rawpixel-1536x1024.jpg 1536w, https:\/\/comfor.iefc.net\/wp-content\/uploads\/2021\/03\/Green-Leaf-from-Rawpixel-2048x1365.jpg 2048w, https:\/\/comfor.iefc.net\/wp-content\/uploads\/2021\/03\/Green-Leaf-from-Rawpixel-770x513.jpg 770w, https:\/\/comfor.iefc.net\/wp-content\/uploads\/2021\/03\/Green-Leaf-from-Rawpixel-370x247.jpg 370w\" sizes=\"(max-width: 1024px) 100vw, 1024px\" \/>\t\t\t\t\t\t\t\t\t\t\t\t\t\t\t<\/div>\n\t\t\t\t<\/div>\n\t\t\t\t\t<\/div>\n\t\t<\/div>\n\t\t\t\t<div class=\"elementor-column elementor-col-50 elementor-top-column elementor-element elementor-element-054ee10\" data-id=\"054ee10\" data-element_type=\"column\" data-e-type=\"column\">\n\t\t\t<div class=\"elementor-widget-wrap elementor-element-populated\">\n\t\t\t\t\t\t<div class=\"elementor-element elementor-element-22e85a2 elementor-widget elementor-widget-image\" data-id=\"22e85a2\" data-element_type=\"widget\" data-e-type=\"widget\" data-widget_type=\"image.default\">\n\t\t\t\t<div class=\"elementor-widget-container\">\n\t\t\t\t\t\t\t\t\t\t\t\t\t\t\t<img decoding=\"async\" width=\"1024\" height=\"683\" src=\"https:\/\/comfor.iefc.net\/wp-content\/uploads\/2021\/03\/Biologist-from-Pixabay-1024x683.jpg\" class=\"attachment-large size-large wp-image-592\" alt=\"Forest Analysis and Classification\" srcset=\"https:\/\/comfor.iefc.net\/wp-content\/uploads\/2021\/03\/Biologist-from-Pixabay-1024x683.jpg 1024w, https:\/\/comfor.iefc.net\/wp-content\/uploads\/2021\/03\/Biologist-from-Pixabay-300x200.jpg 300w, https:\/\/comfor.iefc.net\/wp-content\/uploads\/2021\/03\/Biologist-from-Pixabay-768x513.jpg 768w, https:\/\/comfor.iefc.net\/wp-content\/uploads\/2021\/03\/Biologist-from-Pixabay-1536x1025.jpg 1536w, https:\/\/comfor.iefc.net\/wp-content\/uploads\/2021\/03\/Biologist-from-Pixabay-2048x1367.jpg 2048w, https:\/\/comfor.iefc.net\/wp-content\/uploads\/2021\/03\/Biologist-from-Pixabay-770x514.jpg 770w, https:\/\/comfor.iefc.net\/wp-content\/uploads\/2021\/03\/Biologist-from-Pixabay-370x247.jpg 370w\" sizes=\"(max-width: 1024px) 100vw, 1024px\" \/>\t\t\t\t\t\t\t\t\t\t\t\t\t\t\t<\/div>\n\t\t\t\t<\/div>\n\t\t\t\t\t<\/div>\n\t\t<\/div>\n\t\t\t\t\t<\/div>\n\t\t<\/section>\n\t\t\t\t<section class=\"elementor-section elementor-top-section elementor-element elementor-element-739b132 elementor-section-boxed elementor-section-height-default elementor-section-height-default\" data-id=\"739b132\" data-element_type=\"section\" data-e-type=\"section\">\n\t\t\t\t\t\t<div class=\"elementor-container elementor-column-gap-default\">\n\t\t\t\t\t<div class=\"elementor-column elementor-col-100 elementor-top-column elementor-element elementor-element-84c9859\" data-id=\"84c9859\" data-element_type=\"column\" data-e-type=\"column\">\n\t\t\t<div class=\"elementor-widget-wrap elementor-element-populated\">\n\t\t\t\t\t\t<div class=\"elementor-element elementor-element-86d155e elementor-widget elementor-widget-spacer\" data-id=\"86d155e\" data-element_type=\"widget\" data-e-type=\"widget\" data-widget_type=\"spacer.default\">\n\t\t\t\t<div class=\"elementor-widget-container\">\n\t\t\t\t\t\t\t<div class=\"elementor-spacer\">\n\t\t\t<div class=\"elementor-spacer-inner\"><\/div>\n\t\t<\/div>\n\t\t\t\t\t\t<\/div>\n\t\t\t\t<\/div>\n\t\t\t\t\t<\/div>\n\t\t<\/div>\n\t\t\t\t\t<\/div>\n\t\t<\/section>\n\t\t\t\t<section class=\"elementor-section elementor-top-section elementor-element elementor-element-5cb612c elementor-section-boxed elementor-section-height-default elementor-section-height-default\" data-id=\"5cb612c\" data-element_type=\"section\" data-e-type=\"section\">\n\t\t\t\t\t\t<div class=\"elementor-container elementor-column-gap-default\">\n\t\t\t\t\t<div class=\"elementor-column elementor-col-100 elementor-top-column elementor-element elementor-element-634ff8f\" data-id=\"634ff8f\" data-element_type=\"column\" data-e-type=\"column\">\n\t\t\t<div class=\"elementor-widget-wrap elementor-element-populated\">\n\t\t\t\t\t\t<div class=\"elementor-element elementor-element-a737acd elementor-widget elementor-widget-text-editor\" data-id=\"a737acd\" data-element_type=\"widget\" data-e-type=\"widget\" data-widget_type=\"text-editor.default\">\n\t\t\t\t<div class=\"elementor-widget-container\">\n\t\t\t\t\t\t\t\t\t<h2><span style=\"color: #fcd606;\"><strong>GT1 Activit\u00e9s<\/strong><\/span><\/h2><ul><li>Caract\u00e9risation des for\u00eats complexes du SUDOE par l\u2019analyse des donn\u00e9es des inventaires forestiers nationaux.<\/li><li>Caract\u00e9risation des effets du m\u00e9lange des esp\u00e8ces dans les for\u00eats mixtes supra-m\u00e9diterran\u00e9ennes.<\/li><li>Caract\u00e9risation multi-taxons de for\u00eats complexes dans la zone pilote SUDOE Atlantique.<\/li><li>Synth\u00e8se des m\u00e9thodologies pour la caract\u00e9risation des for\u00eats complexes \u00e0 diff\u00e9rentes \u00e9chelles.<\/li><li>Traitement des donn\u00e9es LiDAR.<\/li><li>Revue bibliographique des m\u00e9thodologies pour la caract\u00e9risation de la diversit\u00e9 structurelle et compositionnelle avec LiDAR.<\/li><li>D\u00e9veloppement d\u2019algorithmes complexes pour la classification des for\u00eats LiDar.<\/li><li>Revue bibliographique des m\u00e9thodologies d\u2019int\u00e9gration des nuages de points TLS et UAV.<\/li><li>Localisation et arpentage des zones pilotes(marteloscopes) \u00e0 l\u2019aide de techniques TLS et UAV.<\/li><li>Traitement et int\u00e9gration des nuages de points TLS et UAV.<\/li><li>D\u00e9finition de la typologie en fonction de la structure et de la diversit\u00e9 des for\u00eats complexes.<\/li><li>Analyse de la relation entre la structure et les risques li\u00e9s \u00e0 la prestation de services environnementaux dans les for\u00eats complexes.<\/li><li>Analyse des diff\u00e9rentes tentatives de gestion foresti\u00e8re pour int\u00e9grer le risque d\u2019incendie dans les for\u00eats complexes.<\/li><li>Identification des param\u00e8tres affectant le comportement des incendies utiles \u00e0 la planification foresti\u00e8re dans les for\u00eats complexes.<\/li><li>Justification des traitements forestiers pour r\u00e9duire le risque d\u2019incendies de for\u00eat complexes.<\/li><li>R\u00e9sistance des for\u00eats complexes aux ravageurs exotiques et aux agents pathog\u00e8nes.<\/li><li>\u00c9valuation de la capacit\u00e9 des mod\u00e8les de croissance existants \u00e0 appliquer pour les for\u00eats complexes<\/li><li>Am\u00e9lioration des mod\u00e8les et des simulateurs de dynamique et de croissance pour simuler la dynamique des m\u00e9langes complexes.<\/li><li>Int\u00e9gration des mod\u00e8les complexes de croissance foresti\u00e8re dans des outils de simulation.<\/li><li>D\u00e9veloppement et int\u00e9gration d\u2019un algorithme de risque dans les outils de simulation.<\/li><\/ul>\t\t\t\t\t\t\t\t<\/div>\n\t\t\t\t<\/div>\n\t\t\t\t\t<\/div>\n\t\t<\/div>\n\t\t\t\t\t<\/div>\n\t\t<\/section>\n\t\t\t\t<section class=\"elementor-section elementor-top-section elementor-element elementor-element-5b2f8e7 elementor-section-boxed elementor-section-height-default elementor-section-height-default\" data-id=\"5b2f8e7\" data-element_type=\"section\" data-e-type=\"section\">\n\t\t\t\t\t\t<div class=\"elementor-container elementor-column-gap-default\">\n\t\t\t\t\t<div class=\"elementor-column elementor-col-100 elementor-top-column elementor-element elementor-element-ab5a5be\" data-id=\"ab5a5be\" data-element_type=\"column\" data-e-type=\"column\">\n\t\t\t<div class=\"elementor-widget-wrap elementor-element-populated\">\n\t\t\t\t\t\t<div class=\"elementor-element elementor-element-6849a84 elementor-widget elementor-widget-text-editor\" data-id=\"6849a84\" data-element_type=\"widget\" data-e-type=\"widget\" data-widget_type=\"text-editor.default\">\n\t\t\t\t<div class=\"elementor-widget-container\">\n\t\t\t\t\t\t\t\t\t<h2><span style=\"color: #fcd606;\"><strong>GT2 <\/strong><strong>Activit\u00e9s<\/strong><\/span><\/h2><ul><li>Analyse de base pour l\u2019\u00e9valuation et la comptabilisation des for\u00eats complexes et non complexes dans le SUDOE.<\/li><li>Identification des techniques d\u2019\u00e9valuation du capital naturel dans les for\u00eats complexes et non complexes du SUDOE.<\/li><li>Revue syst\u00e9matique de la litt\u00e9rature des m\u00e9thodologies de collecte des significations du lieu des for\u00eats complexes et de leur perception.<\/li><li>Laboratoires d\u2019apprentissage dans les zones pilotes de SUDOE. Lier les groupes sociaux \u00e0 des for\u00eats complexes.<\/li><li>\u00c9v\u00e9nement de triangulation et de synth\u00e8se sur les significations sociales des for\u00eats complexes du SUDOE.<\/li><li>Int\u00e9gration de l\u2019information dans un syst\u00e8me de comptabilit\u00e9 du capital naturel (ASN).<\/li><li>Formation en capital naturel pour les agents publics et priv\u00e9s. Transfert de connaissances.<\/li><\/ul>\t\t\t\t\t\t\t\t<\/div>\n\t\t\t\t<\/div>\n\t\t\t\t\t<\/div>\n\t\t<\/div>\n\t\t\t\t\t<\/div>\n\t\t<\/section>\n\t\t\t\t<section class=\"elementor-section elementor-top-section elementor-element elementor-element-e0b091b elementor-section-boxed elementor-section-height-default elementor-section-height-default\" data-id=\"e0b091b\" data-element_type=\"section\" data-e-type=\"section\">\n\t\t\t\t\t\t<div class=\"elementor-container elementor-column-gap-default\">\n\t\t\t\t\t<div class=\"elementor-column elementor-col-100 elementor-top-column elementor-element elementor-element-81be744\" data-id=\"81be744\" data-element_type=\"column\" data-e-type=\"column\">\n\t\t\t<div class=\"elementor-widget-wrap elementor-element-populated\">\n\t\t\t\t\t\t<div class=\"elementor-element elementor-element-cb6d29d elementor-widget elementor-widget-text-editor\" data-id=\"cb6d29d\" data-element_type=\"widget\" data-e-type=\"widget\" data-widget_type=\"text-editor.default\">\n\t\t\t\t<div class=\"elementor-widget-container\">\n\t\t\t\t\t\t\t\t\t<h2><span style=\"color: #fcd606;\"><strong>GT3 Activit\u00e9s<\/strong><\/span><\/h2><ul><li>Conception de la base de donn\u00e9es SUDOE sur les for\u00eats complexes et les plantations mixtes.<\/li><li>Conception et d\u00e9veloppement web du r\u00e9seau exp\u00e9rimental COMFOR-SUDOE.<\/li><li>Analyse et description des effets de la gestion sur la fourniture de services \u00e9cosyst\u00e9miques dans les for\u00eats complexes du SUDOE.<\/li><li>Caract\u00e9risation physico-chimique des propri\u00e9t\u00e9s du sol des for\u00eats complexes sous diff\u00e9rents traitements de gestion.<\/li><li>Int\u00e9gration de l\u2019exp\u00e9rience des gestionnaires et des propri\u00e9taires de plantations mixtes.<\/li><li>Conception du protocole de plantation d\u2019esp\u00e8ces mixtes et cr\u00e9ation d\u2019une plantation d\u2019esp\u00e8ces mixtes dans le SUDOE.<\/li><li>Cr\u00e9ation de sites pilotes pour la diversification de la structure et de la composition \u00e0 des fins de conservation et de production.<\/li><li>\u00c9v\u00e9nement de synth\u00e8se sur les r\u00e9sultats des sites pilotes pour la diversification de la structure et de la composition des for\u00eats dans le SUDOE.<\/li><li>Installation de deux marteloscopes dans les for\u00eats complexes de SUDOE.<\/li><li>D\u00e9veloppement d\u2019une application mobile pour aider \u00e0 la prise de d\u00e9cision dans les for\u00eats complexes.<\/li><\/ul>\t\t\t\t\t\t\t\t<\/div>\n\t\t\t\t<\/div>\n\t\t\t\t\t<\/div>\n\t\t<\/div>\n\t\t\t\t\t<\/div>\n\t\t<\/section>\n\t\t\t\t<section class=\"elementor-section elementor-top-section elementor-element elementor-element-7f88fbf elementor-section-boxed elementor-section-height-default elementor-section-height-default\" data-id=\"7f88fbf\" data-element_type=\"section\" data-e-type=\"section\">\n\t\t\t\t\t\t<div class=\"elementor-container elementor-column-gap-default\">\n\t\t\t\t\t<div class=\"elementor-column elementor-col-100 elementor-top-column elementor-element elementor-element-1e805c1\" data-id=\"1e805c1\" data-element_type=\"column\" data-e-type=\"column\">\n\t\t\t<div class=\"elementor-widget-wrap elementor-element-populated\">\n\t\t\t\t\t\t<div class=\"elementor-element elementor-element-a8dd5d9 elementor-widget elementor-widget-text-editor\" data-id=\"a8dd5d9\" data-element_type=\"widget\" data-e-type=\"widget\" data-widget_type=\"text-editor.default\">\n\t\t\t\t<div class=\"elementor-widget-container\">\n\t\t\t\t\t\t\t\t\t<h2><span style=\"color: #fcd606;\"><strong>GT4 Activit\u00e9s<\/strong><\/span><\/h2><ul><li>\u00c9v\u00e9nement de discussion pour cr\u00e9er la plate-forme de sp\u00e9cialisation intelligente dans les for\u00eats complexes de SUDOE.<\/li><li>Cr\u00e9ation du groupe de travail des organisations impliqu\u00e9es dans l\u2019\u00e9valuation du capital naturel des \u00e9cosyst\u00e8mes forestiers.<\/li><li>\u00c9v\u00e9nement de transfert de connaissances sur l\u2019\u00e9valuation des services environnementaux dans les \u00e9cosyst\u00e8mes forestiers.<\/li><li>Interd\u00e9pendance sociale, \u00e9cologique et \u00e9conomique des services environnementaux dans les for\u00eats complexes.<\/li><li>Synth\u00e8se d\u2019une strat\u00e9gie de sp\u00e9cialisation intelligente pour la gestion et la conservation des for\u00eats complexes dans SUDOE.<\/li><\/ul>\t\t\t\t\t\t\t\t<\/div>\n\t\t\t\t<\/div>\n\t\t\t\t\t<\/div>\n\t\t<\/div>\n\t\t\t\t\t<\/div>\n\t\t<\/section>\n\t\t\t\t<section class=\"elementor-section elementor-top-section elementor-element elementor-element-bb6d500 elementor-section-boxed elementor-section-height-default elementor-section-height-default\" data-id=\"bb6d500\" data-element_type=\"section\" data-e-type=\"section\">\n\t\t\t\t\t\t<div class=\"elementor-container elementor-column-gap-default\">\n\t\t\t\t\t<div class=\"elementor-column elementor-col-100 elementor-top-column elementor-element elementor-element-d167a53\" data-id=\"d167a53\" data-element_type=\"column\" data-e-type=\"column\">\n\t\t\t<div class=\"elementor-widget-wrap elementor-element-populated\">\n\t\t\t\t\t\t<div class=\"elementor-element elementor-element-1d37d84 elementor-widget-divider--separator-type-pattern elementor-widget-divider--no-spacing elementor-widget-divider--view-line elementor-widget elementor-widget-divider\" data-id=\"1d37d84\" data-element_type=\"widget\" data-e-type=\"widget\" data-widget_type=\"divider.default\">\n\t\t\t\t<div class=\"elementor-widget-container\">\n\t\t\t\t\t\t\t<div class=\"elementor-divider\" style=\"--divider-pattern-url: url(&quot;data:image\/svg+xml,%3Csvg xmlns=&#039;http:\/\/www.w3.org\/2000\/svg&#039; preserveAspectRatio=&#039;xMidYMid meet&#039; overflow=&#039;visible&#039; height=&#039;100%&#039; viewBox=&#039;0 0 117 26&#039; fill=&#039;black&#039; stroke=&#039;none&#039;%3E%3Cpath d=&#039;M3,1.5C5,4.9,6,8.8,6,13s-1.7,8.1-5,11.5C0.3,21.1,0,17.2,0,13S1,4.9,3,1.5z M16,1.5c2,3.4,3,7.3,3,11.5s-1,8.1-3,11.5c-2-4.1-3-8.3-3-12.5S14,4.3,16,1.5z M29,1.5c2,4.8,3,9.3,3,13.5s-1,7.4-3,9.5c-2-3.4-3-7.3-3-11.5S27,4.9,29,1.5z M41.1,1.5C43.7,4.9,45,8.8,45,13s-1,8.1-3,11.5c-2-3.4-3-7.3-3-11.5S39.7,4.9,41.1,1.5zM55,1.5c2,2.8,3,6.3,3,10.5s-1.3,8.4-4,12.5c-1.3-3.4-2-7.3-2-11.5S53,4.9,55,1.5z M68,1.5c2,3.4,3,7.3,3,11.5s-0.7,8.1-2,11.5c-2.7-4.8-4-9.3-4-13.5S66,3.6,68,1.5z M82,1.5c1.3,4.8,2,9.3,2,13.5s-1,7.4-3,9.5c-2-3.4-3-7.3-3-11.5S79.3,4.9,82,1.5z M94,1.5c2,3.4,3,7.3,3,11.5s-1.3,8.1-4,11.5c-1.3-1.4-2-4.3-2-8.5S92,6.9,94,1.5z M107,1.5c2,2.1,3,5.3,3,9.5s-0.7,8.7-2,13.5c-2.7-3.4-4-7.3-4-11.5S105,4.9,107,1.5z&#039;\/%3E%3C\/svg%3E&quot;);\">\n\t\t\t<span class=\"elementor-divider-separator\">\n\t\t\t\t\t\t<\/span>\n\t\t<\/div>\n\t\t\t\t\t\t<\/div>\n\t\t\t\t<\/div>\n\t\t\t\t\t<\/div>\n\t\t<\/div>\n\t\t\t\t\t<\/div>\n\t\t<\/section>\n\t\t\t\t<section class=\"elementor-section elementor-top-section elementor-element elementor-element-3d6e775 elementor-section-boxed elementor-section-height-default elementor-section-height-default\" data-id=\"3d6e775\" data-element_type=\"section\" data-e-type=\"section\">\n\t\t\t\t\t\t<div class=\"elementor-container elementor-column-gap-default\">\n\t\t\t\t\t<div class=\"elementor-column elementor-col-100 elementor-top-column elementor-element elementor-element-94ec782\" data-id=\"94ec782\" data-element_type=\"column\" data-e-type=\"column\">\n\t\t\t<div class=\"elementor-widget-wrap elementor-element-populated\">\n\t\t\t\t\t\t<div class=\"elementor-element elementor-element-d3c00d0 elementor-widget elementor-widget-text-editor\" data-id=\"d3c00d0\" data-element_type=\"widget\" data-e-type=\"widget\" data-widget_type=\"text-editor.default\">\n\t\t\t\t<div class=\"elementor-widget-container\">\n\t\t\t\t\t\t\t\t\t<p>Cr\u00e9dits: images de Raxpixel.<\/p>\t\t\t\t\t\t\t\t<\/div>\n\t\t\t\t<\/div>\n\t\t\t\t\t<\/div>\n\t\t<\/div>\n\t\t\t\t\t<\/div>\n\t\t<\/section>\n\t\t\t\t<\/div>\n\t\t","protected":false},"excerpt":{"rendered":"<p>Activit\u00e9s et livrables GT1 Activit\u00e9s Caract\u00e9risation des for\u00eats complexes du SUDOE par l\u2019analyse des donn\u00e9es des inventaires forestiers nationaux. Caract\u00e9risation des effets du m\u00e9lange des esp\u00e8ces dans les for\u00eats mixtes [&hellip;]<\/p>\n","protected":false},"author":3,"featured_media":0,"parent":0,"menu_order":0,"comment_status":"closed","ping_status":"closed","template":"","meta":{"site-sidebar-layout":"default","site-content-layout":"default","ast-site-content-layout":"","site-content-style":"default","site-sidebar-style":"default","ast-global-header-display":"","ast-banner-title-visibility":"","ast-main-header-display":"","ast-hfb-above-header-display":"","ast-hfb-below-header-display":"","ast-hfb-mobile-header-display":"","site-post-title":"","ast-breadcrumbs-content":"","ast-featured-img":"","footer-sml-layout":"","theme-transparent-header-meta":"default","adv-header-id-meta":"","stick-header-meta":"","header-above-stick-meta":"","header-main-stick-meta":"","header-below-stick-meta":"","astra-migrate-meta-layouts":"default","ast-page-background-enabled":"default","ast-page-background-meta":{"desktop":{"background-color":"var(--ast-global-color-4)","background-image":"","background-repeat":"repeat","background-position":"center center","background-size":"auto","background-attachment":"scroll","background-type":"","background-media":"","overlay-type":"","overlay-color":"","overlay-gradient":""},"tablet":{"background-color":"","background-image":"","background-repeat":"repeat","background-position":"center center","background-size":"auto","background-attachment":"scroll","background-type":"","background-media":"","overlay-type":"","overlay-color":"","overlay-gradient":""},"mobile":{"background-color":"","background-image":"","background-repeat":"repeat","background-position":"center center","background-size":"auto","background-attachment":"scroll","background-type":"","background-media":"","overlay-type":"","overlay-color":"","overlay-gradient":""}},"ast-content-background-meta":{"desktop":{"background-color":"var(--ast-global-color-5)","background-image":"","background-repeat":"repeat","background-position":"center center","background-size":"auto","background-attachment":"scroll","background-type":"","background-media":"","overlay-type":"","overlay-color":"","overlay-gradient":""},"tablet":{"background-color":"var(--ast-global-color-5)","background-image":"","background-repeat":"repeat","background-position":"center center","background-size":"auto","background-attachment":"scroll","background-type":"","background-media":"","overlay-type":"","overlay-color":"","overlay-gradient":""},"mobile":{"background-color":"var(--ast-global-color-5)","background-image":"","background-repeat":"repeat","background-position":"center center","background-size":"auto","background-attachment":"scroll","background-type":"","background-media":"","overlay-type":"","overlay-color":"","overlay-gradient":""}},"footnotes":""},"class_list":["post-1525","page","type-page","status-publish","hentry"],"_links":{"self":[{"href":"https:\/\/comfor.iefc.net\/fr\/wp-json\/wp\/v2\/pages\/1525","targetHints":{"allow":["GET"]}}],"collection":[{"href":"https:\/\/comfor.iefc.net\/fr\/wp-json\/wp\/v2\/pages"}],"about":[{"href":"https:\/\/comfor.iefc.net\/fr\/wp-json\/wp\/v2\/types\/page"}],"author":[{"embeddable":true,"href":"https:\/\/comfor.iefc.net\/fr\/wp-json\/wp\/v2\/users\/3"}],"replies":[{"embeddable":true,"href":"https:\/\/comfor.iefc.net\/fr\/wp-json\/wp\/v2\/comments?post=1525"}],"version-history":[{"count":14,"href":"https:\/\/comfor.iefc.net\/fr\/wp-json\/wp\/v2\/pages\/1525\/revisions"}],"predecessor-version":[{"id":1539,"href":"https:\/\/comfor.iefc.net\/fr\/wp-json\/wp\/v2\/pages\/1525\/revisions\/1539"}],"wp:attachment":[{"href":"https:\/\/comfor.iefc.net\/fr\/wp-json\/wp\/v2\/media?parent=1525"}],"curies":[{"name":"wp","href":"https:\/\/api.w.org\/{rel}","templated":true}]}}