{"id":1267,"date":"2021-02-25T17:24:54","date_gmt":"2021-02-25T16:24:54","guid":{"rendered":"http:\/\/www.comfor-sudoe.eu\/comfor-sudoe-innovations\/"},"modified":"2021-04-02T17:12:20","modified_gmt":"2021-04-02T15:12:20","slug":"comfor-sudoe-innovations","status":"publish","type":"page","link":"https:\/\/comfor.iefc.net\/fr\/comfor-sudoe-innovations\/","title":{"rendered":""},"content":{"rendered":"\t\t<div data-elementor-type=\"wp-page\" data-elementor-id=\"1267\" class=\"elementor elementor-1267\">\n\t\t\t\t\t\t<section class=\"elementor-section elementor-top-section elementor-element elementor-element-45992a4 elementor-section-boxed elementor-section-height-default elementor-section-height-default\" data-id=\"45992a4\" data-element_type=\"section\" data-e-type=\"section\">\n\t\t\t\t\t\t<div class=\"elementor-container elementor-column-gap-default\">\n\t\t\t\t\t<div class=\"elementor-column elementor-col-100 elementor-top-column elementor-element elementor-element-9b06dc0\" data-id=\"9b06dc0\" data-element_type=\"column\" data-e-type=\"column\">\n\t\t\t<div class=\"elementor-widget-wrap elementor-element-populated\">\n\t\t\t\t\t\t<div class=\"elementor-element elementor-element-7db2a5c elementor-widget elementor-widget-heading\" data-id=\"7db2a5c\" data-element_type=\"widget\" data-e-type=\"widget\" data-widget_type=\"heading.default\">\n\t\t\t\t<div class=\"elementor-widget-container\">\n\t\t\t\t\t<h2 class=\"elementor-heading-title elementor-size-xxl\">Innovations<\/h2>\t\t\t\t<\/div>\n\t\t\t\t<\/div>\n\t\t\t\t<section class=\"elementor-section elementor-inner-section elementor-element elementor-element-1cc1f89c elementor-section-boxed elementor-section-height-default elementor-section-height-default\" data-id=\"1cc1f89c\" data-element_type=\"section\" data-e-type=\"section\">\n\t\t\t\t\t\t<div class=\"elementor-container elementor-column-gap-default\">\n\t\t\t\t\t<div class=\"elementor-column elementor-col-33 elementor-inner-column elementor-element elementor-element-4e9d7e08\" data-id=\"4e9d7e08\" data-element_type=\"column\" data-e-type=\"column\">\n\t\t\t<div class=\"elementor-widget-wrap elementor-element-populated\">\n\t\t\t\t\t\t<div class=\"elementor-element elementor-element-4ea76cb8 elementor-widget elementor-widget-image\" data-id=\"4ea76cb8\" data-element_type=\"widget\" data-e-type=\"widget\" data-widget_type=\"image.default\">\n\t\t\t\t<div class=\"elementor-widget-container\">\n\t\t\t\t\t\t\t\t\t\t\t\t\t\t\t\t<a href=\"https:\/\/comfor.iefc.net\/wp-content\/uploads\/2021\/02\/Moss-by-Marjatta-Cajan-from-Pixabay.jpg\" data-elementor-open-lightbox=\"yes\" data-elementor-lightbox-title=\"Moss by Marjatta Cajan from Pixabay\" data-elementor-lightbox-description=\"Forest Moss\" data-e-action-hash=\"#elementor-action%3Aaction%3Dlightbox%26settings%3DeyJpZCI6NDA5LCJ1cmwiOiJodHRwczpcL1wvY29tZm9yLmllZmMubmV0XC93cC1jb250ZW50XC91cGxvYWRzXC8yMDIxXC8wMlwvTW9zcy1ieS1NYXJqYXR0YS1DYWphbi1mcm9tLVBpeGFiYXkuanBnIn0%3D\">\n\t\t\t\t\t\t\t<img decoding=\"async\" src=\"https:\/\/comfor.iefc.net\/wp-content\/uploads\/elementor\/thumbs\/Moss-by-Marjatta-Cajan-from-Pixabay-p3g75u7tbted4ilv3lz9c1hx6lri54b3dewdqwhxtc.jpg\" title=\"Moss by Marjatta Cajan from Pixabay\" alt=\"Forest Moss\" loading=\"lazy\" \/>\t\t\t\t\t\t\t\t<\/a>\n\t\t\t\t\t\t\t\t\t\t\t\t\t\t\t<\/div>\n\t\t\t\t<\/div>\n\t\t\t\t<div class=\"elementor-element elementor-element-477f696a elementor-widget elementor-widget-image\" data-id=\"477f696a\" data-element_type=\"widget\" data-e-type=\"widget\" data-widget_type=\"image.default\">\n\t\t\t\t<div class=\"elementor-widget-container\">\n\t\t\t\t\t\t\t\t\t\t\t\t\t\t\t\t<a href=\"https:\/\/comfor.iefc.net\/wp-content\/uploads\/2021\/02\/Forest-Dew-by-Miss-Orphelia-from-Pixabay.jpg\" data-elementor-open-lightbox=\"yes\" data-elementor-lightbox-title=\"Forest Dew by Miss Orphelia from Pixabay\" data-elementor-lightbox-description=\"Forest Dew\" data-e-action-hash=\"#elementor-action%3Aaction%3Dlightbox%26settings%3DeyJpZCI6NDEwLCJ1cmwiOiJodHRwczpcL1wvY29tZm9yLmllZmMubmV0XC93cC1jb250ZW50XC91cGxvYWRzXC8yMDIxXC8wMlwvRm9yZXN0LURldy1ieS1NaXNzLU9ycGhlbGlhLWZyb20tUGl4YWJheS5qcGcifQ%3D%3D\">\n\t\t\t\t\t\t\t<img decoding=\"async\" src=\"https:\/\/comfor.iefc.net\/wp-content\/uploads\/elementor\/thumbs\/Forest-Dew-by-Miss-Orphelia-from-Pixabay-p3g75x1bwbi83chrn5751isayrdls7madsuu6qdrao.jpg\" title=\"Forest Dew by Miss Orphelia from Pixabay\" alt=\"Forest Dew\" loading=\"lazy\" \/>\t\t\t\t\t\t\t\t<\/a>\n\t\t\t\t\t\t\t\t\t\t\t\t\t\t\t<\/div>\n\t\t\t\t<\/div>\n\t\t\t\t\t<\/div>\n\t\t<\/div>\n\t\t\t\t<div class=\"elementor-column elementor-col-66 elementor-inner-column elementor-element elementor-element-3a3caf21\" data-id=\"3a3caf21\" data-element_type=\"column\" data-e-type=\"column\">\n\t\t\t<div class=\"elementor-widget-wrap elementor-element-populated\">\n\t\t\t\t\t\t<div class=\"elementor-element elementor-element-610605bd elementor-widget elementor-widget-image\" data-id=\"610605bd\" data-element_type=\"widget\" data-e-type=\"widget\" data-widget_type=\"image.default\">\n\t\t\t\t<div class=\"elementor-widget-container\">\n\t\t\t\t\t\t\t\t\t\t\t\t\t\t\t\t<a href=\"https:\/\/comfor.iefc.net\/wp-content\/uploads\/2021\/02\/Mushroom-by-Imagii-from-Pixabay.jpg\" data-elementor-open-lightbox=\"yes\" data-elementor-lightbox-title=\"Mushroom by Imagii from Pixabay\" data-elementor-lightbox-description=\"Forest Mushroom\" data-e-action-hash=\"#elementor-action%3Aaction%3Dlightbox%26settings%3DeyJpZCI6NDA4LCJ1cmwiOiJodHRwczpcL1wvY29tZm9yLmllZmMubmV0XC93cC1jb250ZW50XC91cGxvYWRzXC8yMDIxXC8wMlwvTXVzaHJvb20tYnktSW1hZ2lpLWZyb20tUGl4YWJheS5qcGcifQ%3D%3D\">\n\t\t\t\t\t\t\t<img decoding=\"async\" src=\"https:\/\/comfor.iefc.net\/wp-content\/uploads\/elementor\/thumbs\/Mushroom-by-Imagii-from-Pixabay-p3g75refmqg8lpcw7q822vkzjszx51urw7alwoj0gg.jpg\" title=\"Mushroom by Imagii from Pixabay\" alt=\"Forest Mushroom\" loading=\"lazy\" \/>\t\t\t\t\t\t\t\t<\/a>\n\t\t\t\t\t\t\t\t\t\t\t\t\t\t\t<\/div>\n\t\t\t\t<\/div>\n\t\t\t\t\t<\/div>\n\t\t<\/div>\n\t\t\t\t\t<\/div>\n\t\t<\/section>\n\t\t\t\t\t<\/div>\n\t\t<\/div>\n\t\t\t\t\t<\/div>\n\t\t<\/section>\n\t\t\t\t<section class=\"elementor-section elementor-top-section elementor-element elementor-element-525e8d4 elementor-section-boxed elementor-section-height-default elementor-section-height-default\" data-id=\"525e8d4\" data-element_type=\"section\" data-e-type=\"section\">\n\t\t\t\t\t\t<div class=\"elementor-container elementor-column-gap-default\">\n\t\t\t\t\t<div class=\"elementor-column elementor-col-100 elementor-top-column elementor-element elementor-element-8a6a752\" data-id=\"8a6a752\" data-element_type=\"column\" data-e-type=\"column\">\n\t\t\t<div class=\"elementor-widget-wrap elementor-element-populated\">\n\t\t\t\t\t\t<div class=\"elementor-element elementor-element-d1e59e5 elementor-widget elementor-widget-text-editor\" data-id=\"d1e59e5\" data-element_type=\"widget\" data-e-type=\"widget\" data-widget_type=\"text-editor.default\">\n\t\t\t\t<div class=\"elementor-widget-container\">\n\t\t\t\t\t\t\t\t\t<p>Les principales innovations appliqu\u00e9es de COMFOR-SUDOE sont les suivantes\u00a0:<\/p>\t\t\t\t\t\t\t\t<\/div>\n\t\t\t\t<\/div>\n\t\t\t\t\t<\/div>\n\t\t<\/div>\n\t\t\t\t\t<\/div>\n\t\t<\/section>\n\t\t\t\t<section class=\"elementor-section elementor-top-section elementor-element elementor-element-b67a60f elementor-section-content-middle elementor-reverse-mobile elementor-section-boxed elementor-section-height-default elementor-section-height-default\" data-id=\"b67a60f\" data-element_type=\"section\" data-e-type=\"section\" data-settings=\"{&quot;background_background&quot;:&quot;classic&quot;}\">\n\t\t\t\t\t\t\t<div class=\"elementor-background-overlay\"><\/div>\n\t\t\t\t\t\t\t<div class=\"elementor-container elementor-column-gap-default\">\n\t\t\t\t\t<div class=\"elementor-column elementor-col-100 elementor-top-column elementor-element elementor-element-6733c263\" data-id=\"6733c263\" data-element_type=\"column\" data-e-type=\"column\">\n\t\t\t<div class=\"elementor-widget-wrap elementor-element-populated\">\n\t\t\t\t\t\t<section class=\"elementor-section elementor-inner-section elementor-element elementor-element-62b698b3 elementor-section-boxed elementor-section-height-default elementor-section-height-default\" data-id=\"62b698b3\" data-element_type=\"section\" data-e-type=\"section\">\n\t\t\t\t\t\t<div class=\"elementor-container elementor-column-gap-wider\">\n\t\t\t\t\t<div class=\"elementor-column elementor-col-33 elementor-inner-column elementor-element elementor-element-56d3a3dd\" data-id=\"56d3a3dd\" data-element_type=\"column\" data-e-type=\"column\" data-settings=\"{&quot;background_background&quot;:&quot;classic&quot;}\">\n\t\t\t<div class=\"elementor-widget-wrap elementor-element-populated\">\n\t\t\t\t\t\t<div class=\"elementor-element elementor-element-58f3dfef elementor-widget elementor-widget-image-box\" data-id=\"58f3dfef\" data-element_type=\"widget\" data-e-type=\"widget\" data-widget_type=\"image-box.default\">\n\t\t\t\t<div class=\"elementor-widget-container\">\n\t\t\t\t\t<div class=\"elementor-image-box-wrapper\"><div class=\"elementor-image-box-content\"><h3 class=\"elementor-image-box-title\">M\u00e9thodologies<\/h3><p class=\"elementor-image-box-description\">caract\u00e9risation des for\u00eats complexes, comptabilisation du capital naturel, formation et valorisation sociale de ce type de for\u00eats.<\/p><\/div><\/div>\t\t\t\t<\/div>\n\t\t\t\t<\/div>\n\t\t\t\t\t<\/div>\n\t\t<\/div>\n\t\t\t\t<div class=\"elementor-column elementor-col-33 elementor-inner-column elementor-element elementor-element-54ece042\" data-id=\"54ece042\" data-element_type=\"column\" data-e-type=\"column\" data-settings=\"{&quot;background_background&quot;:&quot;classic&quot;}\">\n\t\t\t<div class=\"elementor-widget-wrap elementor-element-populated\">\n\t\t\t\t\t\t<div class=\"elementor-element elementor-element-63d38595 elementor-widget elementor-widget-image-box\" data-id=\"63d38595\" data-element_type=\"widget\" data-e-type=\"widget\" data-widget_type=\"image-box.default\">\n\t\t\t\t<div class=\"elementor-widget-container\">\n\t\t\t\t\t<div class=\"elementor-image-box-wrapper\"><div class=\"elementor-image-box-content\"><h3 class=\"elementor-image-box-title\">Techniques Innovantes<\/h3><p class=\"elementor-image-box-description\">utilisation des technologies LiDAR a\u00e9riennes et terrestres combin\u00e9es et des images multispectrales pour la surveillance de for\u00eats complexes.<\/p><\/div><\/div>\t\t\t\t<\/div>\n\t\t\t\t<\/div>\n\t\t\t\t\t<\/div>\n\t\t<\/div>\n\t\t\t\t<div class=\"elementor-column elementor-col-33 elementor-inner-column elementor-element elementor-element-40e25552\" data-id=\"40e25552\" data-element_type=\"column\" data-e-type=\"column\" data-settings=\"{&quot;background_background&quot;:&quot;classic&quot;}\">\n\t\t\t<div class=\"elementor-widget-wrap elementor-element-populated\">\n\t\t\t\t\t\t<div class=\"elementor-element elementor-element-18923c6a elementor-widget elementor-widget-image-box\" data-id=\"18923c6a\" data-element_type=\"widget\" data-e-type=\"widget\" data-widget_type=\"image-box.default\">\n\t\t\t\t<div class=\"elementor-widget-container\">\n\t\t\t\t\t<div class=\"elementor-image-box-wrapper\"><div class=\"elementor-image-box-content\"><h3 class=\"elementor-image-box-title\">Strategies de Gestion<\/h3><p class=\"elementor-image-box-description\">m\u00e9thodes de transformation et de diversification des structures et conception de plantations en m\u00e9lang\u00e9s et de politiques mixtes (sp\u00e9cialisation intelligente).<\/p><\/div><\/div>\t\t\t\t<\/div>\n\t\t\t\t<\/div>\n\t\t\t\t\t<\/div>\n\t\t<\/div>\n\t\t\t\t\t<\/div>\n\t\t<\/section>\n\t\t\t\t\t<\/div>\n\t\t<\/div>\n\t\t\t\t\t<\/div>\n\t\t<\/section>\n\t\t\t\t<section class=\"elementor-section elementor-top-section elementor-element elementor-element-cf94890 elementor-section-boxed elementor-section-height-default elementor-section-height-default\" data-id=\"cf94890\" data-element_type=\"section\" data-e-type=\"section\">\n\t\t\t\t\t\t<div class=\"elementor-container elementor-column-gap-default\">\n\t\t\t\t\t<div class=\"elementor-column elementor-col-100 elementor-top-column elementor-element elementor-element-d1113f4\" data-id=\"d1113f4\" data-element_type=\"column\" data-e-type=\"column\">\n\t\t\t<div class=\"elementor-widget-wrap elementor-element-populated\">\n\t\t\t\t\t\t<div class=\"elementor-element elementor-element-146a7a3 elementor-widget elementor-widget-spacer\" data-id=\"146a7a3\" data-element_type=\"widget\" data-e-type=\"widget\" data-widget_type=\"spacer.default\">\n\t\t\t\t<div class=\"elementor-widget-container\">\n\t\t\t\t\t\t\t<div class=\"elementor-spacer\">\n\t\t\t<div class=\"elementor-spacer-inner\"><\/div>\n\t\t<\/div>\n\t\t\t\t\t\t<\/div>\n\t\t\t\t<\/div>\n\t\t\t\t\t<\/div>\n\t\t<\/div>\n\t\t\t\t\t<\/div>\n\t\t<\/section>\n\t\t\t\t<section class=\"elementor-section elementor-top-section elementor-element elementor-element-ed92a67 elementor-section-boxed elementor-section-height-default elementor-section-height-default\" data-id=\"ed92a67\" data-element_type=\"section\" data-e-type=\"section\">\n\t\t\t\t\t\t<div class=\"elementor-container elementor-column-gap-default\">\n\t\t\t\t\t<div class=\"elementor-column elementor-col-100 elementor-top-column elementor-element elementor-element-b73d7d4\" data-id=\"b73d7d4\" data-element_type=\"column\" data-e-type=\"column\">\n\t\t\t<div class=\"elementor-widget-wrap elementor-element-populated\">\n\t\t\t\t\t\t<div class=\"elementor-element elementor-element-03da177 elementor-widget elementor-widget-text-editor\" data-id=\"03da177\" data-element_type=\"widget\" data-e-type=\"widget\" data-widget_type=\"text-editor.default\">\n\t\t\t\t<div class=\"elementor-widget-container\">\n\t\t\t\t\t\t\t\t\t<p>COMFOR SUDOE cherche \u00e0 adopter des mesures de gestion intelligentes qui favorisent la diversification des structures foresti\u00e8res, en privil\u00e9giant les for\u00eats et des paysages complexes et les plantations mixtes, en utilisant les technologies LiDAR et la cartographie 3D, en favorisant la sp\u00e9cialisation intelligente de la gestion foresti\u00e8re de SUDOE. Pour cela, il est propos\u00e9 :<br><\/p>\n<ul>\n<li>La cr\u00e9ation du r\u00e9seau exp\u00e9rimentation commun de sites de d\u00e9monstration de plantations foresti\u00e8res m\u00e9lang\u00e9es en SUDOE pour un meilleur transfert de connaissances.<\/li>\n<li>L&#8217;\u00e9laboration de mod\u00e8les de croissance pour les for\u00eats mixtes et non r\u00e9glement\u00e9es \u00e0 l&#8217;aide de technologies open source.<\/li>\n<li>La cartographie et \u00e9valuation des services \u00e9cosyst\u00e9miques rendus et risques pour les for\u00eats h\u00e9t\u00e9rog\u00e8nes du SUDOE.<\/li>\n<li>L&#8217;analyse de la perception sociale des for\u00eats m\u00e9lang\u00e9es.<\/li>\n<li>L&#8217;\u00e9laboratio d&#8217;un guide pratique SUDOE sur la cr\u00e9ation, la gestion et la conservation des for\u00eats mixtes et irr\u00e9guli\u00e8res et de plantations m\u00e9lang\u00e9es.<\/li>\n<\/ul><br>\t\t\t\t\t\t\t\t<\/div>\n\t\t\t\t<\/div>\n\t\t\t\t\t<\/div>\n\t\t<\/div>\n\t\t\t\t\t<\/div>\n\t\t<\/section>\n\t\t\t\t<section class=\"elementor-section elementor-top-section elementor-element elementor-element-3cbfdac elementor-section-boxed elementor-section-height-default elementor-section-height-default\" data-id=\"3cbfdac\" data-element_type=\"section\" data-e-type=\"section\">\n\t\t\t\t\t\t<div class=\"elementor-container elementor-column-gap-default\">\n\t\t\t\t\t<div class=\"elementor-column elementor-col-100 elementor-top-column elementor-element elementor-element-798b868\" data-id=\"798b868\" data-element_type=\"column\" data-e-type=\"column\">\n\t\t\t<div class=\"elementor-widget-wrap elementor-element-populated\">\n\t\t\t\t\t\t<div class=\"elementor-element elementor-element-d15cb65 elementor-widget-divider--separator-type-pattern elementor-widget-divider--no-spacing elementor-widget-divider--view-line elementor-widget elementor-widget-divider\" data-id=\"d15cb65\" data-element_type=\"widget\" data-e-type=\"widget\" data-widget_type=\"divider.default\">\n\t\t\t\t<div class=\"elementor-widget-container\">\n\t\t\t\t\t\t\t<div class=\"elementor-divider\" style=\"--divider-pattern-url: url(&quot;data:image\/svg+xml,%3Csvg xmlns=&#039;http:\/\/www.w3.org\/2000\/svg&#039; preserveAspectRatio=&#039;xMidYMid meet&#039; overflow=&#039;visible&#039; height=&#039;100%&#039; viewBox=&#039;0 0 117 26&#039; fill=&#039;black&#039; stroke=&#039;none&#039;%3E%3Cpath d=&#039;M3,1.5C5,4.9,6,8.8,6,13s-1.7,8.1-5,11.5C0.3,21.1,0,17.2,0,13S1,4.9,3,1.5z M16,1.5c2,3.4,3,7.3,3,11.5s-1,8.1-3,11.5c-2-4.1-3-8.3-3-12.5S14,4.3,16,1.5z M29,1.5c2,4.8,3,9.3,3,13.5s-1,7.4-3,9.5c-2-3.4-3-7.3-3-11.5S27,4.9,29,1.5z M41.1,1.5C43.7,4.9,45,8.8,45,13s-1,8.1-3,11.5c-2-3.4-3-7.3-3-11.5S39.7,4.9,41.1,1.5zM55,1.5c2,2.8,3,6.3,3,10.5s-1.3,8.4-4,12.5c-1.3-3.4-2-7.3-2-11.5S53,4.9,55,1.5z M68,1.5c2,3.4,3,7.3,3,11.5s-0.7,8.1-2,11.5c-2.7-4.8-4-9.3-4-13.5S66,3.6,68,1.5z M82,1.5c1.3,4.8,2,9.3,2,13.5s-1,7.4-3,9.5c-2-3.4-3-7.3-3-11.5S79.3,4.9,82,1.5z M94,1.5c2,3.4,3,7.3,3,11.5s-1.3,8.1-4,11.5c-1.3-1.4-2-4.3-2-8.5S92,6.9,94,1.5z M107,1.5c2,2.1,3,5.3,3,9.5s-0.7,8.7-2,13.5c-2.7-3.4-4-7.3-4-11.5S105,4.9,107,1.5z&#039;\/%3E%3C\/svg%3E&quot;);\">\n\t\t\t<span class=\"elementor-divider-separator\">\n\t\t\t\t\t\t<\/span>\n\t\t<\/div>\n\t\t\t\t\t\t<\/div>\n\t\t\t\t<\/div>\n\t\t\t\t\t<\/div>\n\t\t<\/div>\n\t\t\t\t\t<\/div>\n\t\t<\/section>\n\t\t\t\t<section class=\"elementor-section elementor-top-section elementor-element elementor-element-bec06ee elementor-section-boxed elementor-section-height-default elementor-section-height-default\" data-id=\"bec06ee\" data-element_type=\"section\" data-e-type=\"section\">\n\t\t\t\t\t\t<div class=\"elementor-container elementor-column-gap-default\">\n\t\t\t\t\t<div class=\"elementor-column elementor-col-100 elementor-top-column elementor-element elementor-element-64dcc1d\" data-id=\"64dcc1d\" data-element_type=\"column\" data-e-type=\"column\">\n\t\t\t<div class=\"elementor-widget-wrap elementor-element-populated\">\n\t\t\t\t\t\t<div class=\"elementor-element elementor-element-2e8ac7d elementor-widget elementor-widget-text-editor\" data-id=\"2e8ac7d\" data-element_type=\"widget\" data-e-type=\"widget\" data-widget_type=\"text-editor.default\">\n\t\t\t\t<div class=\"elementor-widget-container\">\n\t\t\t\t\t\t\t\t\t<p>Cr\u00e9dits: images par Marjatta Cajan, Miss Orphelia, et Imagii de Pixabay.<\/p>\t\t\t\t\t\t\t\t<\/div>\n\t\t\t\t<\/div>\n\t\t\t\t\t<\/div>\n\t\t<\/div>\n\t\t\t\t\t<\/div>\n\t\t<\/section>\n\t\t\t\t<\/div>\n\t\t","protected":false},"excerpt":{"rendered":"<p>Innovations Les principales innovations appliqu\u00e9es de COMFOR-SUDOE sont les suivantes\u00a0: M\u00e9thodologies caract\u00e9risation des for\u00eats complexes, comptabilisation du capital naturel, formation et valorisation sociale de ce type de for\u00eats. Techniques Innovantes [&hellip;]<\/p>\n","protected":false},"author":3,"featured_media":0,"parent":0,"menu_order":0,"comment_status":"closed","ping_status":"closed","template":"","meta":{"site-sidebar-layout":"default","site-content-layout":"default","ast-site-content-layout":"","site-content-style":"default","site-sidebar-style":"default","ast-global-header-display":"","ast-banner-title-visibility":"","ast-main-header-display":"","ast-hfb-above-header-display":"","ast-hfb-below-header-display":"","ast-hfb-mobile-header-display":"","site-post-title":"","ast-breadcrumbs-content":"","ast-featured-img":"","footer-sml-layout":"","theme-transparent-header-meta":"default","adv-header-id-meta":"","stick-header-meta":"","header-above-stick-meta":"","header-main-stick-meta":"","header-below-stick-meta":"","astra-migrate-meta-layouts":"default","ast-page-background-enabled":"default","ast-page-background-meta":{"desktop":{"background-color":"var(--ast-global-color-4)","background-image":"","background-repeat":"repeat","background-position":"center center","background-size":"auto","background-attachment":"scroll","background-type":"","background-media":"","overlay-type":"","overlay-color":"","overlay-gradient":""},"tablet":{"background-color":"","background-image":"","background-repeat":"repeat","background-position":"center center","background-size":"auto","background-attachment":"scroll","background-type":"","background-media":"","overlay-type":"","overlay-color":"","overlay-gradient":""},"mobile":{"background-color":"","background-image":"","background-repeat":"repeat","background-position":"center center","background-size":"auto","background-attachment":"scroll","background-type":"","background-media":"","overlay-type":"","overlay-color":"","overlay-gradient":""}},"ast-content-background-meta":{"desktop":{"background-color":"var(--ast-global-color-5)","background-image":"","background-repeat":"repeat","background-position":"center center","background-size":"auto","background-attachment":"scroll","background-type":"","background-media":"","overlay-type":"","overlay-color":"","overlay-gradient":""},"tablet":{"background-color":"var(--ast-global-color-5)","background-image":"","background-repeat":"repeat","background-position":"center center","background-size":"auto","background-attachment":"scroll","background-type":"","background-media":"","overlay-type":"","overlay-color":"","overlay-gradient":""},"mobile":{"background-color":"var(--ast-global-color-5)","background-image":"","background-repeat":"repeat","background-position":"center center","background-size":"auto","background-attachment":"scroll","background-type":"","background-media":"","overlay-type":"","overlay-color":"","overlay-gradient":""}},"footnotes":""},"class_list":["post-1267","page","type-page","status-publish","hentry"],"_links":{"self":[{"href":"https:\/\/comfor.iefc.net\/fr\/wp-json\/wp\/v2\/pages\/1267","targetHints":{"allow":["GET"]}}],"collection":[{"href":"https:\/\/comfor.iefc.net\/fr\/wp-json\/wp\/v2\/pages"}],"about":[{"href":"https:\/\/comfor.iefc.net\/fr\/wp-json\/wp\/v2\/types\/page"}],"author":[{"embeddable":true,"href":"https:\/\/comfor.iefc.net\/fr\/wp-json\/wp\/v2\/users\/3"}],"replies":[{"embeddable":true,"href":"https:\/\/comfor.iefc.net\/fr\/wp-json\/wp\/v2\/comments?post=1267"}],"version-history":[{"count":23,"href":"https:\/\/comfor.iefc.net\/fr\/wp-json\/wp\/v2\/pages\/1267\/revisions"}],"predecessor-version":[{"id":1294,"href":"https:\/\/comfor.iefc.net\/fr\/wp-json\/wp\/v2\/pages\/1267\/revisions\/1294"}],"wp:attachment":[{"href":"https:\/\/comfor.iefc.net\/fr\/wp-json\/wp\/v2\/media?parent=1267"}],"curies":[{"name":"wp","href":"https:\/\/api.w.org\/{rel}","templated":true}]}}