{"id":2140,"date":"2021-09-02T14:37:50","date_gmt":"2021-09-02T12:37:50","guid":{"rendered":"https:\/\/www.comfor-sudoe.eu\/?page_id=2140"},"modified":"2023-07-17T11:44:36","modified_gmt":"2023-07-17T09:44:36","slug":"informes-y-presentaciones","status":"publish","type":"page","link":"https:\/\/comfor.iefc.net\/es\/informes-y-presentaciones\/","title":{"rendered":""},"content":{"rendered":"\t\t<div data-elementor-type=\"wp-page\" data-elementor-id=\"2140\" class=\"elementor elementor-2140\">\n\t\t\t\t\t\t<section class=\"elementor-section elementor-top-section elementor-element elementor-element-74df4e8 elementor-section-boxed elementor-section-height-default elementor-section-height-default\" data-id=\"74df4e8\" data-element_type=\"section\" data-e-type=\"section\">\n\t\t\t\t\t\t<div class=\"elementor-container elementor-column-gap-default\">\n\t\t\t\t\t<div class=\"elementor-column elementor-col-100 elementor-top-column elementor-element elementor-element-b90fac4\" data-id=\"b90fac4\" data-element_type=\"column\" data-e-type=\"column\">\n\t\t\t<div class=\"elementor-widget-wrap elementor-element-populated\">\n\t\t\t\t\t\t<div class=\"elementor-element elementor-element-8ea3dbe elementor-widget elementor-widget-heading\" data-id=\"8ea3dbe\" data-element_type=\"widget\" data-e-type=\"widget\" data-widget_type=\"heading.default\">\n\t\t\t\t<div class=\"elementor-widget-container\">\n\t\t\t\t\t<h2 class=\"elementor-heading-title elementor-size-xxl\">Informes y Presentaciones<\/h2>\t\t\t\t<\/div>\n\t\t\t\t<\/div>\n\t\t\t\t\t<\/div>\n\t\t<\/div>\n\t\t\t\t\t<\/div>\n\t\t<\/section>\n\t\t\t\t<section class=\"elementor-section elementor-top-section elementor-element elementor-element-d3a7d74 elementor-section-content-middle elementor-section-stretched elementor-section-full_width elementor-section-height-default elementor-section-height-default\" data-id=\"d3a7d74\" data-element_type=\"section\" data-e-type=\"section\" data-settings=\"{&quot;background_background&quot;:&quot;classic&quot;,&quot;stretch_section&quot;:&quot;section-stretched&quot;}\">\n\t\t\t\t\t\t<div class=\"elementor-container elementor-column-gap-no\">\n\t\t\t\t\t<div class=\"elementor-column elementor-col-100 elementor-top-column elementor-element elementor-element-49662d69\" data-id=\"49662d69\" data-element_type=\"column\" data-e-type=\"column\" data-settings=\"{&quot;background_background&quot;:&quot;classic&quot;}\">\n\t\t\t<div class=\"elementor-widget-wrap elementor-element-populated\">\n\t\t\t\t\t\t<div class=\"elementor-element elementor-element-5003590 elementor-widget elementor-widget-image\" data-id=\"5003590\" data-element_type=\"widget\" data-e-type=\"widget\" data-widget_type=\"image.default\">\n\t\t\t\t<div class=\"elementor-widget-container\">\n\t\t\t\t\t\t\t\t\t\t\t\t\t\t\t<img decoding=\"async\" src=\"https:\/\/comfor.iefc.net\/wp-content\/uploads\/2021\/03\/Autumn-Forest-by-Tomasz-Proszek.jpg\" title=\"\" alt=\"\" loading=\"lazy\" \/>\t\t\t\t\t\t\t\t\t\t\t\t\t\t\t<\/div>\n\t\t\t\t<\/div>\n\t\t\t\t\t<\/div>\n\t\t<\/div>\n\t\t\t\t\t<\/div>\n\t\t<\/section>\n\t\t\t\t<section class=\"elementor-section elementor-top-section elementor-element elementor-element-c2cafe0 elementor-section-boxed elementor-section-height-default elementor-section-height-default\" data-id=\"c2cafe0\" data-element_type=\"section\" data-e-type=\"section\">\n\t\t\t\t\t\t<div class=\"elementor-container elementor-column-gap-default\">\n\t\t\t\t\t<div class=\"elementor-column elementor-col-100 elementor-top-column elementor-element elementor-element-edcea6f\" data-id=\"edcea6f\" data-element_type=\"column\" data-e-type=\"column\">\n\t\t\t<div class=\"elementor-widget-wrap elementor-element-populated\">\n\t\t\t\t\t\t<div class=\"elementor-element elementor-element-2b5c0bf elementor-widget elementor-widget-spacer\" data-id=\"2b5c0bf\" data-element_type=\"widget\" data-e-type=\"widget\" data-widget_type=\"spacer.default\">\n\t\t\t\t<div class=\"elementor-widget-container\">\n\t\t\t\t\t\t\t<div class=\"elementor-spacer\">\n\t\t\t<div class=\"elementor-spacer-inner\"><\/div>\n\t\t<\/div>\n\t\t\t\t\t\t<\/div>\n\t\t\t\t<\/div>\n\t\t\t\t\t<\/div>\n\t\t<\/div>\n\t\t\t\t\t<\/div>\n\t\t<\/section>\n\t\t\t\t<section class=\"elementor-section elementor-top-section elementor-element elementor-element-0c02fe7 elementor-section-boxed elementor-section-height-default elementor-section-height-default\" data-id=\"0c02fe7\" data-element_type=\"section\" data-e-type=\"section\">\n\t\t\t\t\t\t<div class=\"elementor-container elementor-column-gap-default\">\n\t\t\t\t\t<div class=\"elementor-column elementor-col-100 elementor-top-column elementor-element elementor-element-5c1d720\" data-id=\"5c1d720\" data-element_type=\"column\" data-e-type=\"column\">\n\t\t\t<div class=\"elementor-widget-wrap elementor-element-populated\">\n\t\t\t\t\t\t<div class=\"elementor-element elementor-element-11fbc23 elementor-widget elementor-widget-text-editor\" data-id=\"11fbc23\" data-element_type=\"widget\" data-e-type=\"widget\" data-widget_type=\"text-editor.default\">\n\t\t\t\t<div class=\"elementor-widget-container\">\n\t\t\t\t\t\t\t\t\t<h2 class=\"has-text-color has-huge-font-size\"><span style=\"color: #fcd606;\"><strong>2023 <\/strong><\/span><\/h2><h5><strong>13-14 de abril de 2023 &#8211;<\/strong> Simposio sobre bosques mixtos y Asamblea General<\/h5><h5><a href=\"https:\/\/nextcloud.iefc.net\/index.php\/s\/XT7WZPG2zoX7Hcz\" target=\"_blank\" rel=\"noopener\">Presentaciones<\/a><\/h5><h5><strong>23\/03\/2023 &#8211;<\/strong> Seminario sobre el \u201cInter\u00e9s y las buenas pr\u00e1cticas de las plantaciones mixtas\u201d (Proyecto COMFOR)<\/h5><ul><li><h5><a href=\"https:\/\/www.usse-eu.org\/es\/noticias\/seminar-on-interest-and-good-practices-of-mixed-plantations-comfor-project\">Presentaciones<\/a><\/h5><\/li><li><h5>V\u00eddeos:<\/h5><ul><li><h5><a href=\"https:\/\/www.youtube.com\/watch?v=Tz77Wo7im_4\">Carlos Uriagereka, Servicio de Montes Diputaci\u00f3n Foral de Bizkaia <\/a><\/h5><\/li><li><h5><a href=\"https:\/\/www.youtube.com\/watch?v=h3Hpkm-taxQ\">Opini\u00f3n de Josu Azpitarte, del Departamento T\u00e9cnico de Baskegur<\/a><\/h5><\/li><li><h5><a href=\"https:\/\/www.youtube.com\/watch?v=8uwLnRQ6XZg\"> Christophe Orazio, del Institute Europ\u00e9en de la F\u00f4ret Cultiv\u00e9e<\/a><\/h5><\/li><\/ul><\/li><\/ul><h2 class=\"has-text-color has-huge-font-size\"><span style=\"color: #fcd606;\"><strong>2021<br \/><\/strong><\/span><\/h2><h5 class=\"has-text-color has-huge-font-size\"><span style=\"text-decoration: underline;\"><a href=\"http:\/\/www.comfor-sudoe.eu\/wp-content\/uploads\/2021\/09\/COMFOR-deliverable-2.2.1_v1.0-3.pdf\" target=\"_blank\" rel=\"noopener\"><strong>Informe para gestores y responsables de pol\u00edticas sobre m\u00e9todos de valoraci\u00f3n monetaria y no monetaria de servicios ambientales de los bosques complejos del Sudoe.<\/strong><\/a><\/span><strong> Contabilidad del Capital Natural. ECOACSA.<\/strong> July 2021.<\/h5><h5 class=\"has-text-color has-huge-font-size\"><span style=\"text-decoration: underline;\"><a href=\"http:\/\/www.comfor-sudoe.eu\/wp-content\/uploads\/2021\/09\/COMFOR-deliverable-2.2.2_v1.0-1.pdf\" target=\"_blank\" rel=\"noopener\"><strong>\u00c1rbol de decisi\u00f3n de metodolog\u00edas apropiadas para la valoraci\u00f3n de servicios ambientales en los bosques complejos del Sudoe.<\/strong><\/a><\/span> <strong>Contabilidad del Capital Natural.<\/strong> <strong>ECOACSA<\/strong>. July 2021.<\/h5>\t\t\t\t\t\t\t\t<\/div>\n\t\t\t\t<\/div>\n\t\t\t\t\t<\/div>\n\t\t<\/div>\n\t\t\t\t\t<\/div>\n\t\t<\/section>\n\t\t\t\t<section class=\"elementor-section elementor-top-section elementor-element elementor-element-eabbd00 elementor-section-boxed elementor-section-height-default elementor-section-height-default\" data-id=\"eabbd00\" data-element_type=\"section\" data-e-type=\"section\">\n\t\t\t\t\t\t<div class=\"elementor-container elementor-column-gap-default\">\n\t\t\t\t\t<div class=\"elementor-column elementor-col-100 elementor-top-column elementor-element elementor-element-74d62db\" data-id=\"74d62db\" data-element_type=\"column\" data-e-type=\"column\">\n\t\t\t<div class=\"elementor-widget-wrap elementor-element-populated\">\n\t\t\t\t\t\t<div class=\"elementor-element elementor-element-8d687b4 elementor-widget-divider--separator-type-pattern elementor-widget-divider--no-spacing elementor-widget-divider--view-line elementor-widget elementor-widget-divider\" data-id=\"8d687b4\" data-element_type=\"widget\" data-e-type=\"widget\" data-widget_type=\"divider.default\">\n\t\t\t\t<div class=\"elementor-widget-container\">\n\t\t\t\t\t\t\t<div class=\"elementor-divider\" style=\"--divider-pattern-url: url(&quot;data:image\/svg+xml,%3Csvg xmlns=&#039;http:\/\/www.w3.org\/2000\/svg&#039; preserveAspectRatio=&#039;xMidYMid meet&#039; overflow=&#039;visible&#039; height=&#039;100%&#039; viewBox=&#039;0 0 117 26&#039; fill=&#039;black&#039; stroke=&#039;none&#039;%3E%3Cpath d=&#039;M3,1.5C5,4.9,6,8.8,6,13s-1.7,8.1-5,11.5C0.3,21.1,0,17.2,0,13S1,4.9,3,1.5z M16,1.5c2,3.4,3,7.3,3,11.5s-1,8.1-3,11.5c-2-4.1-3-8.3-3-12.5S14,4.3,16,1.5z M29,1.5c2,4.8,3,9.3,3,13.5s-1,7.4-3,9.5c-2-3.4-3-7.3-3-11.5S27,4.9,29,1.5z M41.1,1.5C43.7,4.9,45,8.8,45,13s-1,8.1-3,11.5c-2-3.4-3-7.3-3-11.5S39.7,4.9,41.1,1.5zM55,1.5c2,2.8,3,6.3,3,10.5s-1.3,8.4-4,12.5c-1.3-3.4-2-7.3-2-11.5S53,4.9,55,1.5z M68,1.5c2,3.4,3,7.3,3,11.5s-0.7,8.1-2,11.5c-2.7-4.8-4-9.3-4-13.5S66,3.6,68,1.5z M82,1.5c1.3,4.8,2,9.3,2,13.5s-1,7.4-3,9.5c-2-3.4-3-7.3-3-11.5S79.3,4.9,82,1.5z M94,1.5c2,3.4,3,7.3,3,11.5s-1.3,8.1-4,11.5c-1.3-1.4-2-4.3-2-8.5S92,6.9,94,1.5z M107,1.5c2,2.1,3,5.3,3,9.5s-0.7,8.7-2,13.5c-2.7-3.4-4-7.3-4-11.5S105,4.9,107,1.5z&#039;\/%3E%3C\/svg%3E&quot;);\">\n\t\t\t<span class=\"elementor-divider-separator\">\n\t\t\t\t\t\t<\/span>\n\t\t<\/div>\n\t\t\t\t\t\t<\/div>\n\t\t\t\t<\/div>\n\t\t\t\t\t<\/div>\n\t\t<\/div>\n\t\t\t\t\t<\/div>\n\t\t<\/section>\n\t\t\t\t<section class=\"elementor-section elementor-top-section elementor-element elementor-element-c225f91 elementor-section-boxed elementor-section-height-default elementor-section-height-default\" data-id=\"c225f91\" data-element_type=\"section\" data-e-type=\"section\">\n\t\t\t\t\t\t<div class=\"elementor-container elementor-column-gap-default\">\n\t\t\t\t\t<div class=\"elementor-column elementor-col-100 elementor-top-column elementor-element elementor-element-e5e421c\" data-id=\"e5e421c\" data-element_type=\"column\" data-e-type=\"column\">\n\t\t\t<div class=\"elementor-widget-wrap elementor-element-populated\">\n\t\t\t\t\t\t<div class=\"elementor-element elementor-element-920c214 elementor-widget elementor-widget-text-editor\" data-id=\"920c214\" data-element_type=\"widget\" data-e-type=\"widget\" data-widget_type=\"text-editor.default\">\n\t\t\t\t<div class=\"elementor-widget-container\">\n\t\t\t\t\t\t\t\t\t<p>Cr\u00e9ditos: im\u00e1genes por Tomasz Proszek de Pixabay<\/p>\n<p><br><\/p>\t\t\t\t\t\t\t\t<\/div>\n\t\t\t\t<\/div>\n\t\t\t\t\t<\/div>\n\t\t<\/div>\n\t\t\t\t\t<\/div>\n\t\t<\/section>\n\t\t\t\t<\/div>\n\t\t","protected":false},"excerpt":{"rendered":"<p>Informes y Presentaciones 2023 13-14 de abril de 2023 &#8211; Simposio sobre bosques mixtos y Asamblea General Presentaciones 23\/03\/2023 &#8211; Seminario sobre el \u201cInter\u00e9s y las buenas pr\u00e1cticas de las [&hellip;]<\/p>\n","protected":false},"author":3,"featured_media":0,"parent":0,"menu_order":0,"comment_status":"closed","ping_status":"closed","template":"","meta":{"site-sidebar-layout":"default","site-content-layout":"default","ast-site-content-layout":"","site-content-style":"default","site-sidebar-style":"default","ast-global-header-display":"","ast-banner-title-visibility":"","ast-main-header-display":"","ast-hfb-above-header-display":"","ast-hfb-below-header-display":"","ast-hfb-mobile-header-display":"","site-post-title":"","ast-breadcrumbs-content":"","ast-featured-img":"","footer-sml-layout":"","theme-transparent-header-meta":"default","adv-header-id-meta":"","stick-header-meta":"","header-above-stick-meta":"","header-main-stick-meta":"","header-below-stick-meta":"","astra-migrate-meta-layouts":"default","ast-page-background-enabled":"default","ast-page-background-meta":{"desktop":{"background-color":"var(--ast-global-color-4)","background-image":"","background-repeat":"repeat","background-position":"center center","background-size":"auto","background-attachment":"scroll","background-type":"","background-media":"","overlay-type":"","overlay-color":"","overlay-gradient":""},"tablet":{"background-color":"","background-image":"","background-repeat":"repeat","background-position":"center center","background-size":"auto","background-attachment":"scroll","background-type":"","background-media":"","overlay-type":"","overlay-color":"","overlay-gradient":""},"mobile":{"background-color":"","background-image":"","background-repeat":"repeat","background-position":"center center","background-size":"auto","background-attachment":"scroll","background-type":"","background-media":"","overlay-type":"","overlay-color":"","overlay-gradient":""}},"ast-content-background-meta":{"desktop":{"background-color":"var(--ast-global-color-5)","background-image":"","background-repeat":"repeat","background-position":"center center","background-size":"auto","background-attachment":"scroll","background-type":"","background-media":"","overlay-type":"","overlay-color":"","overlay-gradient":""},"tablet":{"background-color":"var(--ast-global-color-5)","background-image":"","background-repeat":"repeat","background-position":"center center","background-size":"auto","background-attachment":"scroll","background-type":"","background-media":"","overlay-type":"","overlay-color":"","overlay-gradient":""},"mobile":{"background-color":"var(--ast-global-color-5)","background-image":"","background-repeat":"repeat","background-position":"center center","background-size":"auto","background-attachment":"scroll","background-type":"","background-media":"","overlay-type":"","overlay-color":"","overlay-gradient":""}},"footnotes":""},"class_list":["post-2140","page","type-page","status-publish","hentry"],"_links":{"self":[{"href":"https:\/\/comfor.iefc.net\/es\/wp-json\/wp\/v2\/pages\/2140","targetHints":{"allow":["GET"]}}],"collection":[{"href":"https:\/\/comfor.iefc.net\/es\/wp-json\/wp\/v2\/pages"}],"about":[{"href":"https:\/\/comfor.iefc.net\/es\/wp-json\/wp\/v2\/types\/page"}],"author":[{"embeddable":true,"href":"https:\/\/comfor.iefc.net\/es\/wp-json\/wp\/v2\/users\/3"}],"replies":[{"embeddable":true,"href":"https:\/\/comfor.iefc.net\/es\/wp-json\/wp\/v2\/comments?post=2140"}],"version-history":[{"count":21,"href":"https:\/\/comfor.iefc.net\/es\/wp-json\/wp\/v2\/pages\/2140\/revisions"}],"predecessor-version":[{"id":2909,"href":"https:\/\/comfor.iefc.net\/es\/wp-json\/wp\/v2\/pages\/2140\/revisions\/2909"}],"wp:attachment":[{"href":"https:\/\/comfor.iefc.net\/es\/wp-json\/wp\/v2\/media?parent=2140"}],"curies":[{"name":"wp","href":"https:\/\/api.w.org\/{rel}","templated":true}]}}