{"id":1541,"date":"2021-02-25T18:38:29","date_gmt":"2021-02-25T17:38:29","guid":{"rendered":"http:\/\/www.comfor-sudoe.eu\/comfor-sudoe-activities-and-deliverables\/"},"modified":"2021-04-07T13:11:08","modified_gmt":"2021-04-07T11:11:08","slug":"comfor-sudoe-activities-and-deliverables","status":"publish","type":"page","link":"https:\/\/comfor.iefc.net\/es\/comfor-sudoe-activities-and-deliverables\/","title":{"rendered":""},"content":{"rendered":"\t\t<div data-elementor-type=\"wp-page\" data-elementor-id=\"1541\" class=\"elementor elementor-1541\">\n\t\t\t\t\t\t<section class=\"elementor-section elementor-top-section elementor-element elementor-element-51819f6 elementor-section-boxed elementor-section-height-default elementor-section-height-default\" data-id=\"51819f6\" data-element_type=\"section\" data-e-type=\"section\">\n\t\t\t\t\t\t<div class=\"elementor-container elementor-column-gap-default\">\n\t\t\t\t\t<div class=\"elementor-column elementor-col-100 elementor-top-column elementor-element elementor-element-dd1c8c5\" data-id=\"dd1c8c5\" data-element_type=\"column\" data-e-type=\"column\">\n\t\t\t<div class=\"elementor-widget-wrap elementor-element-populated\">\n\t\t\t\t\t\t<div class=\"elementor-element elementor-element-1d4b73e elementor-widget elementor-widget-heading\" data-id=\"1d4b73e\" data-element_type=\"widget\" data-e-type=\"widget\" data-widget_type=\"heading.default\">\n\t\t\t\t<div class=\"elementor-widget-container\">\n\t\t\t\t\t<h2 class=\"elementor-heading-title elementor-size-large\">Actividades y entregables <\/h2>\t\t\t\t<\/div>\n\t\t\t\t<\/div>\n\t\t\t\t\t<\/div>\n\t\t<\/div>\n\t\t\t\t\t<\/div>\n\t\t<\/section>\n\t\t\t\t<section class=\"elementor-section elementor-top-section elementor-element elementor-element-ef1521b elementor-section-boxed elementor-section-height-default elementor-section-height-default\" data-id=\"ef1521b\" data-element_type=\"section\" data-e-type=\"section\">\n\t\t\t\t\t\t<div class=\"elementor-container elementor-column-gap-default\">\n\t\t\t\t\t<div class=\"elementor-column elementor-col-50 elementor-top-column elementor-element elementor-element-45a4924\" data-id=\"45a4924\" data-element_type=\"column\" data-e-type=\"column\">\n\t\t\t<div class=\"elementor-widget-wrap elementor-element-populated\">\n\t\t\t\t\t\t<div class=\"elementor-element elementor-element-a4eda5a elementor-widget elementor-widget-image\" data-id=\"a4eda5a\" data-element_type=\"widget\" data-e-type=\"widget\" data-widget_type=\"image.default\">\n\t\t\t\t<div class=\"elementor-widget-container\">\n\t\t\t\t\t\t\t\t\t\t\t\t\t\t\t<img fetchpriority=\"high\" decoding=\"async\" width=\"1024\" height=\"683\" src=\"https:\/\/comfor.iefc.net\/wp-content\/uploads\/2021\/03\/Green-Leaf-from-Rawpixel-1024x683.jpg\" class=\"attachment-large size-large wp-image-570\" alt=\"\" srcset=\"https:\/\/comfor.iefc.net\/wp-content\/uploads\/2021\/03\/Green-Leaf-from-Rawpixel-1024x683.jpg 1024w, https:\/\/comfor.iefc.net\/wp-content\/uploads\/2021\/03\/Green-Leaf-from-Rawpixel-300x200.jpg 300w, https:\/\/comfor.iefc.net\/wp-content\/uploads\/2021\/03\/Green-Leaf-from-Rawpixel-768x512.jpg 768w, https:\/\/comfor.iefc.net\/wp-content\/uploads\/2021\/03\/Green-Leaf-from-Rawpixel-1536x1024.jpg 1536w, https:\/\/comfor.iefc.net\/wp-content\/uploads\/2021\/03\/Green-Leaf-from-Rawpixel-2048x1365.jpg 2048w, https:\/\/comfor.iefc.net\/wp-content\/uploads\/2021\/03\/Green-Leaf-from-Rawpixel-770x513.jpg 770w, https:\/\/comfor.iefc.net\/wp-content\/uploads\/2021\/03\/Green-Leaf-from-Rawpixel-370x247.jpg 370w\" sizes=\"(max-width: 1024px) 100vw, 1024px\" \/>\t\t\t\t\t\t\t\t\t\t\t\t\t\t\t<\/div>\n\t\t\t\t<\/div>\n\t\t\t\t\t<\/div>\n\t\t<\/div>\n\t\t\t\t<div class=\"elementor-column elementor-col-50 elementor-top-column elementor-element elementor-element-054ee10\" data-id=\"054ee10\" data-element_type=\"column\" data-e-type=\"column\">\n\t\t\t<div class=\"elementor-widget-wrap elementor-element-populated\">\n\t\t\t\t\t\t<div class=\"elementor-element elementor-element-22e85a2 elementor-widget elementor-widget-image\" data-id=\"22e85a2\" data-element_type=\"widget\" data-e-type=\"widget\" data-widget_type=\"image.default\">\n\t\t\t\t<div class=\"elementor-widget-container\">\n\t\t\t\t\t\t\t\t\t\t\t\t\t\t\t<img decoding=\"async\" width=\"1024\" height=\"683\" src=\"https:\/\/comfor.iefc.net\/wp-content\/uploads\/2021\/03\/Biologist-from-Pixabay-1024x683.jpg\" class=\"attachment-large size-large wp-image-592\" alt=\"Forest Analysis and Classification\" srcset=\"https:\/\/comfor.iefc.net\/wp-content\/uploads\/2021\/03\/Biologist-from-Pixabay-1024x683.jpg 1024w, https:\/\/comfor.iefc.net\/wp-content\/uploads\/2021\/03\/Biologist-from-Pixabay-300x200.jpg 300w, https:\/\/comfor.iefc.net\/wp-content\/uploads\/2021\/03\/Biologist-from-Pixabay-768x513.jpg 768w, https:\/\/comfor.iefc.net\/wp-content\/uploads\/2021\/03\/Biologist-from-Pixabay-1536x1025.jpg 1536w, https:\/\/comfor.iefc.net\/wp-content\/uploads\/2021\/03\/Biologist-from-Pixabay-2048x1367.jpg 2048w, https:\/\/comfor.iefc.net\/wp-content\/uploads\/2021\/03\/Biologist-from-Pixabay-770x514.jpg 770w, https:\/\/comfor.iefc.net\/wp-content\/uploads\/2021\/03\/Biologist-from-Pixabay-370x247.jpg 370w\" sizes=\"(max-width: 1024px) 100vw, 1024px\" \/>\t\t\t\t\t\t\t\t\t\t\t\t\t\t\t<\/div>\n\t\t\t\t<\/div>\n\t\t\t\t\t<\/div>\n\t\t<\/div>\n\t\t\t\t\t<\/div>\n\t\t<\/section>\n\t\t\t\t<section class=\"elementor-section elementor-top-section elementor-element elementor-element-739b132 elementor-section-boxed elementor-section-height-default elementor-section-height-default\" data-id=\"739b132\" data-element_type=\"section\" data-e-type=\"section\">\n\t\t\t\t\t\t<div class=\"elementor-container elementor-column-gap-default\">\n\t\t\t\t\t<div class=\"elementor-column elementor-col-100 elementor-top-column elementor-element elementor-element-84c9859\" data-id=\"84c9859\" data-element_type=\"column\" data-e-type=\"column\">\n\t\t\t<div class=\"elementor-widget-wrap elementor-element-populated\">\n\t\t\t\t\t\t<div class=\"elementor-element elementor-element-86d155e elementor-widget elementor-widget-spacer\" data-id=\"86d155e\" data-element_type=\"widget\" data-e-type=\"widget\" data-widget_type=\"spacer.default\">\n\t\t\t\t<div class=\"elementor-widget-container\">\n\t\t\t\t\t\t\t<div class=\"elementor-spacer\">\n\t\t\t<div class=\"elementor-spacer-inner\"><\/div>\n\t\t<\/div>\n\t\t\t\t\t\t<\/div>\n\t\t\t\t<\/div>\n\t\t\t\t\t<\/div>\n\t\t<\/div>\n\t\t\t\t\t<\/div>\n\t\t<\/section>\n\t\t\t\t<section class=\"elementor-section elementor-top-section elementor-element elementor-element-5cb612c elementor-section-boxed elementor-section-height-default elementor-section-height-default\" data-id=\"5cb612c\" data-element_type=\"section\" data-e-type=\"section\">\n\t\t\t\t\t\t<div class=\"elementor-container elementor-column-gap-default\">\n\t\t\t\t\t<div class=\"elementor-column elementor-col-100 elementor-top-column elementor-element elementor-element-634ff8f\" data-id=\"634ff8f\" data-element_type=\"column\" data-e-type=\"column\">\n\t\t\t<div class=\"elementor-widget-wrap elementor-element-populated\">\n\t\t\t\t\t\t<div class=\"elementor-element elementor-element-a737acd elementor-widget elementor-widget-text-editor\" data-id=\"a737acd\" data-element_type=\"widget\" data-e-type=\"widget\" data-widget_type=\"text-editor.default\">\n\t\t\t\t<div class=\"elementor-widget-container\">\n\t\t\t\t\t\t\t\t\t<h2><span style=\"color: #fcd606;\"><strong>Actividades del grupo GT1<\/strong><\/span><\/h2><ul><li>Caracterizaci\u00f3n de bosques complejos en SUDOE mediante an\u00e1lisis del inventario forestal nacional de los pa\u00edses participantes .<\/li><li>Caracterizaci\u00f3n de los efectos de la mezcla de especies en bosques mixtos supramediterr\u00e1neos.<\/li><li>Caracterizaci\u00f3n de taxones m\u00faltiples de bosques complejos en el \u00e1rea piloto atl\u00e1ntica de SUDOE.<\/li><li>S\u00edntesis de metodolog\u00edas para la caracterizaci\u00f3n de bosques complejos a diferentes escalas.<\/li><li>Procesamiento de datos que aportan las tecnolog\u00edas LiDAR.<\/li><li>Revisi\u00f3n bibliogr\u00e1fica de metodolog\u00edas para la caracterizaci\u00f3n de la diversidad estructural y compositiva con las tecnolog\u00edas LiDAR.<\/li><li>Desarrollo de algoritmos complejos para clasificaci\u00f3n de bosques con las tecnolog\u00edas LiDAR.<\/li><li>Revisi\u00f3n bibliogr\u00e1fica de metodolog\u00edas para la integraci\u00f3n de nubes de puntos TLS y UAV.<\/li><li>Localizaci\u00f3n y topograf\u00eda de \u00e1reas piloto (marteloscopios) mediante t\u00e9cnicas TLS y UAV.<\/li><li>Procesamiento e integraci\u00f3n de TLS y nubes de puntos UAV.<\/li><li>Definici\u00f3n de la tipolog\u00eda seg\u00fan la estructura y la diversidad de los bosques complejos.<\/li><li>An\u00e1lisis de la relaci\u00f3n entre estructura y riesgos para la prestaci\u00f3n de servicios ambientales en los bosques complejos.<\/li><li>An\u00e1lisis de diferentes intentos de manejo forestal para controlar el riesgo de incendio en bosques complejos.<\/li><li>Identificaci\u00f3n de par\u00e1metros de comportamiento del fuego \u00fatiles para la planificaci\u00f3n forestal en bosques complejos.<\/li><li>Justificaci\u00f3n de tratamientos forestales para reducir el riesgo de incendios forestales complejos.<\/li><li>Resistencia de bosques complejos a plagas y pat\u00f3genos ex\u00f3ticos.<\/li><li>Evaluar la capacidad de los modelos de crecimiento<\/li><li>Mejora de la din\u00e1mica y modelos y simuladores de crecimiento para simular la din\u00e1mica de mezclas complejas.<\/li><li>Integrar modelos complejos de crecimiento forestal en herramientas de simulaci\u00f3n.<\/li><li>Desarrollo e integraci\u00f3n de un algoritmo de riesgo con herramientas de simulaci\u00f3n.<\/li><\/ul>\t\t\t\t\t\t\t\t<\/div>\n\t\t\t\t<\/div>\n\t\t\t\t\t<\/div>\n\t\t<\/div>\n\t\t\t\t\t<\/div>\n\t\t<\/section>\n\t\t\t\t<section class=\"elementor-section elementor-top-section elementor-element elementor-element-5b2f8e7 elementor-section-boxed elementor-section-height-default elementor-section-height-default\" data-id=\"5b2f8e7\" data-element_type=\"section\" data-e-type=\"section\">\n\t\t\t\t\t\t<div class=\"elementor-container elementor-column-gap-default\">\n\t\t\t\t\t<div class=\"elementor-column elementor-col-100 elementor-top-column elementor-element elementor-element-ab5a5be\" data-id=\"ab5a5be\" data-element_type=\"column\" data-e-type=\"column\">\n\t\t\t<div class=\"elementor-widget-wrap elementor-element-populated\">\n\t\t\t\t\t\t<div class=\"elementor-element elementor-element-6849a84 elementor-widget elementor-widget-text-editor\" data-id=\"6849a84\" data-element_type=\"widget\" data-e-type=\"widget\" data-widget_type=\"text-editor.default\">\n\t\t\t\t<div class=\"elementor-widget-container\">\n\t\t\t\t\t\t\t\t\t<h2><span style=\"color: #fcd606;\"><strong>Actividades del grupo GT2<\/strong><\/span><\/h2><ul><li>An\u00e1lisis de l\u00ednea base para la valoraci\u00f3n y contabilizaci\u00f3n de los bosques complejos y no complejos en SUDOE.<\/li><li>Identificaci\u00f3n de t\u00e9cnicas de valoraci\u00f3n del capital natural de los bosques SUDOE complejos y no complejos.<\/li><li>Revisi\u00f3n bibliogr\u00e1fica sistem\u00e1tica de las metodolog\u00edas para recopilar significados del lugar de los bosques complejos y su percepci\u00f3n.<\/li><li>Laboratorios de aprendizaje en las \u00e1reas piloto de SUDOE. Vinculaci\u00f3n de grupos sociales a bosques complejos.<\/li><li>Evento de triangulaci\u00f3n y s\u00edntesis sobre los significados sociales que se perciben sobre los bosques complejos en el SUDOE.<\/li><li>Integraci\u00f3n de informaci\u00f3n en un sistema de contabilidad del capital natural (SCN por sus siglas en ingl\u00e9s).<\/li><li><span style=\"color: #1d1d1b;\">Cursos de formaci\u00f3n de valoraci\u00f3n del capital natural para agentes p\u00fablicos y privados. Transferencia de conocimiento.<\/span><\/li><\/ul>\t\t\t\t\t\t\t\t<\/div>\n\t\t\t\t<\/div>\n\t\t\t\t\t<\/div>\n\t\t<\/div>\n\t\t\t\t\t<\/div>\n\t\t<\/section>\n\t\t\t\t<section class=\"elementor-section elementor-top-section elementor-element elementor-element-e0b091b elementor-section-boxed elementor-section-height-default elementor-section-height-default\" data-id=\"e0b091b\" data-element_type=\"section\" data-e-type=\"section\">\n\t\t\t\t\t\t<div class=\"elementor-container elementor-column-gap-default\">\n\t\t\t\t\t<div class=\"elementor-column elementor-col-100 elementor-top-column elementor-element elementor-element-81be744\" data-id=\"81be744\" data-element_type=\"column\" data-e-type=\"column\">\n\t\t\t<div class=\"elementor-widget-wrap elementor-element-populated\">\n\t\t\t\t\t\t<div class=\"elementor-element elementor-element-cb6d29d elementor-widget elementor-widget-text-editor\" data-id=\"cb6d29d\" data-element_type=\"widget\" data-e-type=\"widget\" data-widget_type=\"text-editor.default\">\n\t\t\t\t<div class=\"elementor-widget-container\">\n\t\t\t\t\t\t\t\t\t<h2><strong><span style=\"color: #fcd606;\">Actividades del grupo GT3<\/span><\/strong><\/h2><ul><li>Dise\u00f1o de una base de datos SUDOE sobre bosques complejos y plantaciones mixtas.<\/li><li>Dise\u00f1o y desarrollo web de la red experimental COMFOR-SUDOE.<\/li><li>An\u00e1lisis y descripci\u00f3n de los efectos del manejo en la provisi\u00f3n de servicios ecosist\u00e9micos de los bosques complejos de SUDOE.<\/li><li>Caracterizaci\u00f3n f\u00edsico-qu\u00edmica de las propiedades del suelo de bosques complejos bajo diferentes tratamientos de gesti\u00f3n.<\/li><li>Integraci\u00f3n de la experiencia de gestores y propietarios de plantaciones mixtas.<\/li><li>Dise\u00f1o del protocolo de plantaci\u00f3n de especies mixtas y establecimiento de una plantaci\u00f3n de especies mixtas en SUDOE.<\/li><li>Creaci\u00f3n de lugares piloto para la diversificaci\u00f3n de su estructura y composici\u00f3n con fines de conservaci\u00f3n y producci\u00f3n.<\/li><li>Evento para analizar los resultados de los lugares piloto para la diversificaci\u00f3n de la estructura y composici\u00f3n de los bosques en la SUDOE.<\/li><li>Instalaci\u00f3n de dos marteloscopios en los bosques complejos de SUDOE.<\/li><li>Desarrollo de una aplicaci\u00f3n m\u00f3vil para apoyar la toma de decisiones en bosques complejos.<\/li><\/ul>\t\t\t\t\t\t\t\t<\/div>\n\t\t\t\t<\/div>\n\t\t\t\t\t<\/div>\n\t\t<\/div>\n\t\t\t\t\t<\/div>\n\t\t<\/section>\n\t\t\t\t<section class=\"elementor-section elementor-top-section elementor-element elementor-element-7f88fbf elementor-section-boxed elementor-section-height-default elementor-section-height-default\" data-id=\"7f88fbf\" data-element_type=\"section\" data-e-type=\"section\">\n\t\t\t\t\t\t<div class=\"elementor-container elementor-column-gap-default\">\n\t\t\t\t\t<div class=\"elementor-column elementor-col-100 elementor-top-column elementor-element elementor-element-1e805c1\" data-id=\"1e805c1\" data-element_type=\"column\" data-e-type=\"column\">\n\t\t\t<div class=\"elementor-widget-wrap elementor-element-populated\">\n\t\t\t\t\t\t<div class=\"elementor-element elementor-element-a8dd5d9 elementor-widget elementor-widget-text-editor\" data-id=\"a8dd5d9\" data-element_type=\"widget\" data-e-type=\"widget\" data-widget_type=\"text-editor.default\">\n\t\t\t\t<div class=\"elementor-widget-container\">\n\t\t\t\t\t\t\t\t\t<h2><strong><span style=\"color: #fcd606;\">Actividades del grupo GT4<\/span><\/strong><\/h2><ul><li>Evento de debate para crear la plataforma de especializaci\u00f3n inteligente en los bosques complejos de SUDOE.<\/li><li>Creaci\u00f3n del grupo de trabajo que coordine a las organizaciones involucradas en la evaluaci\u00f3n del capital natural de los ecosistemas forestales.<\/li><li>Evento (taller, conferencia, o congreso) para la transferencia del conocimiento sobre la valoraci\u00f3n de servicios ambientales en los ecosistemas forestales.<\/li><li>Interdependencia social, ecol\u00f3gica y econ\u00f3mica de los servicios ambientales en los bosques complejos.<\/li><li>S\u00edntesis de una estrategia de profesionalizaci\u00f3n y especializaci\u00f3n inteligente para el manejo y conservaci\u00f3n de bosques complejos en SUDOE.<\/li><\/ul>\t\t\t\t\t\t\t\t<\/div>\n\t\t\t\t<\/div>\n\t\t\t\t\t<\/div>\n\t\t<\/div>\n\t\t\t\t\t<\/div>\n\t\t<\/section>\n\t\t\t\t<section class=\"elementor-section elementor-top-section elementor-element elementor-element-bb6d500 elementor-section-boxed elementor-section-height-default elementor-section-height-default\" data-id=\"bb6d500\" data-element_type=\"section\" data-e-type=\"section\">\n\t\t\t\t\t\t<div class=\"elementor-container elementor-column-gap-default\">\n\t\t\t\t\t<div class=\"elementor-column elementor-col-100 elementor-top-column elementor-element elementor-element-d167a53\" data-id=\"d167a53\" data-element_type=\"column\" data-e-type=\"column\">\n\t\t\t<div class=\"elementor-widget-wrap elementor-element-populated\">\n\t\t\t\t\t\t<div class=\"elementor-element elementor-element-1d37d84 elementor-widget-divider--separator-type-pattern elementor-widget-divider--no-spacing elementor-widget-divider--view-line elementor-widget elementor-widget-divider\" data-id=\"1d37d84\" data-element_type=\"widget\" data-e-type=\"widget\" data-widget_type=\"divider.default\">\n\t\t\t\t<div class=\"elementor-widget-container\">\n\t\t\t\t\t\t\t<div class=\"elementor-divider\" style=\"--divider-pattern-url: url(&quot;data:image\/svg+xml,%3Csvg xmlns=&#039;http:\/\/www.w3.org\/2000\/svg&#039; preserveAspectRatio=&#039;xMidYMid meet&#039; overflow=&#039;visible&#039; height=&#039;100%&#039; viewBox=&#039;0 0 117 26&#039; fill=&#039;black&#039; stroke=&#039;none&#039;%3E%3Cpath d=&#039;M3,1.5C5,4.9,6,8.8,6,13s-1.7,8.1-5,11.5C0.3,21.1,0,17.2,0,13S1,4.9,3,1.5z M16,1.5c2,3.4,3,7.3,3,11.5s-1,8.1-3,11.5c-2-4.1-3-8.3-3-12.5S14,4.3,16,1.5z M29,1.5c2,4.8,3,9.3,3,13.5s-1,7.4-3,9.5c-2-3.4-3-7.3-3-11.5S27,4.9,29,1.5z M41.1,1.5C43.7,4.9,45,8.8,45,13s-1,8.1-3,11.5c-2-3.4-3-7.3-3-11.5S39.7,4.9,41.1,1.5zM55,1.5c2,2.8,3,6.3,3,10.5s-1.3,8.4-4,12.5c-1.3-3.4-2-7.3-2-11.5S53,4.9,55,1.5z M68,1.5c2,3.4,3,7.3,3,11.5s-0.7,8.1-2,11.5c-2.7-4.8-4-9.3-4-13.5S66,3.6,68,1.5z M82,1.5c1.3,4.8,2,9.3,2,13.5s-1,7.4-3,9.5c-2-3.4-3-7.3-3-11.5S79.3,4.9,82,1.5z M94,1.5c2,3.4,3,7.3,3,11.5s-1.3,8.1-4,11.5c-1.3-1.4-2-4.3-2-8.5S92,6.9,94,1.5z M107,1.5c2,2.1,3,5.3,3,9.5s-0.7,8.7-2,13.5c-2.7-3.4-4-7.3-4-11.5S105,4.9,107,1.5z&#039;\/%3E%3C\/svg%3E&quot;);\">\n\t\t\t<span class=\"elementor-divider-separator\">\n\t\t\t\t\t\t<\/span>\n\t\t<\/div>\n\t\t\t\t\t\t<\/div>\n\t\t\t\t<\/div>\n\t\t\t\t\t<\/div>\n\t\t<\/div>\n\t\t\t\t\t<\/div>\n\t\t<\/section>\n\t\t\t\t<section class=\"elementor-section elementor-top-section elementor-element elementor-element-3d6e775 elementor-section-boxed elementor-section-height-default elementor-section-height-default\" data-id=\"3d6e775\" data-element_type=\"section\" data-e-type=\"section\">\n\t\t\t\t\t\t<div class=\"elementor-container elementor-column-gap-default\">\n\t\t\t\t\t<div class=\"elementor-column elementor-col-100 elementor-top-column elementor-element elementor-element-94ec782\" data-id=\"94ec782\" data-element_type=\"column\" data-e-type=\"column\">\n\t\t\t<div class=\"elementor-widget-wrap elementor-element-populated\">\n\t\t\t\t\t\t<div class=\"elementor-element elementor-element-d3c00d0 elementor-widget elementor-widget-text-editor\" data-id=\"d3c00d0\" data-element_type=\"widget\" data-e-type=\"widget\" data-widget_type=\"text-editor.default\">\n\t\t\t\t<div class=\"elementor-widget-container\">\n\t\t\t\t\t\t\t\t\t<p>Cr\u00e9ditos: fotograf\u00eda de Raxpixel.<\/p>\t\t\t\t\t\t\t\t<\/div>\n\t\t\t\t<\/div>\n\t\t\t\t\t<\/div>\n\t\t<\/div>\n\t\t\t\t\t<\/div>\n\t\t<\/section>\n\t\t\t\t<\/div>\n\t\t","protected":false},"excerpt":{"rendered":"<p>Actividades y entregables Actividades del grupo GT1 Caracterizaci\u00f3n de bosques complejos en SUDOE mediante an\u00e1lisis del inventario forestal nacional de los pa\u00edses participantes . Caracterizaci\u00f3n de los efectos de la [&hellip;]<\/p>\n","protected":false},"author":3,"featured_media":0,"parent":0,"menu_order":0,"comment_status":"closed","ping_status":"closed","template":"","meta":{"site-sidebar-layout":"default","site-content-layout":"default","ast-site-content-layout":"","site-content-style":"default","site-sidebar-style":"default","ast-global-header-display":"","ast-banner-title-visibility":"","ast-main-header-display":"","ast-hfb-above-header-display":"","ast-hfb-below-header-display":"","ast-hfb-mobile-header-display":"","site-post-title":"","ast-breadcrumbs-content":"","ast-featured-img":"","footer-sml-layout":"","theme-transparent-header-meta":"default","adv-header-id-meta":"","stick-header-meta":"","header-above-stick-meta":"","header-main-stick-meta":"","header-below-stick-meta":"","astra-migrate-meta-layouts":"default","ast-page-background-enabled":"default","ast-page-background-meta":{"desktop":{"background-color":"var(--ast-global-color-4)","background-image":"","background-repeat":"repeat","background-position":"center center","background-size":"auto","background-attachment":"scroll","background-type":"","background-media":"","overlay-type":"","overlay-color":"","overlay-gradient":""},"tablet":{"background-color":"","background-image":"","background-repeat":"repeat","background-position":"center center","background-size":"auto","background-attachment":"scroll","background-type":"","background-media":"","overlay-type":"","overlay-color":"","overlay-gradient":""},"mobile":{"background-color":"","background-image":"","background-repeat":"repeat","background-position":"center center","background-size":"auto","background-attachment":"scroll","background-type":"","background-media":"","overlay-type":"","overlay-color":"","overlay-gradient":""}},"ast-content-background-meta":{"desktop":{"background-color":"var(--ast-global-color-5)","background-image":"","background-repeat":"repeat","background-position":"center center","background-size":"auto","background-attachment":"scroll","background-type":"","background-media":"","overlay-type":"","overlay-color":"","overlay-gradient":""},"tablet":{"background-color":"var(--ast-global-color-5)","background-image":"","background-repeat":"repeat","background-position":"center center","background-size":"auto","background-attachment":"scroll","background-type":"","background-media":"","overlay-type":"","overlay-color":"","overlay-gradient":""},"mobile":{"background-color":"var(--ast-global-color-5)","background-image":"","background-repeat":"repeat","background-position":"center center","background-size":"auto","background-attachment":"scroll","background-type":"","background-media":"","overlay-type":"","overlay-color":"","overlay-gradient":""}},"footnotes":""},"class_list":["post-1541","page","type-page","status-publish","hentry"],"_links":{"self":[{"href":"https:\/\/comfor.iefc.net\/es\/wp-json\/wp\/v2\/pages\/1541","targetHints":{"allow":["GET"]}}],"collection":[{"href":"https:\/\/comfor.iefc.net\/es\/wp-json\/wp\/v2\/pages"}],"about":[{"href":"https:\/\/comfor.iefc.net\/es\/wp-json\/wp\/v2\/types\/page"}],"author":[{"embeddable":true,"href":"https:\/\/comfor.iefc.net\/es\/wp-json\/wp\/v2\/users\/3"}],"replies":[{"embeddable":true,"href":"https:\/\/comfor.iefc.net\/es\/wp-json\/wp\/v2\/comments?post=1541"}],"version-history":[{"count":20,"href":"https:\/\/comfor.iefc.net\/es\/wp-json\/wp\/v2\/pages\/1541\/revisions"}],"predecessor-version":[{"id":1561,"href":"https:\/\/comfor.iefc.net\/es\/wp-json\/wp\/v2\/pages\/1541\/revisions\/1561"}],"wp:attachment":[{"href":"https:\/\/comfor.iefc.net\/es\/wp-json\/wp\/v2\/media?parent=1541"}],"curies":[{"name":"wp","href":"https:\/\/api.w.org\/{rel}","templated":true}]}}