{"id":1231,"date":"2021-02-03T12:21:31","date_gmt":"2021-02-03T11:21:31","guid":{"rendered":"http:\/\/www.comfor-sudoe.eu\/home\/"},"modified":"2023-02-03T09:56:44","modified_gmt":"2023-02-03T08:56:44","slug":"home","status":"publish","type":"page","link":"https:\/\/comfor.iefc.net\/es\/","title":{"rendered":""},"content":{"rendered":"\t\t<div data-elementor-type=\"wp-page\" data-elementor-id=\"1231\" class=\"elementor elementor-1231\">\n\t\t\t\t\t\t<section class=\"elementor-section elementor-top-section elementor-element elementor-element-50fcaec elementor-section-boxed elementor-section-height-default elementor-section-height-default\" data-id=\"50fcaec\" data-element_type=\"section\" data-e-type=\"section\">\n\t\t\t\t\t\t<div class=\"elementor-container elementor-column-gap-default\">\n\t\t\t\t\t<div class=\"elementor-column elementor-col-100 elementor-top-column elementor-element elementor-element-086054e\" data-id=\"086054e\" data-element_type=\"column\" data-e-type=\"column\">\n\t\t\t<div class=\"elementor-widget-wrap elementor-element-populated\">\n\t\t\t\t\t\t<div class=\"elementor-element elementor-element-56d537a elementor-widget elementor-widget-image\" data-id=\"56d537a\" data-element_type=\"widget\" data-e-type=\"widget\" data-widget_type=\"image.default\">\n\t\t\t\t<div class=\"elementor-widget-container\">\n\t\t\t\t\t\t\t\t\t\t\t\t\t\t\t\t<a href=\"https:\/\/bdd.iefc.net\/mixed-forest-plantations-survey\/index.php?langue=es\" target=\"_blank\">\n\t\t\t\t\t\t\t<img fetchpriority=\"high\" decoding=\"async\" width=\"970\" height=\"250\" src=\"https:\/\/comfor.iefc.net\/wp-content\/uploads\/2021\/12\/Banniere-enquete-COMFOR-SUDUOE_ES.png\" class=\"attachment-large size-large wp-image-2352\" alt=\"\" srcset=\"https:\/\/comfor.iefc.net\/wp-content\/uploads\/2021\/12\/Banniere-enquete-COMFOR-SUDUOE_ES.png 970w, https:\/\/comfor.iefc.net\/wp-content\/uploads\/2021\/12\/Banniere-enquete-COMFOR-SUDUOE_ES-300x77.png 300w, https:\/\/comfor.iefc.net\/wp-content\/uploads\/2021\/12\/Banniere-enquete-COMFOR-SUDUOE_ES-768x198.png 768w, https:\/\/comfor.iefc.net\/wp-content\/uploads\/2021\/12\/Banniere-enquete-COMFOR-SUDUOE_ES-770x198.png 770w, https:\/\/comfor.iefc.net\/wp-content\/uploads\/2021\/12\/Banniere-enquete-COMFOR-SUDUOE_ES-370x95.png 370w\" sizes=\"(max-width: 970px) 100vw, 970px\" \/>\t\t\t\t\t\t\t\t<\/a>\n\t\t\t\t\t\t\t\t\t\t\t\t\t\t\t<\/div>\n\t\t\t\t<\/div>\n\t\t\t\t\t<\/div>\n\t\t<\/div>\n\t\t\t\t\t<\/div>\n\t\t<\/section>\n\t\t\t\t<section class=\"elementor-section elementor-top-section elementor-element elementor-element-3edd1179 elementor-section-content-middle elementor-section-height-min-height elementor-section-boxed elementor-section-height-default elementor-section-items-middle\" data-id=\"3edd1179\" data-element_type=\"section\" data-e-type=\"section\" data-settings=\"{&quot;background_background&quot;:&quot;video&quot;,&quot;background_video_link&quot;:&quot;https:\\\/\\\/youtu.be\\\/V3KjrYfquTY&quot;,&quot;background_play_on_mobile&quot;:&quot;yes&quot;,&quot;background_video_start&quot;:0}\">\n\t\t\t\t\t\t\t\t<div class=\"elementor-background-video-container\">\n\t\t\t\t\t\t\t\t\t\t\t\t\t<div class=\"elementor-background-video-embed\" role=\"presentation\"><\/div>\n\t\t\t\t\t\t\t\t\t\t\t\t<\/div>\n\t\t\t\t\t\t\t\t\t<div class=\"elementor-background-overlay\"><\/div>\n\t\t\t\t\t\t\t<div class=\"elementor-container elementor-column-gap-no\">\n\t\t\t\t\t<div class=\"elementor-column elementor-col-100 elementor-top-column elementor-element elementor-element-631c81a9\" data-id=\"631c81a9\" data-element_type=\"column\" data-e-type=\"column\">\n\t\t\t<div class=\"elementor-widget-wrap elementor-element-populated\">\n\t\t\t\t\t\t<div class=\"elementor-element elementor-element-3cf8d6d4 elementor-invisible elementor-widget elementor-widget-heading\" data-id=\"3cf8d6d4\" data-element_type=\"widget\" data-e-type=\"widget\" data-settings=\"{&quot;_animation&quot;:&quot;fadeIn&quot;}\" data-widget_type=\"heading.default\">\n\t\t\t\t<div class=\"elementor-widget-container\">\n\t\t\t\t\t<h5 class=\"elementor-heading-title elementor-size-medium\">Gesti\u00f3n integrada e inteligente de la informaci\u00f3n sobre los bosques complejos \ny plantaciones mixtas del SUDOE.<\/h5>\t\t\t\t<\/div>\n\t\t\t\t<\/div>\n\t\t\t\t<div class=\"elementor-element elementor-element-6d2d5031 elementor-widget-divider--view-line elementor-invisible elementor-widget elementor-widget-divider\" data-id=\"6d2d5031\" data-element_type=\"widget\" data-e-type=\"widget\" data-settings=\"{&quot;_animation&quot;:&quot;fadeInUp&quot;}\" data-widget_type=\"divider.default\">\n\t\t\t\t<div class=\"elementor-widget-container\">\n\t\t\t\t\t\t\t<div class=\"elementor-divider\">\n\t\t\t<span class=\"elementor-divider-separator\">\n\t\t\t\t\t\t<\/span>\n\t\t<\/div>\n\t\t\t\t\t\t<\/div>\n\t\t\t\t<\/div>\n\t\t\t\t<div class=\"elementor-element elementor-element-463a08ea elementor-invisible elementor-widget elementor-widget-heading\" data-id=\"463a08ea\" data-element_type=\"widget\" data-e-type=\"widget\" data-settings=\"{&quot;_animation&quot;:&quot;fadeIn&quot;}\" data-widget_type=\"heading.default\">\n\t\t\t\t<div class=\"elementor-widget-container\">\n\t\t\t\t\t<h1 class=\"elementor-heading-title elementor-size-xxl\">COMFOR SUDOE<\/h1>\t\t\t\t<\/div>\n\t\t\t\t<\/div>\n\t\t\t\t<div class=\"elementor-element elementor-element-76e96282 elementor-invisible elementor-widget elementor-widget-text-editor\" data-id=\"76e96282\" data-element_type=\"widget\" data-e-type=\"widget\" data-settings=\"{&quot;_animation&quot;:&quot;fadeIn&quot;}\" data-widget_type=\"text-editor.default\">\n\t\t\t\t<div class=\"elementor-widget-container\">\n\t\t\t\t\t\t\t\t\t<p>el objetivo del proyecto es potenciar los bosques complejos (mixtos e irregulares)\u00a0 as\u00ed como la plantaci\u00f3n de especies variadas como una estrategia de adaptaci\u00f3n que, gracias a la obtenci\u00f3n de masas boscosas resilientes, de respuesta al cambio clim\u00e1tico y a la disminuci\u00f3n de la biodiversidad.<\/p>\n<p>El proyecto se lanz\u00f3 para fomentar las sinergias y fortalecer una red que una transnacionalmente la investigaci\u00f3n y la innovaci\u00f3n en sectores espec\u00edficos del Sudoeste Europeo (SUDOE). Se trata de promover un crecimiento inteligente y sostenible mediante la promoci\u00f3n de la investigaci\u00f3n, el desarrollo, la innovaci\u00f3n y la transferencia tecnol\u00f3gica.<\/p>\t\t\t\t\t\t\t\t<\/div>\n\t\t\t\t<\/div>\n\t\t\t\t<div class=\"elementor-element elementor-element-79caa254 elementor-widget elementor-widget-spacer\" data-id=\"79caa254\" data-element_type=\"widget\" data-e-type=\"widget\" data-widget_type=\"spacer.default\">\n\t\t\t\t<div class=\"elementor-widget-container\">\n\t\t\t\t\t\t\t<div class=\"elementor-spacer\">\n\t\t\t<div class=\"elementor-spacer-inner\"><\/div>\n\t\t<\/div>\n\t\t\t\t\t\t<\/div>\n\t\t\t\t<\/div>\n\t\t\t\t\t<\/div>\n\t\t<\/div>\n\t\t\t\t\t<\/div>\n\t\t<\/section>\n\t\t\t\t<section class=\"elementor-section elementor-top-section elementor-element elementor-element-3d29f29d elementor-section-boxed elementor-section-height-default elementor-section-height-default\" data-id=\"3d29f29d\" data-element_type=\"section\" data-e-type=\"section\">\n\t\t\t\t\t\t<div class=\"elementor-container elementor-column-gap-default\">\n\t\t\t\t\t<div class=\"elementor-column elementor-col-100 elementor-top-column elementor-element elementor-element-141b0284\" data-id=\"141b0284\" data-element_type=\"column\" data-e-type=\"column\">\n\t\t\t<div class=\"elementor-widget-wrap elementor-element-populated\">\n\t\t\t\t\t\t<div class=\"elementor-element elementor-element-d401fbd elementor-widget elementor-widget-video\" data-id=\"d401fbd\" data-element_type=\"widget\" data-e-type=\"widget\" data-settings=\"{&quot;youtube_url&quot;:&quot;https:\\\/\\\/youtu.be\\\/IdzyB8TbIuI&quot;,&quot;video_type&quot;:&quot;youtube&quot;,&quot;controls&quot;:&quot;yes&quot;}\" data-widget_type=\"video.default\">\n\t\t\t\t<div class=\"elementor-widget-container\">\n\t\t\t\t\t\t\t<div class=\"elementor-wrapper elementor-open-inline\">\n\t\t\t<div class=\"elementor-video\"><\/div>\t\t<\/div>\n\t\t\t\t\t\t<\/div>\n\t\t\t\t<\/div>\n\t\t\t\t<div class=\"elementor-element elementor-element-1957c311 elementor-widget elementor-widget-text-editor\" data-id=\"1957c311\" data-element_type=\"widget\" data-e-type=\"widget\" data-widget_type=\"text-editor.default\">\n\t\t\t\t<div class=\"elementor-widget-container\">\n\t\t\t\t\t\t\t\t\t<p><\/p>\n<p><span style=\"color: #fdc606;\"><strong>T\u00edtulo Completo:<\/strong>\u00a0<\/span>Gesti\u00f3n integrada e inteligente de la informaci\u00f3n sobre los bosques complejos y plantaciones mixtas del SUDOE.<\/p>\n<p><span style=\"color: #fcd606;\"><strong>C\u00f3digo de Proyecto:<\/strong><\/span> SOE4\/P1\/E1012<\/p>\n<p><span style=\"color: #fdc606;\"><strong>Duraci\u00f3n:<\/strong><\/span> 1 de noviembre 2020\u00a0 al 28 de febrero de 2023<\/p>\n<p><span style=\"color: #fdc606;\"><strong>Presupuesto FEDER: <\/strong><span style=\"color: #1d1d1b;\">1 289 211.57 \u20ac<\/span><strong><br \/><\/strong><\/span><\/p>\n<p><\/p>\n<p><span style=\"color: #fdc606;\"><strong>Socios: <\/strong><\/span>AGENCIA ESTATAL CONSEJO SUPERIOR DE INVESTIGACIONES CIENTIFICAS | UNIVERSIDAD DE OVIEDO | ECOACSA RESERVA DE BIODIVERSIDAD, S.L. | INSTITUT EUROPEEN DE LA FORET CULTIVEE | INSTITUTO SUPERIOR DE AGRONOMIA | UNIVERSIDAD DE VALLADOLID | AGRESTA SOCIEDAD COOPERATIVA | INSTITUT NATIONAL DE RECHERCHE POUR L\u2019AGRICULTURE, L\u2019ALIMENTATION ET L\u2019ENVIRONEMENT | CENTRO TECNOLOGICO AGRARIO Y AGROALIMENTARIO<\/p>\n<p><span style=\"color: #fdc606;\"><strong>Asociados: <\/strong><\/span>GOBIERNO DE LA RIOJA | CABANEROS PARQUE NACIONAL | JUNTA DE EXTREMADURA | CASTILLA &#8211; LA MANCHA | GOBIERNO DEL PRINCIPADO DE ASTURIAS | JUNTA DE CASTILLA Y LEON | UNION DE SELVICULTORES DEL SUR DE EUROPA, A.E.I.E. | ASOCIACION DE PROPIETARIOS FORESTALES DE ASTURIAS | INSTITUTO VASCO DE INVESTIGACION Y DESARROLLO AGRARIO \u2013 NEIKER \u2013 TECNALIA | NATIONAL DE L\u2019INFORMATION GEOGRAPHIQUE ET FORESTIERE | INSTITUTO DA CONSERVACAO DA NATUREZA E DAS FLORESTAS, I.P. | UNIAO DA FLORESTA MEDITERRANICA | ASSOCIACAO NATUREZA PORTUGAL, EN ASOCIACION CON WWF<\/p>\n<p><\/p>\n<p><span style=\"color: #fdc606;\"><strong>Palabras clave: <\/strong><span style=\"color: #000000;\">Bosques complejos, Servicios Ecosist\u00e9<\/span><\/span><\/p>\t\t\t\t\t\t\t\t<\/div>\n\t\t\t\t<\/div>\n\t\t\t\t\t<\/div>\n\t\t<\/div>\n\t\t\t\t\t<\/div>\n\t\t<\/section>\n\t\t\t\t<section class=\"elementor-section elementor-top-section elementor-element elementor-element-2c16aa7 elementor-section-boxed elementor-section-height-default elementor-section-height-default\" data-id=\"2c16aa7\" data-element_type=\"section\" data-e-type=\"section\">\n\t\t\t\t\t\t<div class=\"elementor-container elementor-column-gap-default\">\n\t\t\t\t\t<div class=\"elementor-column elementor-col-100 elementor-top-column elementor-element elementor-element-2ce1af9\" data-id=\"2ce1af9\" data-element_type=\"column\" data-e-type=\"column\">\n\t\t\t<div class=\"elementor-widget-wrap elementor-element-populated\">\n\t\t\t\t\t\t<div class=\"elementor-element elementor-element-5a54e6a elementor-widget-divider--separator-type-pattern elementor-widget-divider--no-spacing elementor-widget-divider--view-line elementor-widget elementor-widget-divider\" data-id=\"5a54e6a\" data-element_type=\"widget\" data-e-type=\"widget\" data-widget_type=\"divider.default\">\n\t\t\t\t<div class=\"elementor-widget-container\">\n\t\t\t\t\t\t\t<div class=\"elementor-divider\" style=\"--divider-pattern-url: url(&quot;data:image\/svg+xml,%3Csvg xmlns=&#039;http:\/\/www.w3.org\/2000\/svg&#039; preserveAspectRatio=&#039;xMidYMid meet&#039; overflow=&#039;visible&#039; height=&#039;100%&#039; viewBox=&#039;0 0 117 26&#039; fill=&#039;black&#039; stroke=&#039;none&#039;%3E%3Cpath d=&#039;M3,1.5C5,4.9,6,8.8,6,13s-1.7,8.1-5,11.5C0.3,21.1,0,17.2,0,13S1,4.9,3,1.5z M16,1.5c2,3.4,3,7.3,3,11.5s-1,8.1-3,11.5c-2-4.1-3-8.3-3-12.5S14,4.3,16,1.5z M29,1.5c2,4.8,3,9.3,3,13.5s-1,7.4-3,9.5c-2-3.4-3-7.3-3-11.5S27,4.9,29,1.5z M41.1,1.5C43.7,4.9,45,8.8,45,13s-1,8.1-3,11.5c-2-3.4-3-7.3-3-11.5S39.7,4.9,41.1,1.5zM55,1.5c2,2.8,3,6.3,3,10.5s-1.3,8.4-4,12.5c-1.3-3.4-2-7.3-2-11.5S53,4.9,55,1.5z M68,1.5c2,3.4,3,7.3,3,11.5s-0.7,8.1-2,11.5c-2.7-4.8-4-9.3-4-13.5S66,3.6,68,1.5z M82,1.5c1.3,4.8,2,9.3,2,13.5s-1,7.4-3,9.5c-2-3.4-3-7.3-3-11.5S79.3,4.9,82,1.5z M94,1.5c2,3.4,3,7.3,3,11.5s-1.3,8.1-4,11.5c-1.3-1.4-2-4.3-2-8.5S92,6.9,94,1.5z M107,1.5c2,2.1,3,5.3,3,9.5s-0.7,8.7-2,13.5c-2.7-3.4-4-7.3-4-11.5S105,4.9,107,1.5z&#039;\/%3E%3C\/svg%3E&quot;);\">\n\t\t\t<span class=\"elementor-divider-separator\">\n\t\t\t\t\t\t<\/span>\n\t\t<\/div>\n\t\t\t\t\t\t<\/div>\n\t\t\t\t<\/div>\n\t\t\t\t\t<\/div>\n\t\t<\/div>\n\t\t\t\t\t<\/div>\n\t\t<\/section>\n\t\t\t\t<section class=\"elementor-section elementor-top-section elementor-element elementor-element-027fee8 elementor-section-boxed elementor-section-height-default elementor-section-height-default\" data-id=\"027fee8\" data-element_type=\"section\" data-e-type=\"section\">\n\t\t\t\t\t\t<div class=\"elementor-container elementor-column-gap-default\">\n\t\t\t\t\t<div class=\"elementor-column elementor-col-100 elementor-top-column elementor-element elementor-element-d3a1f98\" data-id=\"d3a1f98\" data-element_type=\"column\" data-e-type=\"column\">\n\t\t\t<div class=\"elementor-widget-wrap elementor-element-populated\">\n\t\t\t\t\t\t<div class=\"elementor-element elementor-element-163f232 elementor-widget elementor-widget-text-editor\" data-id=\"163f232\" data-element_type=\"widget\" data-e-type=\"widget\" data-widget_type=\"text-editor.default\">\n\t\t\t\t<div class=\"elementor-widget-container\">\n\t\t\t\t\t\t\t\t\t<p>Cr\u00e9ditos: video de Jamboo7809, imagen de transici\u00f3n de Robert Balog y imagen de fondo de Rottonara de Pixabay.<\/p>\t\t\t\t\t\t\t\t<\/div>\n\t\t\t\t<\/div>\n\t\t\t\t\t<\/div>\n\t\t<\/div>\n\t\t\t\t\t<\/div>\n\t\t<\/section>\n\t\t\t\t<\/div>\n\t\t","protected":false},"excerpt":{"rendered":"<p>Gesti\u00f3n integrada e inteligente de la informaci\u00f3n sobre los bosques complejos y plantaciones mixtas del SUDOE. COMFOR SUDOE el objetivo del proyecto es potenciar los bosques complejos (mixtos e irregulares)\u00a0 [&hellip;]<\/p>\n","protected":false},"author":3,"featured_media":0,"parent":0,"menu_order":0,"comment_status":"closed","ping_status":"open","template":"","meta":{"site-sidebar-layout":"default","site-content-layout":"default","ast-site-content-layout":"","site-content-style":"default","site-sidebar-style":"default","ast-global-header-display":"","ast-banner-title-visibility":"","ast-main-header-display":"","ast-hfb-above-header-display":"","ast-hfb-below-header-display":"","ast-hfb-mobile-header-display":"","site-post-title":"","ast-breadcrumbs-content":"","ast-featured-img":"","footer-sml-layout":"","theme-transparent-header-meta":"default","adv-header-id-meta":"","stick-header-meta":"","header-above-stick-meta":"","header-main-stick-meta":"","header-below-stick-meta":"","astra-migrate-meta-layouts":"default","ast-page-background-enabled":"default","ast-page-background-meta":{"desktop":{"background-color":"var(--ast-global-color-4)","background-image":"","background-repeat":"repeat","background-position":"center center","background-size":"auto","background-attachment":"scroll","background-type":"","background-media":"","overlay-type":"","overlay-color":"","overlay-gradient":""},"tablet":{"background-color":"","background-image":"","background-repeat":"repeat","background-position":"center center","background-size":"auto","background-attachment":"scroll","background-type":"","background-media":"","overlay-type":"","overlay-color":"","overlay-gradient":""},"mobile":{"background-color":"","background-image":"","background-repeat":"repeat","background-position":"center center","background-size":"auto","background-attachment":"scroll","background-type":"","background-media":"","overlay-type":"","overlay-color":"","overlay-gradient":""}},"ast-content-background-meta":{"desktop":{"background-color":"var(--ast-global-color-5)","background-image":"","background-repeat":"repeat","background-position":"center center","background-size":"auto","background-attachment":"scroll","background-type":"","background-media":"","overlay-type":"","overlay-color":"","overlay-gradient":""},"tablet":{"background-color":"var(--ast-global-color-5)","background-image":"","background-repeat":"repeat","background-position":"center center","background-size":"auto","background-attachment":"scroll","background-type":"","background-media":"","overlay-type":"","overlay-color":"","overlay-gradient":""},"mobile":{"background-color":"var(--ast-global-color-5)","background-image":"","background-repeat":"repeat","background-position":"center center","background-size":"auto","background-attachment":"scroll","background-type":"","background-media":"","overlay-type":"","overlay-color":"","overlay-gradient":""}},"footnotes":""},"class_list":["post-1231","page","type-page","status-publish","hentry"],"_links":{"self":[{"href":"https:\/\/comfor.iefc.net\/es\/wp-json\/wp\/v2\/pages\/1231","targetHints":{"allow":["GET"]}}],"collection":[{"href":"https:\/\/comfor.iefc.net\/es\/wp-json\/wp\/v2\/pages"}],"about":[{"href":"https:\/\/comfor.iefc.net\/es\/wp-json\/wp\/v2\/types\/page"}],"author":[{"embeddable":true,"href":"https:\/\/comfor.iefc.net\/es\/wp-json\/wp\/v2\/users\/3"}],"replies":[{"embeddable":true,"href":"https:\/\/comfor.iefc.net\/es\/wp-json\/wp\/v2\/comments?post=1231"}],"version-history":[{"count":48,"href":"https:\/\/comfor.iefc.net\/es\/wp-json\/wp\/v2\/pages\/1231\/revisions"}],"predecessor-version":[{"id":2598,"href":"https:\/\/comfor.iefc.net\/es\/wp-json\/wp\/v2\/pages\/1231\/revisions\/2598"}],"wp:attachment":[{"href":"https:\/\/comfor.iefc.net\/es\/wp-json\/wp\/v2\/media?parent=1231"}],"curies":[{"name":"wp","href":"https:\/\/api.w.org\/{rel}","templated":true}]}}